{"id":77,"date":"2021-03-20T14:21:03","date_gmt":"2021-03-20T12:21:03","guid":{"rendered":"https:\/\/librarie.peles.ro\/?post_type=product&#038;p=77"},"modified":"2025-03-20T08:55:20","modified_gmt":"2025-03-20T08:55:20","slug":"armonie-si-grandoare-arta-italiana-la-castelul-peles","status":"publish","type":"product","link":"https:\/\/librarie.peles.ro\/ro\/product\/armonie-si-grandoare-arta-italiana-la-castelul-peles\/","title":{"rendered":"Armonie \u0219i grandoare. Arta italian\u0103 la castelul Pele\u0219"},"content":{"rendered":"<p>Re\u015fedin\u0163a regal\u0103 de la Sinaia, construit\u0103 la comandaregelui Carol I, \u00een perioada 1875-1914, poart\u0103 amprenta, \u00een ceamai mare parte, a contribu\u0163iilor arhitec\u0163ilor \u015fi arti\u015ftilor austrieci \u015fi germani. Sinteza stilistic\u0103 prezent\u0103 \u00een cadrul artelor la sf\u00e2r\u015fitul secolului al XIX-lea, at\u00e2t \u00een arhitectura exterioar\u0103 c\u00e2t \u015fi \u00een cea interioar\u0103, l-a determinat pe comanditar s\u0103 apeleze \u015fi la speciali\u015ftii italieni, cunoscu\u0163i ca arti\u015fti des\u0103v\u00e2r\u015fi\u0163i \u015fi antreprenori \u00een construc\u0163ii, cu mare experien\u0163\u0103.<\/p>\n<p>Editat de Muzeul Na\u0163ional Pele\u015f<br \/>\nCoordonatori: Rodica ROTARESCU, Mircea HORTOPAN<br \/>\nText si catalog: Liliana MANOLIU, Macrina OPROIU, Corina DUMITRACHE, Cornelia DUMITRESCU <\/p>\n","protected":false},"excerpt":{"rendered":"<p>Format: 210&#215;297 mm<br \/>\nNum\u0103r pagini: 140<br \/>\nAnul apari\u0163iei: 2012<\/p>\n","protected":false},"featured_media":78,"comment_status":"open","ping_status":"closed","template":"","meta":[],"product_brand":[],"product_cat":[15],"product_tag":[],"class_list":{"0":"post-77","1":"product","2":"type-product","3":"status-publish","4":"has-post-thumbnail","6":"product_cat-uncategorized","7":"product_shipping_class-livrare_gratuita","9":"first","10":"instock","11":"shipping-taxable","12":"purchasable","13":"product-type-simple"},"yoast_head":"<!-- This site is optimized with the Yoast SEO plugin v27.4 - https:\/\/yoast.com\/product\/yoast-seo-wordpress\/ -->\n<title>Armonie \u0219i grandoare. Arta italian\u0103 la castelul Pele\u0219 - Libr\u0103rie<\/title>\n<meta name=\"robots\" content=\"noindex, follow, max-snippet:-1, max-image-preview:large, max-video-preview:-1\" \/>\n<meta property=\"og:locale\" content=\"ro_RO\" \/>\n<meta property=\"og:type\" content=\"article\" \/>\n<meta property=\"og:title\" content=\"Armonie \u0219i grandoare. Arta italian\u0103 la castelul Pele\u0219 - Libr\u0103rie\" \/>\n<meta property=\"og:description\" content=\"Format: 210x297 mm Num\u0103r pagini: 140 Anul apari\u0163iei: 2012\" \/>\n<meta property=\"og:url\" content=\"https:\/\/librarie.peles.ro\/ro\/product\/armonie-si-grandoare-arta-italiana-la-castelul-peles\/\" \/>\n<meta property=\"og:site_name\" content=\"Libr\u0103rie\" \/>\n<meta property=\"article:publisher\" content=\"https:\/\/www.facebook.com\/muzeulnationalpeles\" \/>\n<meta property=\"article:modified_time\" content=\"2025-03-20T08:55:20+00:00\" \/>\n<meta property=\"og:image\" content=\"https:\/\/librarie.peles.ro\/wp-content\/uploads\/2020\/04\/Arta-italiana.jpg\" \/>\n\t<meta property=\"og:image:width\" content=\"624\" \/>\n\t<meta property=\"og:image:height\" content=\"869\" \/>\n\t<meta property=\"og:image:type\" content=\"image\/jpeg\" \/>\n<meta name=\"twitter:card\" content=\"summary_large_image\" \/>\n<meta name=\"twitter:site\" content=\"@MuzeulP\" \/>\n<meta name=\"twitter:label1\" content=\"Timp estimat pentru citire\" \/>\n\t<meta name=\"twitter:data1\" content=\"1 minut\" \/>\n<script type=\"application\/ld+json\" class=\"yoast-schema-graph\">{\"@context\":\"https:\\\/\\\/schema.org\",\"@graph\":[{\"@type\":\"WebPage\",\"@id\":\"https:\\\/\\\/librarie.peles.ro\\\/product\\\/armonie-si-grandoare-arta-italiana-la-castelul-peles\\\/\",\"url\":\"https:\\\/\\\/librarie.peles.ro\\\/product\\\/armonie-si-grandoare-arta-italiana-la-castelul-peles\\\/\",\"name\":\"Armonie \u0219i grandoare. Arta italian\u0103 la castelul Pele\u0219 - Libr\u0103rie\",\"isPartOf\":{\"@id\":\"https:\\\/\\\/librarie.peles.ro\\\/ro\\\/#website\"},\"primaryImageOfPage\":{\"@id\":\"https:\\\/\\\/librarie.peles.ro\\\/product\\\/armonie-si-grandoare-arta-italiana-la-castelul-peles\\\/#primaryimage\"},\"image\":{\"@id\":\"https:\\\/\\\/librarie.peles.ro\\\/product\\\/armonie-si-grandoare-arta-italiana-la-castelul-peles\\\/#primaryimage\"},\"thumbnailUrl\":\"https:\\\/\\\/librarie.peles.ro\\\/wp-content\\\/uploads\\\/2020\\\/04\\\/Arta-italiana.jpg\",\"datePublished\":\"2021-03-20T12:21:03+00:00\",\"dateModified\":\"2025-03-20T08:55:20+00:00\",\"breadcrumb\":{\"@id\":\"https:\\\/\\\/librarie.peles.ro\\\/product\\\/armonie-si-grandoare-arta-italiana-la-castelul-peles\\\/#breadcrumb\"},\"inLanguage\":\"ro-RO\",\"potentialAction\":[{\"@type\":\"ReadAction\",\"target\":[\"https:\\\/\\\/librarie.peles.ro\\\/product\\\/armonie-si-grandoare-arta-italiana-la-castelul-peles\\\/\"]}]},{\"@type\":\"ImageObject\",\"inLanguage\":\"ro-RO\",\"@id\":\"https:\\\/\\\/librarie.peles.ro\\\/product\\\/armonie-si-grandoare-arta-italiana-la-castelul-peles\\\/#primaryimage\",\"url\":\"https:\\\/\\\/librarie.peles.ro\\\/wp-content\\\/uploads\\\/2020\\\/04\\\/Arta-italiana.jpg\",\"contentUrl\":\"https:\\\/\\\/librarie.peles.ro\\\/wp-content\\\/uploads\\\/2020\\\/04\\\/Arta-italiana.jpg\",\"width\":624,\"height\":869},{\"@type\":\"BreadcrumbList\",\"@id\":\"https:\\\/\\\/librarie.peles.ro\\\/product\\\/armonie-si-grandoare-arta-italiana-la-castelul-peles\\\/#breadcrumb\",\"itemListElement\":[{\"@type\":\"ListItem\",\"position\":1,\"name\":\"Home\",\"item\":\"https:\\\/\\\/librarie.peles.ro\\\/ro\\\/\"},{\"@type\":\"ListItem\",\"position\":2,\"name\":\"Shop\",\"item\":\"https:\\\/\\\/librarie.peles.ro\\\/ro\\\/shop\\\/\"},{\"@type\":\"ListItem\",\"position\":3,\"name\":\"Armonie \u0219i grandoare. Arta italian\u0103 la castelul Pele\u0219\"}]},{\"@type\":\"WebSite\",\"@id\":\"https:\\\/\\\/librarie.peles.ro\\\/ro\\\/#website\",\"url\":\"https:\\\/\\\/librarie.peles.ro\\\/ro\\\/\",\"name\":\"Libr\u0103rie\",\"description\":\"Muzeul Na\u021bional Pele\u0219\",\"publisher\":{\"@id\":\"https:\\\/\\\/librarie.peles.ro\\\/ro\\\/#organization\"},\"potentialAction\":[{\"@type\":\"SearchAction\",\"target\":{\"@type\":\"EntryPoint\",\"urlTemplate\":\"https:\\\/\\\/librarie.peles.ro\\\/ro\\\/?s={search_term_string}\"},\"query-input\":{\"@type\":\"PropertyValueSpecification\",\"valueRequired\":true,\"valueName\":\"search_term_string\"}}],\"inLanguage\":\"ro-RO\"},{\"@type\":\"Organization\",\"@id\":\"https:\\\/\\\/librarie.peles.ro\\\/ro\\\/#organization\",\"name\":\"Libr\u0103rie\",\"url\":\"https:\\\/\\\/librarie.peles.ro\\\/ro\\\/\",\"logo\":{\"@type\":\"ImageObject\",\"inLanguage\":\"ro-RO\",\"@id\":\"https:\\\/\\\/librarie.peles.ro\\\/ro\\\/#\\\/schema\\\/logo\\\/image\\\/\",\"url\":\"https:\\\/\\\/librarie.peles.ro\\\/wp-content\\\/uploads\\\/2025\\\/01\\\/Logo-1.png\",\"contentUrl\":\"https:\\\/\\\/librarie.peles.ro\\\/wp-content\\\/uploads\\\/2025\\\/01\\\/Logo-1.png\",\"width\":1046,\"height\":200,\"caption\":\"Libr\u0103rie\"},\"image\":{\"@id\":\"https:\\\/\\\/librarie.peles.ro\\\/ro\\\/#\\\/schema\\\/logo\\\/image\\\/\"},\"sameAs\":[\"https:\\\/\\\/www.facebook.com\\\/muzeulnationalpeles\",\"https:\\\/\\\/x.com\\\/MuzeulP\",\"https:\\\/\\\/www.instagram.com\\\/muzeul_national_peles\\\/\",\"https:\\\/\\\/www.youtube.com\\\/@muzeulnationalpeles7162\",\"https:\\\/\\\/www.tiktok.com\\\/@muzeulnationalpeles\"]}]}<\/script>\n<!-- \/ Yoast SEO plugin. -->","yoast_head_json":{"title":"Armonie \u0219i grandoare. Arta italian\u0103 la castelul Pele\u0219 - Libr\u0103rie","robots":{"index":"noindex","follow":"follow","max-snippet":"max-snippet:-1","max-image-preview":"max-image-preview:large","max-video-preview":"max-video-preview:-1"},"og_locale":"ro_RO","og_type":"article","og_title":"Armonie \u0219i grandoare. Arta italian\u0103 la castelul Pele\u0219 - Libr\u0103rie","og_description":"Format: 210x297 mm Num\u0103r pagini: 140 Anul apari\u0163iei: 2012","og_url":"https:\/\/librarie.peles.ro\/ro\/product\/armonie-si-grandoare-arta-italiana-la-castelul-peles\/","og_site_name":"Libr\u0103rie","article_publisher":"https:\/\/www.facebook.com\/muzeulnationalpeles","article_modified_time":"2025-03-20T08:55:20+00:00","og_image":[{"width":624,"height":869,"url":"https:\/\/librarie.peles.ro\/wp-content\/uploads\/2020\/04\/Arta-italiana.jpg","type":"image\/jpeg"}],"twitter_card":"summary_large_image","twitter_site":"@MuzeulP","twitter_misc":{"Timp estimat pentru citire":"1 minut"},"schema":{"@context":"https:\/\/schema.org","@graph":[{"@type":"WebPage","@id":"https:\/\/librarie.peles.ro\/product\/armonie-si-grandoare-arta-italiana-la-castelul-peles\/","url":"https:\/\/librarie.peles.ro\/product\/armonie-si-grandoare-arta-italiana-la-castelul-peles\/","name":"Armonie \u0219i grandoare. Arta italian\u0103 la castelul Pele\u0219 - Libr\u0103rie","isPartOf":{"@id":"https:\/\/librarie.peles.ro\/ro\/#website"},"primaryImageOfPage":{"@id":"https:\/\/librarie.peles.ro\/product\/armonie-si-grandoare-arta-italiana-la-castelul-peles\/#primaryimage"},"image":{"@id":"https:\/\/librarie.peles.ro\/product\/armonie-si-grandoare-arta-italiana-la-castelul-peles\/#primaryimage"},"thumbnailUrl":"https:\/\/librarie.peles.ro\/wp-content\/uploads\/2020\/04\/Arta-italiana.jpg","datePublished":"2021-03-20T12:21:03+00:00","dateModified":"2025-03-20T08:55:20+00:00","breadcrumb":{"@id":"https:\/\/librarie.peles.ro\/product\/armonie-si-grandoare-arta-italiana-la-castelul-peles\/#breadcrumb"},"inLanguage":"ro-RO","potentialAction":[{"@type":"ReadAction","target":["https:\/\/librarie.peles.ro\/product\/armonie-si-grandoare-arta-italiana-la-castelul-peles\/"]}]},{"@type":"ImageObject","inLanguage":"ro-RO","@id":"https:\/\/librarie.peles.ro\/product\/armonie-si-grandoare-arta-italiana-la-castelul-peles\/#primaryimage","url":"https:\/\/librarie.peles.ro\/wp-content\/uploads\/2020\/04\/Arta-italiana.jpg","contentUrl":"https:\/\/librarie.peles.ro\/wp-content\/uploads\/2020\/04\/Arta-italiana.jpg","width":624,"height":869},{"@type":"BreadcrumbList","@id":"https:\/\/librarie.peles.ro\/product\/armonie-si-grandoare-arta-italiana-la-castelul-peles\/#breadcrumb","itemListElement":[{"@type":"ListItem","position":1,"name":"Home","item":"https:\/\/librarie.peles.ro\/ro\/"},{"@type":"ListItem","position":2,"name":"Shop","item":"https:\/\/librarie.peles.ro\/ro\/shop\/"},{"@type":"ListItem","position":3,"name":"Armonie \u0219i grandoare. Arta italian\u0103 la castelul Pele\u0219"}]},{"@type":"WebSite","@id":"https:\/\/librarie.peles.ro\/ro\/#website","url":"https:\/\/librarie.peles.ro\/ro\/","name":"Libr\u0103rie","description":"Muzeul Na\u021bional Pele\u0219","publisher":{"@id":"https:\/\/librarie.peles.ro\/ro\/#organization"},"potentialAction":[{"@type":"SearchAction","target":{"@type":"EntryPoint","urlTemplate":"https:\/\/librarie.peles.ro\/ro\/?s={search_term_string}"},"query-input":{"@type":"PropertyValueSpecification","valueRequired":true,"valueName":"search_term_string"}}],"inLanguage":"ro-RO"},{"@type":"Organization","@id":"https:\/\/librarie.peles.ro\/ro\/#organization","name":"Libr\u0103rie","url":"https:\/\/librarie.peles.ro\/ro\/","logo":{"@type":"ImageObject","inLanguage":"ro-RO","@id":"https:\/\/librarie.peles.ro\/ro\/#\/schema\/logo\/image\/","url":"https:\/\/librarie.peles.ro\/wp-content\/uploads\/2025\/01\/Logo-1.png","contentUrl":"https:\/\/librarie.peles.ro\/wp-content\/uploads\/2025\/01\/Logo-1.png","width":1046,"height":200,"caption":"Libr\u0103rie"},"image":{"@id":"https:\/\/librarie.peles.ro\/ro\/#\/schema\/logo\/image\/"},"sameAs":["https:\/\/www.facebook.com\/muzeulnationalpeles","https:\/\/x.com\/MuzeulP","https:\/\/www.instagram.com\/muzeul_national_peles\/","https:\/\/www.youtube.com\/@muzeulnationalpeles7162","https:\/\/www.tiktok.com\/@muzeulnationalpeles"]}]}},"_links":{"self":[{"href":"https:\/\/librarie.peles.ro\/ro\/wp-json\/wp\/v2\/product\/77","targetHints":{"allow":["GET"]}}],"collection":[{"href":"https:\/\/librarie.peles.ro\/ro\/wp-json\/wp\/v2\/product"}],"about":[{"href":"https:\/\/librarie.peles.ro\/ro\/wp-json\/wp\/v2\/types\/product"}],"replies":[{"embeddable":true,"href":"https:\/\/librarie.peles.ro\/ro\/wp-json\/wp\/v2\/comments?post=77"}],"version-history":[{"count":1,"href":"https:\/\/librarie.peles.ro\/ro\/wp-json\/wp\/v2\/product\/77\/revisions"}],"predecessor-version":[{"id":1951,"href":"https:\/\/librarie.peles.ro\/ro\/wp-json\/wp\/v2\/product\/77\/revisions\/1951"}],"wp:featuredmedia":[{"embeddable":true,"href":"https:\/\/librarie.peles.ro\/ro\/wp-json\/wp\/v2\/media\/78"}],"wp:attachment":[{"href":"https:\/\/librarie.peles.ro\/ro\/wp-json\/wp\/v2\/media?parent=77"}],"wp:term":[{"taxonomy":"product_brand","embeddable":true,"href":"https:\/\/librarie.peles.ro\/ro\/wp-json\/wp\/v2\/product_brand?post=77"},{"taxonomy":"product_cat","embeddable":true,"href":"https:\/\/librarie.peles.ro\/ro\/wp-json\/wp\/v2\/product_cat?post=77"},{"taxonomy":"product_tag","embeddable":true,"href":"https:\/\/librarie.peles.ro\/ro\/wp-json\/wp\/v2\/product_tag?post=77"}],"curies":[{"name":"wp","href":"https:\/\/api.w.org\/{rel}","templated":true}]}}