{"id":65,"date":"2021-03-12T11:47:46","date_gmt":"2021-03-12T09:47:46","guid":{"rendered":"https:\/\/librarie.peles.ro\/?post_type=product&#038;p=29"},"modified":"2026-03-31T10:16:49","modified_gmt":"2026-03-31T10:16:49","slug":"castelul-peles-muzeul-si-colectiile-sale","status":"publish","type":"product","link":"https:\/\/librarie.peles.ro\/ro\/product\/castelul-peles-muzeul-si-colectiile-sale\/","title":{"rendered":"Castelul Pele\u0219. Muzeul \u0219i colec\u021biile sale"},"content":{"rendered":"<p>Studiul ofer\u0103 o serie de considera\u021bii referitoare la istoria Castelului Pele\u0219. Autorul se axeaz\u0103 asupra colec\u021biei de obiecte de patrimoniu din cadrul muzeului. \u00cen urma inventarului din anul 1948, colec\u021bia castelului Pele\u0219 cuprindea urm\u0103toarele obiecte de art\u0103: 298 picturi principale, 487 picturi secundare \u0219i gravuri, 1.062 picturi \u201ef\u0103r\u0103 valoare&#8221;, 150 icoane, 1.988 de obiecte de vitrin\u0103, 4.879 de arme \u0219i medalii, 343 covoare, 429 mobile, 210 vitralii, 331 sculpturi, 9.370 c\u0103r\u021bi.<\/p>\n<p>Album editat de Muzeul Na\u0163ional Pele\u015f<br \/>\nTexte de: Dr. Narcis Dorin Ion, dr. Alexandru Mircea Hortopan, Corina Dumitrache, Alexandra Ghioarc\u0103, Raluca Romok, Macrina Oproiu<\/p>\n","protected":false},"excerpt":{"rendered":"<p>Format: 17&#215;26 cm<br \/>\nNum\u0103r pagini: 96<br \/>\nISBN: 978-973-0-28075-3<\/p>\n","protected":false},"featured_media":506,"comment_status":"open","ping_status":"closed","template":"","meta":[],"product_brand":[],"product_cat":[15],"product_tag":[],"class_list":{"0":"post-65","1":"product","2":"type-product","3":"status-publish","4":"has-post-thumbnail","6":"product_cat-uncategorized","7":"product_shipping_class-livrare_gratuita","9":"first","10":"instock","11":"shipping-taxable","12":"purchasable","13":"product-type-simple"},"yoast_head":"<!-- This site is optimized with the Yoast SEO plugin v27.4 - https:\/\/yoast.com\/product\/yoast-seo-wordpress\/ -->\n<title>Castelul Pele\u0219. Muzeul \u0219i colec\u021biile sale - Libr\u0103rie<\/title>\n<meta name=\"robots\" content=\"noindex, follow, max-snippet:-1, max-image-preview:large, max-video-preview:-1\" \/>\n<meta property=\"og:locale\" content=\"ro_RO\" \/>\n<meta property=\"og:type\" content=\"article\" \/>\n<meta property=\"og:title\" content=\"Castelul Pele\u0219. Muzeul \u0219i colec\u021biile sale - Libr\u0103rie\" \/>\n<meta property=\"og:description\" content=\"Format: 17x26 cm Num\u0103r pagini: 96 ISBN: 978-973-0-28075-3\" \/>\n<meta property=\"og:url\" content=\"https:\/\/librarie.peles.ro\/ro\/product\/castelul-peles-muzeul-si-colectiile-sale\/\" \/>\n<meta property=\"og:site_name\" content=\"Libr\u0103rie\" \/>\n<meta property=\"article:publisher\" content=\"https:\/\/www.facebook.com\/muzeulnationalpeles\" \/>\n<meta property=\"article:modified_time\" content=\"2026-03-31T10:16:49+00:00\" \/>\n<meta property=\"og:image\" content=\"https:\/\/librarie.peles.ro\/wp-content\/uploads\/2021\/03\/Castelul-Peles.-Muzeul-si-colectiile-sale-2018.jpg\" \/>\n\t<meta property=\"og:image:width\" content=\"1342\" \/>\n\t<meta property=\"og:image:height\" content=\"2035\" \/>\n\t<meta property=\"og:image:type\" content=\"image\/jpeg\" \/>\n<meta name=\"twitter:card\" content=\"summary_large_image\" \/>\n<meta name=\"twitter:site\" content=\"@MuzeulP\" \/>\n<meta name=\"twitter:label1\" content=\"Timp estimat pentru citire\" \/>\n\t<meta name=\"twitter:data1\" content=\"1 minut\" \/>\n<script type=\"application\/ld+json\" class=\"yoast-schema-graph\">{\"@context\":\"https:\\\/\\\/schema.org\",\"@graph\":[{\"@type\":\"WebPage\",\"@id\":\"https:\\\/\\\/librarie.peles.ro\\\/ro\\\/product\\\/castelul-peles-muzeul-si-colectiile-sale\\\/\",\"url\":\"https:\\\/\\\/librarie.peles.ro\\\/ro\\\/product\\\/castelul-peles-muzeul-si-colectiile-sale\\\/\",\"name\":\"Castelul Pele\u0219. Muzeul \u0219i colec\u021biile sale - Libr\u0103rie\",\"isPartOf\":{\"@id\":\"https:\\\/\\\/librarie.peles.ro\\\/ro\\\/#website\"},\"primaryImageOfPage\":{\"@id\":\"https:\\\/\\\/librarie.peles.ro\\\/ro\\\/product\\\/castelul-peles-muzeul-si-colectiile-sale\\\/#primaryimage\"},\"image\":{\"@id\":\"https:\\\/\\\/librarie.peles.ro\\\/ro\\\/product\\\/castelul-peles-muzeul-si-colectiile-sale\\\/#primaryimage\"},\"thumbnailUrl\":\"https:\\\/\\\/librarie.peles.ro\\\/wp-content\\\/uploads\\\/2021\\\/03\\\/Castelul-Peles.-Muzeul-si-colectiile-sale-2018.jpg\",\"datePublished\":\"2021-03-12T09:47:46+00:00\",\"dateModified\":\"2026-03-31T10:16:49+00:00\",\"breadcrumb\":{\"@id\":\"https:\\\/\\\/librarie.peles.ro\\\/ro\\\/product\\\/castelul-peles-muzeul-si-colectiile-sale\\\/#breadcrumb\"},\"inLanguage\":\"ro-RO\",\"potentialAction\":[{\"@type\":\"ReadAction\",\"target\":[\"https:\\\/\\\/librarie.peles.ro\\\/ro\\\/product\\\/castelul-peles-muzeul-si-colectiile-sale\\\/\"]}]},{\"@type\":\"ImageObject\",\"inLanguage\":\"ro-RO\",\"@id\":\"https:\\\/\\\/librarie.peles.ro\\\/ro\\\/product\\\/castelul-peles-muzeul-si-colectiile-sale\\\/#primaryimage\",\"url\":\"https:\\\/\\\/librarie.peles.ro\\\/wp-content\\\/uploads\\\/2021\\\/03\\\/Castelul-Peles.-Muzeul-si-colectiile-sale-2018.jpg\",\"contentUrl\":\"https:\\\/\\\/librarie.peles.ro\\\/wp-content\\\/uploads\\\/2021\\\/03\\\/Castelul-Peles.-Muzeul-si-colectiile-sale-2018.jpg\",\"width\":1342,\"height\":2035},{\"@type\":\"BreadcrumbList\",\"@id\":\"https:\\\/\\\/librarie.peles.ro\\\/ro\\\/product\\\/castelul-peles-muzeul-si-colectiile-sale\\\/#breadcrumb\",\"itemListElement\":[{\"@type\":\"ListItem\",\"position\":1,\"name\":\"Home\",\"item\":\"https:\\\/\\\/librarie.peles.ro\\\/ro\\\/\"},{\"@type\":\"ListItem\",\"position\":2,\"name\":\"Shop\",\"item\":\"https:\\\/\\\/librarie.peles.ro\\\/ro\\\/shop\\\/\"},{\"@type\":\"ListItem\",\"position\":3,\"name\":\"Castelul Pele\u0219. Muzeul \u0219i colec\u021biile sale\"}]},{\"@type\":\"WebSite\",\"@id\":\"https:\\\/\\\/librarie.peles.ro\\\/ro\\\/#website\",\"url\":\"https:\\\/\\\/librarie.peles.ro\\\/ro\\\/\",\"name\":\"Libr\u0103rie\",\"description\":\"Muzeul Na\u021bional Pele\u0219\",\"publisher\":{\"@id\":\"https:\\\/\\\/librarie.peles.ro\\\/ro\\\/#organization\"},\"potentialAction\":[{\"@type\":\"SearchAction\",\"target\":{\"@type\":\"EntryPoint\",\"urlTemplate\":\"https:\\\/\\\/librarie.peles.ro\\\/ro\\\/?s={search_term_string}\"},\"query-input\":{\"@type\":\"PropertyValueSpecification\",\"valueRequired\":true,\"valueName\":\"search_term_string\"}}],\"inLanguage\":\"ro-RO\"},{\"@type\":\"Organization\",\"@id\":\"https:\\\/\\\/librarie.peles.ro\\\/ro\\\/#organization\",\"name\":\"Libr\u0103rie\",\"url\":\"https:\\\/\\\/librarie.peles.ro\\\/ro\\\/\",\"logo\":{\"@type\":\"ImageObject\",\"inLanguage\":\"ro-RO\",\"@id\":\"https:\\\/\\\/librarie.peles.ro\\\/ro\\\/#\\\/schema\\\/logo\\\/image\\\/\",\"url\":\"https:\\\/\\\/librarie.peles.ro\\\/wp-content\\\/uploads\\\/2025\\\/01\\\/Logo-1.png\",\"contentUrl\":\"https:\\\/\\\/librarie.peles.ro\\\/wp-content\\\/uploads\\\/2025\\\/01\\\/Logo-1.png\",\"width\":1046,\"height\":200,\"caption\":\"Libr\u0103rie\"},\"image\":{\"@id\":\"https:\\\/\\\/librarie.peles.ro\\\/ro\\\/#\\\/schema\\\/logo\\\/image\\\/\"},\"sameAs\":[\"https:\\\/\\\/www.facebook.com\\\/muzeulnationalpeles\",\"https:\\\/\\\/x.com\\\/MuzeulP\",\"https:\\\/\\\/www.instagram.com\\\/muzeul_national_peles\\\/\",\"https:\\\/\\\/www.youtube.com\\\/@muzeulnationalpeles7162\",\"https:\\\/\\\/www.tiktok.com\\\/@muzeulnationalpeles\"]}]}<\/script>\n<!-- \/ Yoast SEO plugin. -->","yoast_head_json":{"title":"Castelul Pele\u0219. Muzeul \u0219i colec\u021biile sale - Libr\u0103rie","robots":{"index":"noindex","follow":"follow","max-snippet":"max-snippet:-1","max-image-preview":"max-image-preview:large","max-video-preview":"max-video-preview:-1"},"og_locale":"ro_RO","og_type":"article","og_title":"Castelul Pele\u0219. Muzeul \u0219i colec\u021biile sale - Libr\u0103rie","og_description":"Format: 17x26 cm Num\u0103r pagini: 96 ISBN: 978-973-0-28075-3","og_url":"https:\/\/librarie.peles.ro\/ro\/product\/castelul-peles-muzeul-si-colectiile-sale\/","og_site_name":"Libr\u0103rie","article_publisher":"https:\/\/www.facebook.com\/muzeulnationalpeles","article_modified_time":"2026-03-31T10:16:49+00:00","og_image":[{"width":1342,"height":2035,"url":"https:\/\/librarie.peles.ro\/wp-content\/uploads\/2021\/03\/Castelul-Peles.-Muzeul-si-colectiile-sale-2018.jpg","type":"image\/jpeg"}],"twitter_card":"summary_large_image","twitter_site":"@MuzeulP","twitter_misc":{"Timp estimat pentru citire":"1 minut"},"schema":{"@context":"https:\/\/schema.org","@graph":[{"@type":"WebPage","@id":"https:\/\/librarie.peles.ro\/ro\/product\/castelul-peles-muzeul-si-colectiile-sale\/","url":"https:\/\/librarie.peles.ro\/ro\/product\/castelul-peles-muzeul-si-colectiile-sale\/","name":"Castelul Pele\u0219. Muzeul \u0219i colec\u021biile sale - Libr\u0103rie","isPartOf":{"@id":"https:\/\/librarie.peles.ro\/ro\/#website"},"primaryImageOfPage":{"@id":"https:\/\/librarie.peles.ro\/ro\/product\/castelul-peles-muzeul-si-colectiile-sale\/#primaryimage"},"image":{"@id":"https:\/\/librarie.peles.ro\/ro\/product\/castelul-peles-muzeul-si-colectiile-sale\/#primaryimage"},"thumbnailUrl":"https:\/\/librarie.peles.ro\/wp-content\/uploads\/2021\/03\/Castelul-Peles.-Muzeul-si-colectiile-sale-2018.jpg","datePublished":"2021-03-12T09:47:46+00:00","dateModified":"2026-03-31T10:16:49+00:00","breadcrumb":{"@id":"https:\/\/librarie.peles.ro\/ro\/product\/castelul-peles-muzeul-si-colectiile-sale\/#breadcrumb"},"inLanguage":"ro-RO","potentialAction":[{"@type":"ReadAction","target":["https:\/\/librarie.peles.ro\/ro\/product\/castelul-peles-muzeul-si-colectiile-sale\/"]}]},{"@type":"ImageObject","inLanguage":"ro-RO","@id":"https:\/\/librarie.peles.ro\/ro\/product\/castelul-peles-muzeul-si-colectiile-sale\/#primaryimage","url":"https:\/\/librarie.peles.ro\/wp-content\/uploads\/2021\/03\/Castelul-Peles.-Muzeul-si-colectiile-sale-2018.jpg","contentUrl":"https:\/\/librarie.peles.ro\/wp-content\/uploads\/2021\/03\/Castelul-Peles.-Muzeul-si-colectiile-sale-2018.jpg","width":1342,"height":2035},{"@type":"BreadcrumbList","@id":"https:\/\/librarie.peles.ro\/ro\/product\/castelul-peles-muzeul-si-colectiile-sale\/#breadcrumb","itemListElement":[{"@type":"ListItem","position":1,"name":"Home","item":"https:\/\/librarie.peles.ro\/ro\/"},{"@type":"ListItem","position":2,"name":"Shop","item":"https:\/\/librarie.peles.ro\/ro\/shop\/"},{"@type":"ListItem","position":3,"name":"Castelul Pele\u0219. Muzeul \u0219i colec\u021biile sale"}]},{"@type":"WebSite","@id":"https:\/\/librarie.peles.ro\/ro\/#website","url":"https:\/\/librarie.peles.ro\/ro\/","name":"Libr\u0103rie","description":"Muzeul Na\u021bional Pele\u0219","publisher":{"@id":"https:\/\/librarie.peles.ro\/ro\/#organization"},"potentialAction":[{"@type":"SearchAction","target":{"@type":"EntryPoint","urlTemplate":"https:\/\/librarie.peles.ro\/ro\/?s={search_term_string}"},"query-input":{"@type":"PropertyValueSpecification","valueRequired":true,"valueName":"search_term_string"}}],"inLanguage":"ro-RO"},{"@type":"Organization","@id":"https:\/\/librarie.peles.ro\/ro\/#organization","name":"Libr\u0103rie","url":"https:\/\/librarie.peles.ro\/ro\/","logo":{"@type":"ImageObject","inLanguage":"ro-RO","@id":"https:\/\/librarie.peles.ro\/ro\/#\/schema\/logo\/image\/","url":"https:\/\/librarie.peles.ro\/wp-content\/uploads\/2025\/01\/Logo-1.png","contentUrl":"https:\/\/librarie.peles.ro\/wp-content\/uploads\/2025\/01\/Logo-1.png","width":1046,"height":200,"caption":"Libr\u0103rie"},"image":{"@id":"https:\/\/librarie.peles.ro\/ro\/#\/schema\/logo\/image\/"},"sameAs":["https:\/\/www.facebook.com\/muzeulnationalpeles","https:\/\/x.com\/MuzeulP","https:\/\/www.instagram.com\/muzeul_national_peles\/","https:\/\/www.youtube.com\/@muzeulnationalpeles7162","https:\/\/www.tiktok.com\/@muzeulnationalpeles"]}]}},"_links":{"self":[{"href":"https:\/\/librarie.peles.ro\/ro\/wp-json\/wp\/v2\/product\/65","targetHints":{"allow":["GET"]}}],"collection":[{"href":"https:\/\/librarie.peles.ro\/ro\/wp-json\/wp\/v2\/product"}],"about":[{"href":"https:\/\/librarie.peles.ro\/ro\/wp-json\/wp\/v2\/types\/product"}],"replies":[{"embeddable":true,"href":"https:\/\/librarie.peles.ro\/ro\/wp-json\/wp\/v2\/comments?post=65"}],"version-history":[{"count":1,"href":"https:\/\/librarie.peles.ro\/ro\/wp-json\/wp\/v2\/product\/65\/revisions"}],"predecessor-version":[{"id":1956,"href":"https:\/\/librarie.peles.ro\/ro\/wp-json\/wp\/v2\/product\/65\/revisions\/1956"}],"wp:featuredmedia":[{"embeddable":true,"href":"https:\/\/librarie.peles.ro\/ro\/wp-json\/wp\/v2\/media\/506"}],"wp:attachment":[{"href":"https:\/\/librarie.peles.ro\/ro\/wp-json\/wp\/v2\/media?parent=65"}],"wp:term":[{"taxonomy":"product_brand","embeddable":true,"href":"https:\/\/librarie.peles.ro\/ro\/wp-json\/wp\/v2\/product_brand?post=65"},{"taxonomy":"product_cat","embeddable":true,"href":"https:\/\/librarie.peles.ro\/ro\/wp-json\/wp\/v2\/product_cat?post=65"},{"taxonomy":"product_tag","embeddable":true,"href":"https:\/\/librarie.peles.ro\/ro\/wp-json\/wp\/v2\/product_tag?post=65"}],"curies":[{"name":"wp","href":"https:\/\/api.w.org\/{rel}","templated":true}]}}