{"id":477,"date":"2021-04-14T14:32:04","date_gmt":"2021-04-14T12:32:04","guid":{"rendered":"https:\/\/librarie.peles.ro\/?post_type=product&#038;p=477"},"modified":"2026-01-19T14:10:18","modified_gmt":"2026-01-19T14:10:18","slug":"carol-al-ii-lea-al-romaniei-un-rege-controversat-volumul-1","status":"publish","type":"product","link":"https:\/\/librarie.peles.ro\/ro\/product\/carol-al-ii-lea-al-romaniei-un-rege-controversat-volumul-1\/","title":{"rendered":"Carol al II-lea al Rom\u00e2niei. Un rege controversat (volumul 1)"},"content":{"rendered":"<p><em>P\u0103\u0219esc ast\u0103zi, cu sufletul \u00een\u0103l\u021bat, \u00een mijlocul poporului meu \u0219i cu o inim\u0103 \u00een care s-a \u0219ters \u0219i cea din urm\u0103 umbr\u0103 de m\u00e2hnire, chiar fa\u021b\u0103 de aceia care au incercat, prin ac\u021biunea lor nechibzuit\u0103, s\u0103 rup\u0103 leg\u0103tura indisolubil\u0103 dintre mine \u0219i tot ce simte rom\u00e2ne\u0219te. Urm\u00e2nd pilda din Scriptur\u0103, zic: \u201eNu vreau moartea celor ce au gre\u0219it, ci \u00eentoarcerea lor la matca din care nimeni n-ar fi trebuit s\u0103 ias\u0103\u201d. Eu nu am venit s\u0103 m\u0103 r\u0103zbun pe nimeni, ci &#8211; cu inima cald\u0103 \u0219i iubitoare &#8211; s\u0103 str\u00e2ng \u00eentr-un m\u0103nunchi pe to\u021bi cei care au voin\u021ba \u0219i puterea de a colabora pentru prop\u0103\u0219irea patriei. (&#8230;) Greut\u0103\u021bile, care unora li se par de ne\u00eenl\u0103turat, vor putea, f\u0103r\u0103 nicio \u00eendoial\u0103, s\u0103 fie c\u0103lcate \u00een picioare de o Rom\u00e2nie unit\u0103 \u0219i hot\u0103r\u00e2t\u0103. Nu vreau s\u0103 pun la \u00eendoial\u0103, o clip\u0103, patriotismul acelora care, prin pozi\u021bia lor, au datoria de a lucra la progresul \u021b\u0103rii.<\/em><\/p>\n<p style=\"text-align: right;\">Regele Carol al II-lea, 8 iunie 1930<\/p>\n","protected":false},"excerpt":{"rendered":"<p>Format: 23&#215;28 cm<br \/>\nNum\u0103r pagini: 316<br \/>\nAnul apari\u021biei: 2020<br \/>\nAutor: Narcis-Dorin Ion<br \/>\nISBN 978-606-622-534-2<\/p>\n","protected":false},"featured_media":534,"comment_status":"open","ping_status":"closed","template":"","meta":[],"product_brand":[],"product_cat":[15],"product_tag":[],"class_list":{"0":"post-477","1":"product","2":"type-product","3":"status-publish","4":"has-post-thumbnail","6":"product_cat-uncategorized","8":"first","9":"instock","10":"shipping-taxable","11":"purchasable","12":"product-type-simple"},"yoast_head":"<!-- This site is optimized with the Yoast SEO plugin v27.4 - https:\/\/yoast.com\/product\/yoast-seo-wordpress\/ -->\n<title>Carol al II-lea al Rom\u00e2niei. Un rege controversat (volumul 1) - Libr\u0103rie<\/title>\n<meta name=\"robots\" content=\"noindex, follow, max-snippet:-1, max-image-preview:large, max-video-preview:-1\" \/>\n<meta property=\"og:locale\" content=\"ro_RO\" \/>\n<meta property=\"og:type\" content=\"article\" \/>\n<meta property=\"og:title\" content=\"Carol al II-lea al Rom\u00e2niei. Un rege controversat (volumul 1) - Libr\u0103rie\" \/>\n<meta property=\"og:description\" content=\"Format: 23x28 cm Num\u0103r pagini: 316 Anul apari\u021biei: 2020 Autor: Narcis-Dorin Ion ISBN 978-606-622-534-2\" \/>\n<meta property=\"og:url\" content=\"https:\/\/librarie.peles.ro\/ro\/product\/carol-al-ii-lea-al-romaniei-un-rege-controversat-volumul-1\/\" \/>\n<meta property=\"og:site_name\" content=\"Libr\u0103rie\" \/>\n<meta property=\"article:publisher\" content=\"https:\/\/www.facebook.com\/muzeulnationalpeles\" \/>\n<meta property=\"article:modified_time\" content=\"2026-01-19T14:10:18+00:00\" \/>\n<meta property=\"og:image\" content=\"https:\/\/librarie.peles.ro\/wp-content\/uploads\/2021\/05\/vol1-scaled-1.jpg\" \/>\n\t<meta property=\"og:image:width\" content=\"2079\" \/>\n\t<meta property=\"og:image:height\" content=\"2560\" \/>\n\t<meta property=\"og:image:type\" content=\"image\/jpeg\" \/>\n<meta name=\"twitter:card\" content=\"summary_large_image\" \/>\n<meta name=\"twitter:site\" content=\"@MuzeulP\" \/>\n<meta name=\"twitter:label1\" content=\"Timp estimat pentru citire\" \/>\n\t<meta name=\"twitter:data1\" content=\"2 minute\" \/>\n<script type=\"application\/ld+json\" class=\"yoast-schema-graph\">{\"@context\":\"https:\\\/\\\/schema.org\",\"@graph\":[{\"@type\":\"WebPage\",\"@id\":\"https:\\\/\\\/librarie.peles.ro\\\/product\\\/carol-al-ii-lea-al-romaniei-un-rege-controversat-volumul-1\\\/\",\"url\":\"https:\\\/\\\/librarie.peles.ro\\\/product\\\/carol-al-ii-lea-al-romaniei-un-rege-controversat-volumul-1\\\/\",\"name\":\"Carol al II-lea al Rom\u00e2niei. Un rege controversat (volumul 1) - Libr\u0103rie\",\"isPartOf\":{\"@id\":\"https:\\\/\\\/librarie.peles.ro\\\/ro\\\/#website\"},\"primaryImageOfPage\":{\"@id\":\"https:\\\/\\\/librarie.peles.ro\\\/product\\\/carol-al-ii-lea-al-romaniei-un-rege-controversat-volumul-1\\\/#primaryimage\"},\"image\":{\"@id\":\"https:\\\/\\\/librarie.peles.ro\\\/product\\\/carol-al-ii-lea-al-romaniei-un-rege-controversat-volumul-1\\\/#primaryimage\"},\"thumbnailUrl\":\"https:\\\/\\\/librarie.peles.ro\\\/wp-content\\\/uploads\\\/2021\\\/05\\\/vol1-scaled-1.jpg\",\"datePublished\":\"2021-04-14T12:32:04+00:00\",\"dateModified\":\"2026-01-19T14:10:18+00:00\",\"breadcrumb\":{\"@id\":\"https:\\\/\\\/librarie.peles.ro\\\/product\\\/carol-al-ii-lea-al-romaniei-un-rege-controversat-volumul-1\\\/#breadcrumb\"},\"inLanguage\":\"ro-RO\",\"potentialAction\":[{\"@type\":\"ReadAction\",\"target\":[\"https:\\\/\\\/librarie.peles.ro\\\/product\\\/carol-al-ii-lea-al-romaniei-un-rege-controversat-volumul-1\\\/\"]}]},{\"@type\":\"ImageObject\",\"inLanguage\":\"ro-RO\",\"@id\":\"https:\\\/\\\/librarie.peles.ro\\\/product\\\/carol-al-ii-lea-al-romaniei-un-rege-controversat-volumul-1\\\/#primaryimage\",\"url\":\"https:\\\/\\\/librarie.peles.ro\\\/wp-content\\\/uploads\\\/2021\\\/05\\\/vol1-scaled-1.jpg\",\"contentUrl\":\"https:\\\/\\\/librarie.peles.ro\\\/wp-content\\\/uploads\\\/2021\\\/05\\\/vol1-scaled-1.jpg\",\"width\":2079,\"height\":2560},{\"@type\":\"BreadcrumbList\",\"@id\":\"https:\\\/\\\/librarie.peles.ro\\\/product\\\/carol-al-ii-lea-al-romaniei-un-rege-controversat-volumul-1\\\/#breadcrumb\",\"itemListElement\":[{\"@type\":\"ListItem\",\"position\":1,\"name\":\"Home\",\"item\":\"https:\\\/\\\/librarie.peles.ro\\\/ro\\\/\"},{\"@type\":\"ListItem\",\"position\":2,\"name\":\"Shop\",\"item\":\"https:\\\/\\\/librarie.peles.ro\\\/ro\\\/shop\\\/\"},{\"@type\":\"ListItem\",\"position\":3,\"name\":\"Carol al II-lea al Rom\u00e2niei. Un rege controversat (volumul 1)\"}]},{\"@type\":\"WebSite\",\"@id\":\"https:\\\/\\\/librarie.peles.ro\\\/ro\\\/#website\",\"url\":\"https:\\\/\\\/librarie.peles.ro\\\/ro\\\/\",\"name\":\"Libr\u0103rie\",\"description\":\"Muzeul Na\u021bional Pele\u0219\",\"publisher\":{\"@id\":\"https:\\\/\\\/librarie.peles.ro\\\/ro\\\/#organization\"},\"potentialAction\":[{\"@type\":\"SearchAction\",\"target\":{\"@type\":\"EntryPoint\",\"urlTemplate\":\"https:\\\/\\\/librarie.peles.ro\\\/ro\\\/?s={search_term_string}\"},\"query-input\":{\"@type\":\"PropertyValueSpecification\",\"valueRequired\":true,\"valueName\":\"search_term_string\"}}],\"inLanguage\":\"ro-RO\"},{\"@type\":\"Organization\",\"@id\":\"https:\\\/\\\/librarie.peles.ro\\\/ro\\\/#organization\",\"name\":\"Libr\u0103rie\",\"url\":\"https:\\\/\\\/librarie.peles.ro\\\/ro\\\/\",\"logo\":{\"@type\":\"ImageObject\",\"inLanguage\":\"ro-RO\",\"@id\":\"https:\\\/\\\/librarie.peles.ro\\\/ro\\\/#\\\/schema\\\/logo\\\/image\\\/\",\"url\":\"https:\\\/\\\/librarie.peles.ro\\\/wp-content\\\/uploads\\\/2025\\\/01\\\/Logo-1.png\",\"contentUrl\":\"https:\\\/\\\/librarie.peles.ro\\\/wp-content\\\/uploads\\\/2025\\\/01\\\/Logo-1.png\",\"width\":1046,\"height\":200,\"caption\":\"Libr\u0103rie\"},\"image\":{\"@id\":\"https:\\\/\\\/librarie.peles.ro\\\/ro\\\/#\\\/schema\\\/logo\\\/image\\\/\"},\"sameAs\":[\"https:\\\/\\\/www.facebook.com\\\/muzeulnationalpeles\",\"https:\\\/\\\/x.com\\\/MuzeulP\",\"https:\\\/\\\/www.instagram.com\\\/muzeul_national_peles\\\/\",\"https:\\\/\\\/www.youtube.com\\\/@muzeulnationalpeles7162\",\"https:\\\/\\\/www.tiktok.com\\\/@muzeulnationalpeles\"]}]}<\/script>\n<!-- \/ Yoast SEO plugin. -->","yoast_head_json":{"title":"Carol al II-lea al Rom\u00e2niei. Un rege controversat (volumul 1) - Libr\u0103rie","robots":{"index":"noindex","follow":"follow","max-snippet":"max-snippet:-1","max-image-preview":"max-image-preview:large","max-video-preview":"max-video-preview:-1"},"og_locale":"ro_RO","og_type":"article","og_title":"Carol al II-lea al Rom\u00e2niei. Un rege controversat (volumul 1) - Libr\u0103rie","og_description":"Format: 23x28 cm Num\u0103r pagini: 316 Anul apari\u021biei: 2020 Autor: Narcis-Dorin Ion ISBN 978-606-622-534-2","og_url":"https:\/\/librarie.peles.ro\/ro\/product\/carol-al-ii-lea-al-romaniei-un-rege-controversat-volumul-1\/","og_site_name":"Libr\u0103rie","article_publisher":"https:\/\/www.facebook.com\/muzeulnationalpeles","article_modified_time":"2026-01-19T14:10:18+00:00","og_image":[{"width":2079,"height":2560,"url":"https:\/\/librarie.peles.ro\/wp-content\/uploads\/2021\/05\/vol1-scaled-1.jpg","type":"image\/jpeg"}],"twitter_card":"summary_large_image","twitter_site":"@MuzeulP","twitter_misc":{"Timp estimat pentru citire":"2 minute"},"schema":{"@context":"https:\/\/schema.org","@graph":[{"@type":"WebPage","@id":"https:\/\/librarie.peles.ro\/product\/carol-al-ii-lea-al-romaniei-un-rege-controversat-volumul-1\/","url":"https:\/\/librarie.peles.ro\/product\/carol-al-ii-lea-al-romaniei-un-rege-controversat-volumul-1\/","name":"Carol al II-lea al Rom\u00e2niei. Un rege controversat (volumul 1) - Libr\u0103rie","isPartOf":{"@id":"https:\/\/librarie.peles.ro\/ro\/#website"},"primaryImageOfPage":{"@id":"https:\/\/librarie.peles.ro\/product\/carol-al-ii-lea-al-romaniei-un-rege-controversat-volumul-1\/#primaryimage"},"image":{"@id":"https:\/\/librarie.peles.ro\/product\/carol-al-ii-lea-al-romaniei-un-rege-controversat-volumul-1\/#primaryimage"},"thumbnailUrl":"https:\/\/librarie.peles.ro\/wp-content\/uploads\/2021\/05\/vol1-scaled-1.jpg","datePublished":"2021-04-14T12:32:04+00:00","dateModified":"2026-01-19T14:10:18+00:00","breadcrumb":{"@id":"https:\/\/librarie.peles.ro\/product\/carol-al-ii-lea-al-romaniei-un-rege-controversat-volumul-1\/#breadcrumb"},"inLanguage":"ro-RO","potentialAction":[{"@type":"ReadAction","target":["https:\/\/librarie.peles.ro\/product\/carol-al-ii-lea-al-romaniei-un-rege-controversat-volumul-1\/"]}]},{"@type":"ImageObject","inLanguage":"ro-RO","@id":"https:\/\/librarie.peles.ro\/product\/carol-al-ii-lea-al-romaniei-un-rege-controversat-volumul-1\/#primaryimage","url":"https:\/\/librarie.peles.ro\/wp-content\/uploads\/2021\/05\/vol1-scaled-1.jpg","contentUrl":"https:\/\/librarie.peles.ro\/wp-content\/uploads\/2021\/05\/vol1-scaled-1.jpg","width":2079,"height":2560},{"@type":"BreadcrumbList","@id":"https:\/\/librarie.peles.ro\/product\/carol-al-ii-lea-al-romaniei-un-rege-controversat-volumul-1\/#breadcrumb","itemListElement":[{"@type":"ListItem","position":1,"name":"Home","item":"https:\/\/librarie.peles.ro\/ro\/"},{"@type":"ListItem","position":2,"name":"Shop","item":"https:\/\/librarie.peles.ro\/ro\/shop\/"},{"@type":"ListItem","position":3,"name":"Carol al II-lea al Rom\u00e2niei. Un rege controversat (volumul 1)"}]},{"@type":"WebSite","@id":"https:\/\/librarie.peles.ro\/ro\/#website","url":"https:\/\/librarie.peles.ro\/ro\/","name":"Libr\u0103rie","description":"Muzeul Na\u021bional Pele\u0219","publisher":{"@id":"https:\/\/librarie.peles.ro\/ro\/#organization"},"potentialAction":[{"@type":"SearchAction","target":{"@type":"EntryPoint","urlTemplate":"https:\/\/librarie.peles.ro\/ro\/?s={search_term_string}"},"query-input":{"@type":"PropertyValueSpecification","valueRequired":true,"valueName":"search_term_string"}}],"inLanguage":"ro-RO"},{"@type":"Organization","@id":"https:\/\/librarie.peles.ro\/ro\/#organization","name":"Libr\u0103rie","url":"https:\/\/librarie.peles.ro\/ro\/","logo":{"@type":"ImageObject","inLanguage":"ro-RO","@id":"https:\/\/librarie.peles.ro\/ro\/#\/schema\/logo\/image\/","url":"https:\/\/librarie.peles.ro\/wp-content\/uploads\/2025\/01\/Logo-1.png","contentUrl":"https:\/\/librarie.peles.ro\/wp-content\/uploads\/2025\/01\/Logo-1.png","width":1046,"height":200,"caption":"Libr\u0103rie"},"image":{"@id":"https:\/\/librarie.peles.ro\/ro\/#\/schema\/logo\/image\/"},"sameAs":["https:\/\/www.facebook.com\/muzeulnationalpeles","https:\/\/x.com\/MuzeulP","https:\/\/www.instagram.com\/muzeul_national_peles\/","https:\/\/www.youtube.com\/@muzeulnationalpeles7162","https:\/\/www.tiktok.com\/@muzeulnationalpeles"]}]}},"_links":{"self":[{"href":"https:\/\/librarie.peles.ro\/ro\/wp-json\/wp\/v2\/product\/477","targetHints":{"allow":["GET"]}}],"collection":[{"href":"https:\/\/librarie.peles.ro\/ro\/wp-json\/wp\/v2\/product"}],"about":[{"href":"https:\/\/librarie.peles.ro\/ro\/wp-json\/wp\/v2\/types\/product"}],"replies":[{"embeddable":true,"href":"https:\/\/librarie.peles.ro\/ro\/wp-json\/wp\/v2\/comments?post=477"}],"version-history":[{"count":2,"href":"https:\/\/librarie.peles.ro\/ro\/wp-json\/wp\/v2\/product\/477\/revisions"}],"predecessor-version":[{"id":1931,"href":"https:\/\/librarie.peles.ro\/ro\/wp-json\/wp\/v2\/product\/477\/revisions\/1931"}],"wp:featuredmedia":[{"embeddable":true,"href":"https:\/\/librarie.peles.ro\/ro\/wp-json\/wp\/v2\/media\/534"}],"wp:attachment":[{"href":"https:\/\/librarie.peles.ro\/ro\/wp-json\/wp\/v2\/media?parent=477"}],"wp:term":[{"taxonomy":"product_brand","embeddable":true,"href":"https:\/\/librarie.peles.ro\/ro\/wp-json\/wp\/v2\/product_brand?post=477"},{"taxonomy":"product_cat","embeddable":true,"href":"https:\/\/librarie.peles.ro\/ro\/wp-json\/wp\/v2\/product_cat?post=477"},{"taxonomy":"product_tag","embeddable":true,"href":"https:\/\/librarie.peles.ro\/ro\/wp-json\/wp\/v2\/product_tag?post=477"}],"curies":[{"name":"wp","href":"https:\/\/api.w.org\/{rel}","templated":true}]}}