{"id":429,"date":"2021-03-20T21:54:32","date_gmt":"2021-03-20T19:54:32","guid":{"rendered":"https:\/\/librarie.peles.ro\/?post_type=product&#038;p=429"},"modified":"2025-03-20T09:02:11","modified_gmt":"2025-03-20T09:02:11","slug":"portretistica-regala-arta-si-memorie","status":"publish","type":"product","link":"https:\/\/librarie.peles.ro\/ro\/product\/portretistica-regala-arta-si-memorie\/","title":{"rendered":"Portretistica regal\u0103. Art\u0103 \u0219i memorie"},"content":{"rendered":"<p>Aceast\u0103 scurt\u0103 privire retrospectiv\u0103 asupra portretisticii regale din Rom\u00e2nia, \u00eempreun\u0103 cu reproducerile a peste 220 de opere de art\u0103 \u0219i fi\u0219ele biografice a 80 de arti\u0219ti plastici, ofer\u0103 ocazia unei incursiuni inedite \u0219i captivante \u00een istoria genului portretului \u00een artele plastice rom\u00e2ne\u0219ti \u0219i europene, constituind, de altfel, m\u0103rturia unui secol glorios de istorie rom\u00e2neasc\u0103.<\/p>\n","protected":false},"excerpt":{"rendered":"<p>Format: 23&#215;28 cm<br \/>\nNum\u0103r pagini: 272<br \/>\nAnul apari\u0163iei: 2020<br \/>\nISBN: 978-606-622-531-1<\/p>\n","protected":false},"featured_media":430,"comment_status":"open","ping_status":"closed","template":"","meta":[],"product_brand":[],"product_cat":[15],"product_tag":[],"class_list":{"0":"post-429","1":"product","2":"type-product","3":"status-publish","4":"has-post-thumbnail","6":"product_cat-uncategorized","8":"first","9":"instock","10":"shipping-taxable","11":"purchasable","12":"product-type-simple"},"yoast_head":"<!-- This site is optimized with the Yoast SEO plugin v27.4 - https:\/\/yoast.com\/product\/yoast-seo-wordpress\/ -->\n<title>Portretistica regal\u0103. Art\u0103 \u0219i memorie - Libr\u0103rie<\/title>\n<meta name=\"robots\" content=\"noindex, follow, max-snippet:-1, max-image-preview:large, max-video-preview:-1\" \/>\n<meta property=\"og:locale\" content=\"ro_RO\" \/>\n<meta property=\"og:type\" content=\"article\" \/>\n<meta property=\"og:title\" content=\"Portretistica regal\u0103. Art\u0103 \u0219i memorie - Libr\u0103rie\" \/>\n<meta property=\"og:description\" content=\"Format: 23x28 cm Num\u0103r pagini: 272 Anul apari\u0163iei: 2020 ISBN: 978-606-622-531-1\" \/>\n<meta property=\"og:url\" content=\"https:\/\/librarie.peles.ro\/ro\/product\/portretistica-regala-arta-si-memorie\/\" \/>\n<meta property=\"og:site_name\" content=\"Libr\u0103rie\" \/>\n<meta property=\"article:publisher\" content=\"https:\/\/www.facebook.com\/muzeulnationalpeles\" \/>\n<meta property=\"article:modified_time\" content=\"2025-03-20T09:02:11+00:00\" \/>\n<meta property=\"og:image\" content=\"https:\/\/librarie.peles.ro\/wp-content\/uploads\/2021\/02\/Portretistica-regala-coperta.jpg\" \/>\n\t<meta property=\"og:image:width\" content=\"1392\" \/>\n\t<meta property=\"og:image:height\" content=\"1686\" \/>\n\t<meta property=\"og:image:type\" content=\"image\/jpeg\" \/>\n<meta name=\"twitter:card\" content=\"summary_large_image\" \/>\n<meta name=\"twitter:site\" content=\"@MuzeulP\" \/>\n<meta name=\"twitter:label1\" content=\"Timp estimat pentru citire\" \/>\n\t<meta name=\"twitter:data1\" content=\"1 minut\" \/>\n<script type=\"application\/ld+json\" class=\"yoast-schema-graph\">{\"@context\":\"https:\\\/\\\/schema.org\",\"@graph\":[{\"@type\":\"WebPage\",\"@id\":\"https:\\\/\\\/librarie.peles.ro\\\/product\\\/portretistica-regala-arta-si-memorie\\\/\",\"url\":\"https:\\\/\\\/librarie.peles.ro\\\/product\\\/portretistica-regala-arta-si-memorie\\\/\",\"name\":\"Portretistica regal\u0103. Art\u0103 \u0219i memorie - Libr\u0103rie\",\"isPartOf\":{\"@id\":\"https:\\\/\\\/librarie.peles.ro\\\/ro\\\/#website\"},\"primaryImageOfPage\":{\"@id\":\"https:\\\/\\\/librarie.peles.ro\\\/product\\\/portretistica-regala-arta-si-memorie\\\/#primaryimage\"},\"image\":{\"@id\":\"https:\\\/\\\/librarie.peles.ro\\\/product\\\/portretistica-regala-arta-si-memorie\\\/#primaryimage\"},\"thumbnailUrl\":\"https:\\\/\\\/librarie.peles.ro\\\/wp-content\\\/uploads\\\/2021\\\/02\\\/Portretistica-regala-coperta.jpg\",\"datePublished\":\"2021-03-20T19:54:32+00:00\",\"dateModified\":\"2025-03-20T09:02:11+00:00\",\"breadcrumb\":{\"@id\":\"https:\\\/\\\/librarie.peles.ro\\\/product\\\/portretistica-regala-arta-si-memorie\\\/#breadcrumb\"},\"inLanguage\":\"ro-RO\",\"potentialAction\":[{\"@type\":\"ReadAction\",\"target\":[\"https:\\\/\\\/librarie.peles.ro\\\/product\\\/portretistica-regala-arta-si-memorie\\\/\"]}]},{\"@type\":\"ImageObject\",\"inLanguage\":\"ro-RO\",\"@id\":\"https:\\\/\\\/librarie.peles.ro\\\/product\\\/portretistica-regala-arta-si-memorie\\\/#primaryimage\",\"url\":\"https:\\\/\\\/librarie.peles.ro\\\/wp-content\\\/uploads\\\/2021\\\/02\\\/Portretistica-regala-coperta.jpg\",\"contentUrl\":\"https:\\\/\\\/librarie.peles.ro\\\/wp-content\\\/uploads\\\/2021\\\/02\\\/Portretistica-regala-coperta.jpg\",\"width\":1392,\"height\":1686},{\"@type\":\"BreadcrumbList\",\"@id\":\"https:\\\/\\\/librarie.peles.ro\\\/product\\\/portretistica-regala-arta-si-memorie\\\/#breadcrumb\",\"itemListElement\":[{\"@type\":\"ListItem\",\"position\":1,\"name\":\"Home\",\"item\":\"https:\\\/\\\/librarie.peles.ro\\\/ro\\\/\"},{\"@type\":\"ListItem\",\"position\":2,\"name\":\"Shop\",\"item\":\"https:\\\/\\\/librarie.peles.ro\\\/ro\\\/shop\\\/\"},{\"@type\":\"ListItem\",\"position\":3,\"name\":\"Portretistica regal\u0103. Art\u0103 \u0219i memorie\"}]},{\"@type\":\"WebSite\",\"@id\":\"https:\\\/\\\/librarie.peles.ro\\\/ro\\\/#website\",\"url\":\"https:\\\/\\\/librarie.peles.ro\\\/ro\\\/\",\"name\":\"Libr\u0103rie\",\"description\":\"Muzeul Na\u021bional Pele\u0219\",\"publisher\":{\"@id\":\"https:\\\/\\\/librarie.peles.ro\\\/ro\\\/#organization\"},\"potentialAction\":[{\"@type\":\"SearchAction\",\"target\":{\"@type\":\"EntryPoint\",\"urlTemplate\":\"https:\\\/\\\/librarie.peles.ro\\\/ro\\\/?s={search_term_string}\"},\"query-input\":{\"@type\":\"PropertyValueSpecification\",\"valueRequired\":true,\"valueName\":\"search_term_string\"}}],\"inLanguage\":\"ro-RO\"},{\"@type\":\"Organization\",\"@id\":\"https:\\\/\\\/librarie.peles.ro\\\/ro\\\/#organization\",\"name\":\"Libr\u0103rie\",\"url\":\"https:\\\/\\\/librarie.peles.ro\\\/ro\\\/\",\"logo\":{\"@type\":\"ImageObject\",\"inLanguage\":\"ro-RO\",\"@id\":\"https:\\\/\\\/librarie.peles.ro\\\/ro\\\/#\\\/schema\\\/logo\\\/image\\\/\",\"url\":\"https:\\\/\\\/librarie.peles.ro\\\/wp-content\\\/uploads\\\/2025\\\/01\\\/Logo-1.png\",\"contentUrl\":\"https:\\\/\\\/librarie.peles.ro\\\/wp-content\\\/uploads\\\/2025\\\/01\\\/Logo-1.png\",\"width\":1046,\"height\":200,\"caption\":\"Libr\u0103rie\"},\"image\":{\"@id\":\"https:\\\/\\\/librarie.peles.ro\\\/ro\\\/#\\\/schema\\\/logo\\\/image\\\/\"},\"sameAs\":[\"https:\\\/\\\/www.facebook.com\\\/muzeulnationalpeles\",\"https:\\\/\\\/x.com\\\/MuzeulP\",\"https:\\\/\\\/www.instagram.com\\\/muzeul_national_peles\\\/\",\"https:\\\/\\\/www.youtube.com\\\/@muzeulnationalpeles7162\",\"https:\\\/\\\/www.tiktok.com\\\/@muzeulnationalpeles\"]}]}<\/script>\n<!-- \/ Yoast SEO plugin. -->","yoast_head_json":{"title":"Portretistica regal\u0103. Art\u0103 \u0219i memorie - Libr\u0103rie","robots":{"index":"noindex","follow":"follow","max-snippet":"max-snippet:-1","max-image-preview":"max-image-preview:large","max-video-preview":"max-video-preview:-1"},"og_locale":"ro_RO","og_type":"article","og_title":"Portretistica regal\u0103. Art\u0103 \u0219i memorie - Libr\u0103rie","og_description":"Format: 23x28 cm Num\u0103r pagini: 272 Anul apari\u0163iei: 2020 ISBN: 978-606-622-531-1","og_url":"https:\/\/librarie.peles.ro\/ro\/product\/portretistica-regala-arta-si-memorie\/","og_site_name":"Libr\u0103rie","article_publisher":"https:\/\/www.facebook.com\/muzeulnationalpeles","article_modified_time":"2025-03-20T09:02:11+00:00","og_image":[{"width":1392,"height":1686,"url":"https:\/\/librarie.peles.ro\/wp-content\/uploads\/2021\/02\/Portretistica-regala-coperta.jpg","type":"image\/jpeg"}],"twitter_card":"summary_large_image","twitter_site":"@MuzeulP","twitter_misc":{"Timp estimat pentru citire":"1 minut"},"schema":{"@context":"https:\/\/schema.org","@graph":[{"@type":"WebPage","@id":"https:\/\/librarie.peles.ro\/product\/portretistica-regala-arta-si-memorie\/","url":"https:\/\/librarie.peles.ro\/product\/portretistica-regala-arta-si-memorie\/","name":"Portretistica regal\u0103. Art\u0103 \u0219i memorie - Libr\u0103rie","isPartOf":{"@id":"https:\/\/librarie.peles.ro\/ro\/#website"},"primaryImageOfPage":{"@id":"https:\/\/librarie.peles.ro\/product\/portretistica-regala-arta-si-memorie\/#primaryimage"},"image":{"@id":"https:\/\/librarie.peles.ro\/product\/portretistica-regala-arta-si-memorie\/#primaryimage"},"thumbnailUrl":"https:\/\/librarie.peles.ro\/wp-content\/uploads\/2021\/02\/Portretistica-regala-coperta.jpg","datePublished":"2021-03-20T19:54:32+00:00","dateModified":"2025-03-20T09:02:11+00:00","breadcrumb":{"@id":"https:\/\/librarie.peles.ro\/product\/portretistica-regala-arta-si-memorie\/#breadcrumb"},"inLanguage":"ro-RO","potentialAction":[{"@type":"ReadAction","target":["https:\/\/librarie.peles.ro\/product\/portretistica-regala-arta-si-memorie\/"]}]},{"@type":"ImageObject","inLanguage":"ro-RO","@id":"https:\/\/librarie.peles.ro\/product\/portretistica-regala-arta-si-memorie\/#primaryimage","url":"https:\/\/librarie.peles.ro\/wp-content\/uploads\/2021\/02\/Portretistica-regala-coperta.jpg","contentUrl":"https:\/\/librarie.peles.ro\/wp-content\/uploads\/2021\/02\/Portretistica-regala-coperta.jpg","width":1392,"height":1686},{"@type":"BreadcrumbList","@id":"https:\/\/librarie.peles.ro\/product\/portretistica-regala-arta-si-memorie\/#breadcrumb","itemListElement":[{"@type":"ListItem","position":1,"name":"Home","item":"https:\/\/librarie.peles.ro\/ro\/"},{"@type":"ListItem","position":2,"name":"Shop","item":"https:\/\/librarie.peles.ro\/ro\/shop\/"},{"@type":"ListItem","position":3,"name":"Portretistica regal\u0103. Art\u0103 \u0219i memorie"}]},{"@type":"WebSite","@id":"https:\/\/librarie.peles.ro\/ro\/#website","url":"https:\/\/librarie.peles.ro\/ro\/","name":"Libr\u0103rie","description":"Muzeul Na\u021bional Pele\u0219","publisher":{"@id":"https:\/\/librarie.peles.ro\/ro\/#organization"},"potentialAction":[{"@type":"SearchAction","target":{"@type":"EntryPoint","urlTemplate":"https:\/\/librarie.peles.ro\/ro\/?s={search_term_string}"},"query-input":{"@type":"PropertyValueSpecification","valueRequired":true,"valueName":"search_term_string"}}],"inLanguage":"ro-RO"},{"@type":"Organization","@id":"https:\/\/librarie.peles.ro\/ro\/#organization","name":"Libr\u0103rie","url":"https:\/\/librarie.peles.ro\/ro\/","logo":{"@type":"ImageObject","inLanguage":"ro-RO","@id":"https:\/\/librarie.peles.ro\/ro\/#\/schema\/logo\/image\/","url":"https:\/\/librarie.peles.ro\/wp-content\/uploads\/2025\/01\/Logo-1.png","contentUrl":"https:\/\/librarie.peles.ro\/wp-content\/uploads\/2025\/01\/Logo-1.png","width":1046,"height":200,"caption":"Libr\u0103rie"},"image":{"@id":"https:\/\/librarie.peles.ro\/ro\/#\/schema\/logo\/image\/"},"sameAs":["https:\/\/www.facebook.com\/muzeulnationalpeles","https:\/\/x.com\/MuzeulP","https:\/\/www.instagram.com\/muzeul_national_peles\/","https:\/\/www.youtube.com\/@muzeulnationalpeles7162","https:\/\/www.tiktok.com\/@muzeulnationalpeles"]}]}},"_links":{"self":[{"href":"https:\/\/librarie.peles.ro\/ro\/wp-json\/wp\/v2\/product\/429","targetHints":{"allow":["GET"]}}],"collection":[{"href":"https:\/\/librarie.peles.ro\/ro\/wp-json\/wp\/v2\/product"}],"about":[{"href":"https:\/\/librarie.peles.ro\/ro\/wp-json\/wp\/v2\/types\/product"}],"replies":[{"embeddable":true,"href":"https:\/\/librarie.peles.ro\/ro\/wp-json\/wp\/v2\/comments?post=429"}],"version-history":[{"count":2,"href":"https:\/\/librarie.peles.ro\/ro\/wp-json\/wp\/v2\/product\/429\/revisions"}],"predecessor-version":[{"id":1949,"href":"https:\/\/librarie.peles.ro\/ro\/wp-json\/wp\/v2\/product\/429\/revisions\/1949"}],"wp:featuredmedia":[{"embeddable":true,"href":"https:\/\/librarie.peles.ro\/ro\/wp-json\/wp\/v2\/media\/430"}],"wp:attachment":[{"href":"https:\/\/librarie.peles.ro\/ro\/wp-json\/wp\/v2\/media?parent=429"}],"wp:term":[{"taxonomy":"product_brand","embeddable":true,"href":"https:\/\/librarie.peles.ro\/ro\/wp-json\/wp\/v2\/product_brand?post=429"},{"taxonomy":"product_cat","embeddable":true,"href":"https:\/\/librarie.peles.ro\/ro\/wp-json\/wp\/v2\/product_cat?post=429"},{"taxonomy":"product_tag","embeddable":true,"href":"https:\/\/librarie.peles.ro\/ro\/wp-json\/wp\/v2\/product_tag?post=429"}],"curies":[{"name":"wp","href":"https:\/\/api.w.org\/{rel}","templated":true}]}}