{"id":1171,"date":"2024-12-17T11:53:53","date_gmt":"2024-12-17T09:53:53","guid":{"rendered":"https:\/\/librarie.peles.ro\/?post_type=product&#038;p=1171"},"modified":"2025-03-20T09:07:40","modified_gmt":"2025-03-20T09:07:40","slug":"colecta-de-vitralii-2024","status":"publish","type":"product","link":"https:\/\/librarie.peles.ro\/ro\/product\/colecta-de-vitralii-2024\/","title":{"rendered":"Colec\u021bia de vitralii a Muzeului Na\u021bional Pele\u0219 &#8211; catalog selectiv"},"content":{"rendered":"<p>\u201eArta vitraliului \u2013 dezvoltat\u0103 \u00een Fran\u021ba, \u00eenc\u0103 din veacul al VII-lea, unde a triumfat cu decorarea marilor catedrale gotice ridicate cinci secole mai t\u00e2rziu \u2013 a impus compozi\u021bii complexe ce ilustrau, \u00een principal, subiecte hagiografice. \u00cenc\u0103 din evul mediu, dar mai ales \u00een epoca Rena\u0219terii, re\u0219edin\u021bele regale \u0219i nobiliare din Occident au fost decorate cu vitralii artistice, ce aveau nu doar scop utilitar \u0219i estetic, ci \u0219i unul imagologic, de reprezentare a unor legende \u0219i istorii ale familiilor comanditare, \u00eentrep\u0103trunse cu scene biblice. \u00cen Europa celui de-al XIX-lea veac, moda construirii castelelor \u00een stil istorist a impus o revigorare a inser\u0103rii vitraliilor \u00een decora\u021bia acestor falnice zidiri.<br \/>\nColec\u021bionar \u00eemp\u0103timit, primul nostru suveran nu putea abdica de la aceast\u0103 tradi\u021bie, pe care o putuse bine observa chiar \u00een castelul natal de la Sigmaringen, la care au lucrat genera\u021bii de Hohenzollerni, ale c\u0103ror portrete le vom reg\u0103si \u00een galeria str\u0103mo\u0219ilor de la Castelul Pele\u0219, unde au fost picta\u021bi de Gustav Klimt \u0219i de Franz von Matsch, \u00een anii 1883-1884, pe pere\u021bii sc\u0103rii de onoare. G\u00e2ndul la re\u0219edin\u021ba \u00een care se n\u0103scuse \u00eel va determina pe rege s\u0103 \u00eei cear\u0103 vienezului Berhnard Ludwig-fiul s\u0103 decoreze Holul de onoare al Castelului Pele\u0219 cu intarsii reprezent\u00e2nd castelele istorice ale familiei Hohenzollern.<br \/>\n[&#8230;] Catalogul Colec\u021bia de vitralii a Muzeului Na\u021bional Pele\u0219 reprezint\u0103 proiectul editorial conex expozi\u021biei Vitraliul. Metamorfozele luminii, vernisat\u0103 la Castelul Pele\u0219 \u00een data de 3 august 2024, \u00een care am \u00eencercat s\u0103 prezent\u0103m iubitorilor artei \u0219i istoriei ce a \u00eensemnat colec\u021bia de vitralii \u00een evolu\u021bia stilistic\u0103 a decora\u021biei celor dou\u0103 castele, Pele\u0219 \u0219i Peli\u0219or.\u201d<\/p>\n<p style=\"text-align: right;\">Dr. Narcis Dorin Ion<\/p>\n","protected":false},"excerpt":{"rendered":"<p>Format: 23&#215;28 cm<br \/>\nNum\u0103r pagini: 296<br \/>\nAnul apari\u021biei: 2024<br \/>\nISBN: 978-606-622-746-9<\/p>\n","protected":false},"featured_media":1175,"comment_status":"open","ping_status":"closed","template":"","meta":[],"product_brand":[],"product_cat":[15],"product_tag":[],"class_list":{"0":"post-1171","1":"product","2":"type-product","3":"status-publish","4":"has-post-thumbnail","6":"product_cat-uncategorized","8":"first","9":"instock","10":"shipping-taxable","11":"purchasable","12":"product-type-simple"},"yoast_head":"<!-- This site is optimized with the Yoast SEO plugin v27.4 - https:\/\/yoast.com\/product\/yoast-seo-wordpress\/ -->\n<title>Colec\u021bia de vitralii a Muzeului Na\u021bional Pele\u0219 - catalog selectiv - Libr\u0103rie<\/title>\n<meta name=\"robots\" content=\"noindex, follow, max-snippet:-1, max-image-preview:large, max-video-preview:-1\" \/>\n<meta property=\"og:locale\" content=\"ro_RO\" \/>\n<meta property=\"og:type\" content=\"article\" \/>\n<meta property=\"og:title\" content=\"Colec\u021bia de vitralii a Muzeului Na\u021bional Pele\u0219 - catalog selectiv - Libr\u0103rie\" \/>\n<meta property=\"og:description\" content=\"Format: 23x28 cm Num\u0103r pagini: 296 Anul apari\u021biei: 2024 ISBN: 978-606-622-746-9\" \/>\n<meta property=\"og:url\" content=\"https:\/\/librarie.peles.ro\/ro\/product\/colecta-de-vitralii-2024\/\" \/>\n<meta property=\"og:site_name\" content=\"Libr\u0103rie\" \/>\n<meta property=\"article:publisher\" content=\"https:\/\/www.facebook.com\/muzeulnationalpeles\" \/>\n<meta property=\"article:modified_time\" content=\"2025-03-20T09:07:40+00:00\" \/>\n<meta property=\"og:image\" content=\"https:\/\/librarie.peles.ro\/wp-content\/uploads\/2024\/12\/scoarta-vitralii-846x1024.png\" \/>\n\t<meta property=\"og:image:width\" content=\"846\" \/>\n\t<meta property=\"og:image:height\" content=\"1024\" \/>\n\t<meta property=\"og:image:type\" content=\"image\/png\" \/>\n<meta name=\"twitter:card\" content=\"summary_large_image\" \/>\n<meta name=\"twitter:site\" content=\"@MuzeulP\" \/>\n<meta name=\"twitter:label1\" content=\"Timp estimat pentru citire\" \/>\n\t<meta name=\"twitter:data1\" content=\"2 minute\" \/>\n<script type=\"application\/ld+json\" class=\"yoast-schema-graph\">{\"@context\":\"https:\\\/\\\/schema.org\",\"@graph\":[{\"@type\":\"WebPage\",\"@id\":\"https:\\\/\\\/librarie.peles.ro\\\/product\\\/colecta-de-vitralii-2024\\\/\",\"url\":\"https:\\\/\\\/librarie.peles.ro\\\/product\\\/colecta-de-vitralii-2024\\\/\",\"name\":\"Colec\u021bia de vitralii a Muzeului Na\u021bional Pele\u0219 - catalog selectiv - Libr\u0103rie\",\"isPartOf\":{\"@id\":\"https:\\\/\\\/librarie.peles.ro\\\/ro\\\/#website\"},\"primaryImageOfPage\":{\"@id\":\"https:\\\/\\\/librarie.peles.ro\\\/product\\\/colecta-de-vitralii-2024\\\/#primaryimage\"},\"image\":{\"@id\":\"https:\\\/\\\/librarie.peles.ro\\\/product\\\/colecta-de-vitralii-2024\\\/#primaryimage\"},\"thumbnailUrl\":\"https:\\\/\\\/librarie.peles.ro\\\/wp-content\\\/uploads\\\/2024\\\/12\\\/scoarta-vitralii.png\",\"datePublished\":\"2024-12-17T09:53:53+00:00\",\"dateModified\":\"2025-03-20T09:07:40+00:00\",\"breadcrumb\":{\"@id\":\"https:\\\/\\\/librarie.peles.ro\\\/product\\\/colecta-de-vitralii-2024\\\/#breadcrumb\"},\"inLanguage\":\"ro-RO\",\"potentialAction\":[{\"@type\":\"ReadAction\",\"target\":[\"https:\\\/\\\/librarie.peles.ro\\\/product\\\/colecta-de-vitralii-2024\\\/\"]}]},{\"@type\":\"ImageObject\",\"inLanguage\":\"ro-RO\",\"@id\":\"https:\\\/\\\/librarie.peles.ro\\\/product\\\/colecta-de-vitralii-2024\\\/#primaryimage\",\"url\":\"https:\\\/\\\/librarie.peles.ro\\\/wp-content\\\/uploads\\\/2024\\\/12\\\/scoarta-vitralii.png\",\"contentUrl\":\"https:\\\/\\\/librarie.peles.ro\\\/wp-content\\\/uploads\\\/2024\\\/12\\\/scoarta-vitralii.png\",\"width\":2780,\"height\":3366},{\"@type\":\"BreadcrumbList\",\"@id\":\"https:\\\/\\\/librarie.peles.ro\\\/product\\\/colecta-de-vitralii-2024\\\/#breadcrumb\",\"itemListElement\":[{\"@type\":\"ListItem\",\"position\":1,\"name\":\"Home\",\"item\":\"https:\\\/\\\/librarie.peles.ro\\\/ro\\\/\"},{\"@type\":\"ListItem\",\"position\":2,\"name\":\"Shop\",\"item\":\"https:\\\/\\\/librarie.peles.ro\\\/ro\\\/shop\\\/\"},{\"@type\":\"ListItem\",\"position\":3,\"name\":\"Colec\u021bia de vitralii a Muzeului Na\u021bional Pele\u0219 &#8211; catalog selectiv\"}]},{\"@type\":\"WebSite\",\"@id\":\"https:\\\/\\\/librarie.peles.ro\\\/ro\\\/#website\",\"url\":\"https:\\\/\\\/librarie.peles.ro\\\/ro\\\/\",\"name\":\"Libr\u0103rie\",\"description\":\"Muzeul Na\u021bional Pele\u0219\",\"publisher\":{\"@id\":\"https:\\\/\\\/librarie.peles.ro\\\/ro\\\/#organization\"},\"potentialAction\":[{\"@type\":\"SearchAction\",\"target\":{\"@type\":\"EntryPoint\",\"urlTemplate\":\"https:\\\/\\\/librarie.peles.ro\\\/ro\\\/?s={search_term_string}\"},\"query-input\":{\"@type\":\"PropertyValueSpecification\",\"valueRequired\":true,\"valueName\":\"search_term_string\"}}],\"inLanguage\":\"ro-RO\"},{\"@type\":\"Organization\",\"@id\":\"https:\\\/\\\/librarie.peles.ro\\\/ro\\\/#organization\",\"name\":\"Libr\u0103rie\",\"url\":\"https:\\\/\\\/librarie.peles.ro\\\/ro\\\/\",\"logo\":{\"@type\":\"ImageObject\",\"inLanguage\":\"ro-RO\",\"@id\":\"https:\\\/\\\/librarie.peles.ro\\\/ro\\\/#\\\/schema\\\/logo\\\/image\\\/\",\"url\":\"https:\\\/\\\/librarie.peles.ro\\\/wp-content\\\/uploads\\\/2025\\\/01\\\/Logo-1.png\",\"contentUrl\":\"https:\\\/\\\/librarie.peles.ro\\\/wp-content\\\/uploads\\\/2025\\\/01\\\/Logo-1.png\",\"width\":1046,\"height\":200,\"caption\":\"Libr\u0103rie\"},\"image\":{\"@id\":\"https:\\\/\\\/librarie.peles.ro\\\/ro\\\/#\\\/schema\\\/logo\\\/image\\\/\"},\"sameAs\":[\"https:\\\/\\\/www.facebook.com\\\/muzeulnationalpeles\",\"https:\\\/\\\/x.com\\\/MuzeulP\",\"https:\\\/\\\/www.instagram.com\\\/muzeul_national_peles\\\/\",\"https:\\\/\\\/www.youtube.com\\\/@muzeulnationalpeles7162\",\"https:\\\/\\\/www.tiktok.com\\\/@muzeulnationalpeles\"]}]}<\/script>\n<!-- \/ Yoast SEO plugin. -->","yoast_head_json":{"title":"Colec\u021bia de vitralii a Muzeului Na\u021bional Pele\u0219 - catalog selectiv - Libr\u0103rie","robots":{"index":"noindex","follow":"follow","max-snippet":"max-snippet:-1","max-image-preview":"max-image-preview:large","max-video-preview":"max-video-preview:-1"},"og_locale":"ro_RO","og_type":"article","og_title":"Colec\u021bia de vitralii a Muzeului Na\u021bional Pele\u0219 - catalog selectiv - Libr\u0103rie","og_description":"Format: 23x28 cm Num\u0103r pagini: 296 Anul apari\u021biei: 2024 ISBN: 978-606-622-746-9","og_url":"https:\/\/librarie.peles.ro\/ro\/product\/colecta-de-vitralii-2024\/","og_site_name":"Libr\u0103rie","article_publisher":"https:\/\/www.facebook.com\/muzeulnationalpeles","article_modified_time":"2025-03-20T09:07:40+00:00","og_image":[{"width":846,"height":1024,"url":"https:\/\/librarie.peles.ro\/wp-content\/uploads\/2024\/12\/scoarta-vitralii-846x1024.png","type":"image\/png"}],"twitter_card":"summary_large_image","twitter_site":"@MuzeulP","twitter_misc":{"Timp estimat pentru citire":"2 minute"},"schema":{"@context":"https:\/\/schema.org","@graph":[{"@type":"WebPage","@id":"https:\/\/librarie.peles.ro\/product\/colecta-de-vitralii-2024\/","url":"https:\/\/librarie.peles.ro\/product\/colecta-de-vitralii-2024\/","name":"Colec\u021bia de vitralii a Muzeului Na\u021bional Pele\u0219 - catalog selectiv - Libr\u0103rie","isPartOf":{"@id":"https:\/\/librarie.peles.ro\/ro\/#website"},"primaryImageOfPage":{"@id":"https:\/\/librarie.peles.ro\/product\/colecta-de-vitralii-2024\/#primaryimage"},"image":{"@id":"https:\/\/librarie.peles.ro\/product\/colecta-de-vitralii-2024\/#primaryimage"},"thumbnailUrl":"https:\/\/librarie.peles.ro\/wp-content\/uploads\/2024\/12\/scoarta-vitralii.png","datePublished":"2024-12-17T09:53:53+00:00","dateModified":"2025-03-20T09:07:40+00:00","breadcrumb":{"@id":"https:\/\/librarie.peles.ro\/product\/colecta-de-vitralii-2024\/#breadcrumb"},"inLanguage":"ro-RO","potentialAction":[{"@type":"ReadAction","target":["https:\/\/librarie.peles.ro\/product\/colecta-de-vitralii-2024\/"]}]},{"@type":"ImageObject","inLanguage":"ro-RO","@id":"https:\/\/librarie.peles.ro\/product\/colecta-de-vitralii-2024\/#primaryimage","url":"https:\/\/librarie.peles.ro\/wp-content\/uploads\/2024\/12\/scoarta-vitralii.png","contentUrl":"https:\/\/librarie.peles.ro\/wp-content\/uploads\/2024\/12\/scoarta-vitralii.png","width":2780,"height":3366},{"@type":"BreadcrumbList","@id":"https:\/\/librarie.peles.ro\/product\/colecta-de-vitralii-2024\/#breadcrumb","itemListElement":[{"@type":"ListItem","position":1,"name":"Home","item":"https:\/\/librarie.peles.ro\/ro\/"},{"@type":"ListItem","position":2,"name":"Shop","item":"https:\/\/librarie.peles.ro\/ro\/shop\/"},{"@type":"ListItem","position":3,"name":"Colec\u021bia de vitralii a Muzeului Na\u021bional Pele\u0219 &#8211; catalog selectiv"}]},{"@type":"WebSite","@id":"https:\/\/librarie.peles.ro\/ro\/#website","url":"https:\/\/librarie.peles.ro\/ro\/","name":"Libr\u0103rie","description":"Muzeul Na\u021bional Pele\u0219","publisher":{"@id":"https:\/\/librarie.peles.ro\/ro\/#organization"},"potentialAction":[{"@type":"SearchAction","target":{"@type":"EntryPoint","urlTemplate":"https:\/\/librarie.peles.ro\/ro\/?s={search_term_string}"},"query-input":{"@type":"PropertyValueSpecification","valueRequired":true,"valueName":"search_term_string"}}],"inLanguage":"ro-RO"},{"@type":"Organization","@id":"https:\/\/librarie.peles.ro\/ro\/#organization","name":"Libr\u0103rie","url":"https:\/\/librarie.peles.ro\/ro\/","logo":{"@type":"ImageObject","inLanguage":"ro-RO","@id":"https:\/\/librarie.peles.ro\/ro\/#\/schema\/logo\/image\/","url":"https:\/\/librarie.peles.ro\/wp-content\/uploads\/2025\/01\/Logo-1.png","contentUrl":"https:\/\/librarie.peles.ro\/wp-content\/uploads\/2025\/01\/Logo-1.png","width":1046,"height":200,"caption":"Libr\u0103rie"},"image":{"@id":"https:\/\/librarie.peles.ro\/ro\/#\/schema\/logo\/image\/"},"sameAs":["https:\/\/www.facebook.com\/muzeulnationalpeles","https:\/\/x.com\/MuzeulP","https:\/\/www.instagram.com\/muzeul_national_peles\/","https:\/\/www.youtube.com\/@muzeulnationalpeles7162","https:\/\/www.tiktok.com\/@muzeulnationalpeles"]}]}},"_links":{"self":[{"href":"https:\/\/librarie.peles.ro\/ro\/wp-json\/wp\/v2\/product\/1171","targetHints":{"allow":["GET"]}}],"collection":[{"href":"https:\/\/librarie.peles.ro\/ro\/wp-json\/wp\/v2\/product"}],"about":[{"href":"https:\/\/librarie.peles.ro\/ro\/wp-json\/wp\/v2\/types\/product"}],"replies":[{"embeddable":true,"href":"https:\/\/librarie.peles.ro\/ro\/wp-json\/wp\/v2\/comments?post=1171"}],"version-history":[{"count":1,"href":"https:\/\/librarie.peles.ro\/ro\/wp-json\/wp\/v2\/product\/1171\/revisions"}],"predecessor-version":[{"id":1923,"href":"https:\/\/librarie.peles.ro\/ro\/wp-json\/wp\/v2\/product\/1171\/revisions\/1923"}],"wp:featuredmedia":[{"embeddable":true,"href":"https:\/\/librarie.peles.ro\/ro\/wp-json\/wp\/v2\/media\/1175"}],"wp:attachment":[{"href":"https:\/\/librarie.peles.ro\/ro\/wp-json\/wp\/v2\/media?parent=1171"}],"wp:term":[{"taxonomy":"product_brand","embeddable":true,"href":"https:\/\/librarie.peles.ro\/ro\/wp-json\/wp\/v2\/product_brand?post=1171"},{"taxonomy":"product_cat","embeddable":true,"href":"https:\/\/librarie.peles.ro\/ro\/wp-json\/wp\/v2\/product_cat?post=1171"},{"taxonomy":"product_tag","embeddable":true,"href":"https:\/\/librarie.peles.ro\/ro\/wp-json\/wp\/v2\/product_tag?post=1171"}],"curies":[{"name":"wp","href":"https:\/\/api.w.org\/{rel}","templated":true}]}}