{"id":1042,"date":"2023-12-13T14:10:21","date_gmt":"2023-12-13T12:10:21","guid":{"rendered":"https:\/\/librarie.peles.ro\/?post_type=product&#038;p=1042"},"modified":"2026-01-21T09:01:19","modified_gmt":"2026-01-21T09:01:19","slug":"album-vanatorile-regale","status":"publish","type":"product","link":"https:\/\/librarie.peles.ro\/ro\/product\/album-vanatorile-regale\/","title":{"rendered":"Album \u201eV\u00e2n\u0103torile regale\u201d"},"content":{"rendered":"<p>Cei patru regi ai Rom\u00e2niei \u2013 Carol I, Ferdinand I, Carol al II-lea \u0219i Mihai I \u2013 au fost pasiona\u021bi de v\u00e2n\u0103toare, vechi hobby regal \u0219i aristocratic, pe care o practicau cel mai adesea \u00een p\u0103durile de pe Domeniile Coroanei: Peri\u0219, Segarcea, Gherghi\u021ba, M\u0103lini, Ru\u0219e\u021bu. Alteori, respect\u00e2nd o veche tradi\u021bie, suveranii onorau invita\u021biile pe care le f\u0103ceau boierii \u0219i aristocra\u021bii vremii. Spre exemplu, \u00een Moldova, regele Ferdinand I a fost adesea invitat de c\u0103tre omul politic Petre P. Carp s\u0103 v\u00e2neze la mo\u0219ia sa de la \u021aib\u0103ne\u0219ti, din jude\u021bul Ia\u0219i, iar \u00een Transilvania, unul dintre domeniile nobiliare \u00een care au v\u00e2nat regii Ferdinand I, Carol al II-lea \u0219i Mihai I, imortaliza\u021bi \u00een fotografii de epoc\u0103, a fost castelul familiei Mocioni de la Bulci (\u00een jude\u021bul Arad), proprietatea baronului Antoniu Mocioni de Foeni, maestrul de v\u00e2n\u0103toare al Cur\u021bii Regale p\u00e2n\u0103 \u00een anul 1943.<\/p>\n<p>Album editat de Muzeul Na\u021bional Pele\u0219<\/p>\n<p>Texte: Dr. Narcis Dorin ION, Drd. Raluca ROMOK, Drd. Costin-Mihai DUMITRU, Corina DUMITRACHE, Cornelia DUMITRESCU, Alexandra GHIOARC\u0102, Mihaela DAN<\/p>\n","protected":false},"excerpt":{"rendered":"<p>Format: 23&#215;28 cm<br \/>\nNum\u0103r pagini: 296<br \/>\nAnul apari\u021biei: 2023<br \/>\nISBN: 978-606-622-683-7<\/p>\n","protected":false},"featured_media":1046,"comment_status":"open","ping_status":"closed","template":"","meta":[],"product_brand":[],"product_cat":[15],"product_tag":[],"class_list":{"0":"post-1042","1":"product","2":"type-product","3":"status-publish","4":"has-post-thumbnail","6":"product_cat-uncategorized","8":"first","9":"outofstock","10":"shipping-taxable","11":"purchasable","12":"product-type-simple"},"yoast_head":"<!-- This site is optimized with the Yoast SEO plugin v27.4 - https:\/\/yoast.com\/product\/yoast-seo-wordpress\/ -->\n<title>Album \u201eV\u00e2n\u0103torile regale\u201d - Libr\u0103rie<\/title>\n<meta name=\"robots\" content=\"noindex, follow, max-snippet:-1, max-image-preview:large, max-video-preview:-1\" \/>\n<meta property=\"og:locale\" content=\"ro_RO\" \/>\n<meta property=\"og:type\" content=\"article\" \/>\n<meta property=\"og:title\" content=\"Album \u201eV\u00e2n\u0103torile regale\u201d - Libr\u0103rie\" \/>\n<meta property=\"og:description\" content=\"Format: 23x28 cm Num\u0103r pagini: 296 Anul apari\u021biei: 2023 ISBN: 978-606-622-683-7\" \/>\n<meta property=\"og:url\" content=\"https:\/\/librarie.peles.ro\/ro\/product\/album-vanatorile-regale\/\" \/>\n<meta property=\"og:site_name\" content=\"Libr\u0103rie\" \/>\n<meta property=\"article:publisher\" content=\"https:\/\/www.facebook.com\/muzeulnationalpeles\" \/>\n<meta property=\"article:modified_time\" content=\"2026-01-21T09:01:19+00:00\" \/>\n<meta property=\"og:image\" content=\"https:\/\/librarie.peles.ro\/wp-content\/uploads\/2023\/12\/Coperta-vanatorile-regale-1.jpg\" \/>\n\t<meta property=\"og:image:width\" content=\"889\" \/>\n\t<meta property=\"og:image:height\" content=\"1080\" \/>\n\t<meta property=\"og:image:type\" content=\"image\/jpeg\" \/>\n<meta name=\"twitter:card\" content=\"summary_large_image\" \/>\n<meta name=\"twitter:site\" content=\"@MuzeulP\" \/>\n<meta name=\"twitter:label1\" content=\"Timp estimat pentru citire\" \/>\n\t<meta name=\"twitter:data1\" content=\"2 minute\" \/>\n<script type=\"application\/ld+json\" class=\"yoast-schema-graph\">{\"@context\":\"https:\\\/\\\/schema.org\",\"@graph\":[{\"@type\":\"WebPage\",\"@id\":\"https:\\\/\\\/librarie.peles.ro\\\/product\\\/album-vanatorile-regale\\\/\",\"url\":\"https:\\\/\\\/librarie.peles.ro\\\/product\\\/album-vanatorile-regale\\\/\",\"name\":\"Album \u201eV\u00e2n\u0103torile regale\u201d - Libr\u0103rie\",\"isPartOf\":{\"@id\":\"https:\\\/\\\/librarie.peles.ro\\\/ro\\\/#website\"},\"primaryImageOfPage\":{\"@id\":\"https:\\\/\\\/librarie.peles.ro\\\/product\\\/album-vanatorile-regale\\\/#primaryimage\"},\"image\":{\"@id\":\"https:\\\/\\\/librarie.peles.ro\\\/product\\\/album-vanatorile-regale\\\/#primaryimage\"},\"thumbnailUrl\":\"https:\\\/\\\/librarie.peles.ro\\\/wp-content\\\/uploads\\\/2023\\\/12\\\/Coperta-vanatorile-regale-1.jpg\",\"datePublished\":\"2023-12-13T12:10:21+00:00\",\"dateModified\":\"2026-01-21T09:01:19+00:00\",\"breadcrumb\":{\"@id\":\"https:\\\/\\\/librarie.peles.ro\\\/product\\\/album-vanatorile-regale\\\/#breadcrumb\"},\"inLanguage\":\"ro-RO\",\"potentialAction\":[{\"@type\":\"ReadAction\",\"target\":[\"https:\\\/\\\/librarie.peles.ro\\\/product\\\/album-vanatorile-regale\\\/\"]}]},{\"@type\":\"ImageObject\",\"inLanguage\":\"ro-RO\",\"@id\":\"https:\\\/\\\/librarie.peles.ro\\\/product\\\/album-vanatorile-regale\\\/#primaryimage\",\"url\":\"https:\\\/\\\/librarie.peles.ro\\\/wp-content\\\/uploads\\\/2023\\\/12\\\/Coperta-vanatorile-regale-1.jpg\",\"contentUrl\":\"https:\\\/\\\/librarie.peles.ro\\\/wp-content\\\/uploads\\\/2023\\\/12\\\/Coperta-vanatorile-regale-1.jpg\",\"width\":889,\"height\":1080},{\"@type\":\"BreadcrumbList\",\"@id\":\"https:\\\/\\\/librarie.peles.ro\\\/product\\\/album-vanatorile-regale\\\/#breadcrumb\",\"itemListElement\":[{\"@type\":\"ListItem\",\"position\":1,\"name\":\"Home\",\"item\":\"https:\\\/\\\/librarie.peles.ro\\\/ro\\\/\"},{\"@type\":\"ListItem\",\"position\":2,\"name\":\"Shop\",\"item\":\"https:\\\/\\\/librarie.peles.ro\\\/ro\\\/shop\\\/\"},{\"@type\":\"ListItem\",\"position\":3,\"name\":\"Album \u201eV\u00e2n\u0103torile regale\u201d\"}]},{\"@type\":\"WebSite\",\"@id\":\"https:\\\/\\\/librarie.peles.ro\\\/ro\\\/#website\",\"url\":\"https:\\\/\\\/librarie.peles.ro\\\/ro\\\/\",\"name\":\"Libr\u0103rie\",\"description\":\"Muzeul Na\u021bional Pele\u0219\",\"publisher\":{\"@id\":\"https:\\\/\\\/librarie.peles.ro\\\/ro\\\/#organization\"},\"potentialAction\":[{\"@type\":\"SearchAction\",\"target\":{\"@type\":\"EntryPoint\",\"urlTemplate\":\"https:\\\/\\\/librarie.peles.ro\\\/ro\\\/?s={search_term_string}\"},\"query-input\":{\"@type\":\"PropertyValueSpecification\",\"valueRequired\":true,\"valueName\":\"search_term_string\"}}],\"inLanguage\":\"ro-RO\"},{\"@type\":\"Organization\",\"@id\":\"https:\\\/\\\/librarie.peles.ro\\\/ro\\\/#organization\",\"name\":\"Libr\u0103rie\",\"url\":\"https:\\\/\\\/librarie.peles.ro\\\/ro\\\/\",\"logo\":{\"@type\":\"ImageObject\",\"inLanguage\":\"ro-RO\",\"@id\":\"https:\\\/\\\/librarie.peles.ro\\\/ro\\\/#\\\/schema\\\/logo\\\/image\\\/\",\"url\":\"https:\\\/\\\/librarie.peles.ro\\\/wp-content\\\/uploads\\\/2025\\\/01\\\/Logo-1.png\",\"contentUrl\":\"https:\\\/\\\/librarie.peles.ro\\\/wp-content\\\/uploads\\\/2025\\\/01\\\/Logo-1.png\",\"width\":1046,\"height\":200,\"caption\":\"Libr\u0103rie\"},\"image\":{\"@id\":\"https:\\\/\\\/librarie.peles.ro\\\/ro\\\/#\\\/schema\\\/logo\\\/image\\\/\"},\"sameAs\":[\"https:\\\/\\\/www.facebook.com\\\/muzeulnationalpeles\",\"https:\\\/\\\/x.com\\\/MuzeulP\",\"https:\\\/\\\/www.instagram.com\\\/muzeul_national_peles\\\/\",\"https:\\\/\\\/www.youtube.com\\\/@muzeulnationalpeles7162\",\"https:\\\/\\\/www.tiktok.com\\\/@muzeulnationalpeles\"]}]}<\/script>\n<!-- \/ Yoast SEO plugin. -->","yoast_head_json":{"title":"Album \u201eV\u00e2n\u0103torile regale\u201d - Libr\u0103rie","robots":{"index":"noindex","follow":"follow","max-snippet":"max-snippet:-1","max-image-preview":"max-image-preview:large","max-video-preview":"max-video-preview:-1"},"og_locale":"ro_RO","og_type":"article","og_title":"Album \u201eV\u00e2n\u0103torile regale\u201d - Libr\u0103rie","og_description":"Format: 23x28 cm Num\u0103r pagini: 296 Anul apari\u021biei: 2023 ISBN: 978-606-622-683-7","og_url":"https:\/\/librarie.peles.ro\/ro\/product\/album-vanatorile-regale\/","og_site_name":"Libr\u0103rie","article_publisher":"https:\/\/www.facebook.com\/muzeulnationalpeles","article_modified_time":"2026-01-21T09:01:19+00:00","og_image":[{"width":889,"height":1080,"url":"https:\/\/librarie.peles.ro\/wp-content\/uploads\/2023\/12\/Coperta-vanatorile-regale-1.jpg","type":"image\/jpeg"}],"twitter_card":"summary_large_image","twitter_site":"@MuzeulP","twitter_misc":{"Timp estimat pentru citire":"2 minute"},"schema":{"@context":"https:\/\/schema.org","@graph":[{"@type":"WebPage","@id":"https:\/\/librarie.peles.ro\/product\/album-vanatorile-regale\/","url":"https:\/\/librarie.peles.ro\/product\/album-vanatorile-regale\/","name":"Album \u201eV\u00e2n\u0103torile regale\u201d - Libr\u0103rie","isPartOf":{"@id":"https:\/\/librarie.peles.ro\/ro\/#website"},"primaryImageOfPage":{"@id":"https:\/\/librarie.peles.ro\/product\/album-vanatorile-regale\/#primaryimage"},"image":{"@id":"https:\/\/librarie.peles.ro\/product\/album-vanatorile-regale\/#primaryimage"},"thumbnailUrl":"https:\/\/librarie.peles.ro\/wp-content\/uploads\/2023\/12\/Coperta-vanatorile-regale-1.jpg","datePublished":"2023-12-13T12:10:21+00:00","dateModified":"2026-01-21T09:01:19+00:00","breadcrumb":{"@id":"https:\/\/librarie.peles.ro\/product\/album-vanatorile-regale\/#breadcrumb"},"inLanguage":"ro-RO","potentialAction":[{"@type":"ReadAction","target":["https:\/\/librarie.peles.ro\/product\/album-vanatorile-regale\/"]}]},{"@type":"ImageObject","inLanguage":"ro-RO","@id":"https:\/\/librarie.peles.ro\/product\/album-vanatorile-regale\/#primaryimage","url":"https:\/\/librarie.peles.ro\/wp-content\/uploads\/2023\/12\/Coperta-vanatorile-regale-1.jpg","contentUrl":"https:\/\/librarie.peles.ro\/wp-content\/uploads\/2023\/12\/Coperta-vanatorile-regale-1.jpg","width":889,"height":1080},{"@type":"BreadcrumbList","@id":"https:\/\/librarie.peles.ro\/product\/album-vanatorile-regale\/#breadcrumb","itemListElement":[{"@type":"ListItem","position":1,"name":"Home","item":"https:\/\/librarie.peles.ro\/ro\/"},{"@type":"ListItem","position":2,"name":"Shop","item":"https:\/\/librarie.peles.ro\/ro\/shop\/"},{"@type":"ListItem","position":3,"name":"Album \u201eV\u00e2n\u0103torile regale\u201d"}]},{"@type":"WebSite","@id":"https:\/\/librarie.peles.ro\/ro\/#website","url":"https:\/\/librarie.peles.ro\/ro\/","name":"Libr\u0103rie","description":"Muzeul Na\u021bional Pele\u0219","publisher":{"@id":"https:\/\/librarie.peles.ro\/ro\/#organization"},"potentialAction":[{"@type":"SearchAction","target":{"@type":"EntryPoint","urlTemplate":"https:\/\/librarie.peles.ro\/ro\/?s={search_term_string}"},"query-input":{"@type":"PropertyValueSpecification","valueRequired":true,"valueName":"search_term_string"}}],"inLanguage":"ro-RO"},{"@type":"Organization","@id":"https:\/\/librarie.peles.ro\/ro\/#organization","name":"Libr\u0103rie","url":"https:\/\/librarie.peles.ro\/ro\/","logo":{"@type":"ImageObject","inLanguage":"ro-RO","@id":"https:\/\/librarie.peles.ro\/ro\/#\/schema\/logo\/image\/","url":"https:\/\/librarie.peles.ro\/wp-content\/uploads\/2025\/01\/Logo-1.png","contentUrl":"https:\/\/librarie.peles.ro\/wp-content\/uploads\/2025\/01\/Logo-1.png","width":1046,"height":200,"caption":"Libr\u0103rie"},"image":{"@id":"https:\/\/librarie.peles.ro\/ro\/#\/schema\/logo\/image\/"},"sameAs":["https:\/\/www.facebook.com\/muzeulnationalpeles","https:\/\/x.com\/MuzeulP","https:\/\/www.instagram.com\/muzeul_national_peles\/","https:\/\/www.youtube.com\/@muzeulnationalpeles7162","https:\/\/www.tiktok.com\/@muzeulnationalpeles"]}]}},"_links":{"self":[{"href":"https:\/\/librarie.peles.ro\/ro\/wp-json\/wp\/v2\/product\/1042","targetHints":{"allow":["GET"]}}],"collection":[{"href":"https:\/\/librarie.peles.ro\/ro\/wp-json\/wp\/v2\/product"}],"about":[{"href":"https:\/\/librarie.peles.ro\/ro\/wp-json\/wp\/v2\/types\/product"}],"replies":[{"embeddable":true,"href":"https:\/\/librarie.peles.ro\/ro\/wp-json\/wp\/v2\/comments?post=1042"}],"version-history":[{"count":4,"href":"https:\/\/librarie.peles.ro\/ro\/wp-json\/wp\/v2\/product\/1042\/revisions"}],"predecessor-version":[{"id":1762,"href":"https:\/\/librarie.peles.ro\/ro\/wp-json\/wp\/v2\/product\/1042\/revisions\/1762"}],"wp:featuredmedia":[{"embeddable":true,"href":"https:\/\/librarie.peles.ro\/ro\/wp-json\/wp\/v2\/media\/1046"}],"wp:attachment":[{"href":"https:\/\/librarie.peles.ro\/ro\/wp-json\/wp\/v2\/media?parent=1042"}],"wp:term":[{"taxonomy":"product_brand","embeddable":true,"href":"https:\/\/librarie.peles.ro\/ro\/wp-json\/wp\/v2\/product_brand?post=1042"},{"taxonomy":"product_cat","embeddable":true,"href":"https:\/\/librarie.peles.ro\/ro\/wp-json\/wp\/v2\/product_cat?post=1042"},{"taxonomy":"product_tag","embeddable":true,"href":"https:\/\/librarie.peles.ro\/ro\/wp-json\/wp\/v2\/product_tag?post=1042"}],"curies":[{"name":"wp","href":"https:\/\/api.w.org\/{rel}","templated":true}]}}