{"id":2068,"date":"2025-02-19T14:17:13","date_gmt":"2025-02-19T14:17:13","guid":{"rendered":"https:\/\/lib-dev.peles.ro\/?page_id=2068"},"modified":"2025-02-25T12:33:29","modified_gmt":"2025-02-25T12:33:29","slug":"politica-de-livrare","status":"publish","type":"page","link":"https:\/\/librarie.peles.ro\/ro\/politica-de-livrare\/","title":{"rendered":"Politica de livrare"},"content":{"rendered":"\t\t<div data-elementor-type=\"wp-page\" data-elementor-id=\"2068\" class=\"elementor elementor-2068\" data-elementor-post-type=\"page\">\n\t\t\t\t<div class=\"elementor-element elementor-element-76d534e e-flex e-con-boxed e-con e-parent\" data-id=\"76d534e\" data-element_type=\"container\" data-e-type=\"container\">\n\t\t\t\t\t<div class=\"e-con-inner\">\n\t\t\t\t<div class=\"elementor-element elementor-element-eac5ec5 elementor-widget elementor-widget-heading\" data-id=\"eac5ec5\" data-element_type=\"widget\" data-e-type=\"widget\" data-widget_type=\"heading.default\">\n\t\t\t\t<div class=\"elementor-widget-container\">\n\t\t\t\t\t<h2 class=\"elementor-heading-title elementor-size-default\">Politica de livrare<\/h2>\t\t\t\t<\/div>\n\t\t\t\t<\/div>\n\t\t\t\t<div class=\"elementor-element elementor-element-b705565 elementor-widget elementor-widget-text-editor\" data-id=\"b705565\" data-element_type=\"widget\" data-e-type=\"widget\" data-widget_type=\"text-editor.default\">\n\t\t\t\t<div class=\"elementor-widget-container\">\n\t\t\t\t\t\t\t\t\t<p>Livrarea produselor comandate se face astfel:<\/p><ol class=\"wp-block-list\"><li>Comenzile pot fi plasate numai pe site-ul www.librarie.peles.ro, non-stop.<\/li><li>Pre\u021bul fiec\u0103rui produs este indicat \u00een pagina de prezentare.<\/li><li>Pentru a comanda un produs, cump\u0103r\u0103torul trebuie s\u0103 \u00eel adauge \u00een co\u0219 prin accesarea butonului \u201eAdaug\u0103 \u00een co\u0219\u201d, prezent pe pagina fiec\u0103rui produs.<\/li><li>Con\u021binutul co\u0219ului \u0219i inten\u021bia ferm\u0103 de cump\u0103rare din partea cump\u0103r\u0103torului sunt confirmate prin accesarea butonului de finalizare a comenzii.<\/li><li>Plata produselor comandate se efectueaz\u0103 fie online, prin eupl\u0103tesc.ro, fie prin numerar la livrare.<\/li><li>Prin \u00eenregistrarea unei Comenzi pe site, Cump\u0103r\u0103torul \u00ee\u0219i manifest\u0103 expres dorin\u021ba de achizi\u021bionare a produselor. Dup\u0103 plasarea Comenzii pe site, Muzeul Na\u021bional Pele\u0219 va procesa comanda \u0219i o va expedia c\u0103tre Cump\u0103r\u0103tor. Expedierea comenzilor se realizeaz\u0103 prin Po\u0219ta Rom\u00e2n\u0103.<\/li><li>Contractul se consider\u0103 \u00eencheiat \u00eentre V\u00e2nz\u0103tor \u0219i Cump\u0103r\u0103tor \u00een momentul primirii coletului, prin intermediul Po\u0219tei Rom\u00e2ne (\u00een cazul \u00een care comanda a fost pl\u0103tit\u0103 online, prin euplatesc.ro) sau dup\u0103 efectuarea pl\u0103\u021bii \u00een numerar, la livrare.<\/li><li>Prin trimiterea comenzii c\u0103tre V\u00e2nz\u0103tor, Cump\u0103r\u0103torul \u00ee\u0219i exprim\u0103 acordul s\u0103 \u00eei fie livrate produsele la adresa men\u021bionat\u0103 \u00een formularul de comand\u0103.<\/li><\/ol><ul class=\"wp-block-list\"><li style=\"list-style-type: none;\">\u00a0<\/li><\/ul><p><!-- \/wp:list-item --><\/p><p><!-- \/wp:list --><\/p>\t\t\t\t\t\t\t\t<\/div>\n\t\t\t\t<\/div>\n\t\t\t\t\t<\/div>\n\t\t\t\t<\/div>\n\t\t\t\t<\/div>\n\t\t","protected":false},"excerpt":{"rendered":"<p>Livrarea produselor comandate se face astfel: Comenzile pot fi plasate numai pe site-ul www.librarie.peles.ro, non-stop. Pre\u021bul fiec\u0103rui produs este indicat \u00een pagina de prezentare. Pentru a comanda un produs, cump\u0103r\u0103torul trebuie s\u0103 \u00eel adauge \u00een co\u0219 prin accesarea butonului \u201eAdaug\u0103 \u00een co\u0219\u201d, prezent pe pagina fiec\u0103rui produs. Con\u021binutul co\u0219ului \u0219i inten\u021bia ferm\u0103 de cump\u0103rare din [&hellip;]<\/p>\n","protected":false},"author":1,"featured_media":0,"parent":0,"menu_order":0,"comment_status":"closed","ping_status":"closed","template":"","meta":{"footnotes":""},"class_list":["post-2068","page","type-page","status-publish","hentry"],"yoast_head":"<!-- This site is optimized with the Yoast SEO plugin v27.4 - https:\/\/yoast.com\/product\/yoast-seo-wordpress\/ -->\n<title>Politica de livrare - Libr\u0103rie<\/title>\n<meta name=\"robots\" content=\"noindex, follow, max-snippet:-1, max-image-preview:large, max-video-preview:-1\" \/>\n<meta property=\"og:locale\" content=\"ro_RO\" \/>\n<meta property=\"og:type\" content=\"article\" \/>\n<meta property=\"og:title\" content=\"Politica de livrare - Libr\u0103rie\" \/>\n<meta property=\"og:description\" content=\"Livrarea produselor comandate se face astfel: Comenzile pot fi plasate numai pe site-ul www.librarie.peles.ro, non-stop. Pre\u021bul fiec\u0103rui produs este indicat \u00een pagina de prezentare. Pentru a comanda un produs, cump\u0103r\u0103torul trebuie s\u0103 \u00eel adauge \u00een co\u0219 prin accesarea butonului \u201eAdaug\u0103 \u00een co\u0219\u201d, prezent pe pagina fiec\u0103rui produs. Con\u021binutul co\u0219ului \u0219i inten\u021bia ferm\u0103 de cump\u0103rare din [&hellip;]\" \/>\n<meta property=\"og:url\" content=\"https:\/\/librarie.peles.ro\/ro\/politica-de-livrare\/\" \/>\n<meta property=\"og:site_name\" content=\"Libr\u0103rie\" \/>\n<meta property=\"article:publisher\" content=\"https:\/\/www.facebook.com\/muzeulnationalpeles\" \/>\n<meta property=\"article:modified_time\" content=\"2025-02-25T12:33:29+00:00\" \/>\n<meta name=\"twitter:card\" content=\"summary_large_image\" \/>\n<meta name=\"twitter:site\" content=\"@MuzeulP\" \/>\n<meta name=\"twitter:label1\" content=\"Timp estimat pentru citire\" \/>\n\t<meta name=\"twitter:data1\" content=\"1 minut\" \/>\n<script type=\"application\/ld+json\" class=\"yoast-schema-graph\">{\"@context\":\"https:\\\/\\\/schema.org\",\"@graph\":[{\"@type\":\"WebPage\",\"@id\":\"https:\\\/\\\/librarie.peles.ro\\\/ro\\\/politica-de-livrare\\\/\",\"url\":\"https:\\\/\\\/librarie.peles.ro\\\/ro\\\/politica-de-livrare\\\/\",\"name\":\"Politica de livrare - Libr\u0103rie\",\"isPartOf\":{\"@id\":\"https:\\\/\\\/librarie.peles.ro\\\/ro\\\/#website\"},\"datePublished\":\"2025-02-19T14:17:13+00:00\",\"dateModified\":\"2025-02-25T12:33:29+00:00\",\"breadcrumb\":{\"@id\":\"https:\\\/\\\/librarie.peles.ro\\\/ro\\\/politica-de-livrare\\\/#breadcrumb\"},\"inLanguage\":\"ro-RO\",\"potentialAction\":[{\"@type\":\"ReadAction\",\"target\":[\"https:\\\/\\\/librarie.peles.ro\\\/ro\\\/politica-de-livrare\\\/\"]}]},{\"@type\":\"BreadcrumbList\",\"@id\":\"https:\\\/\\\/librarie.peles.ro\\\/ro\\\/politica-de-livrare\\\/#breadcrumb\",\"itemListElement\":[{\"@type\":\"ListItem\",\"position\":1,\"name\":\"Home\",\"item\":\"https:\\\/\\\/librarie.peles.ro\\\/ro\\\/\"},{\"@type\":\"ListItem\",\"position\":2,\"name\":\"Politica de livrare\"}]},{\"@type\":\"WebSite\",\"@id\":\"https:\\\/\\\/librarie.peles.ro\\\/ro\\\/#website\",\"url\":\"https:\\\/\\\/librarie.peles.ro\\\/ro\\\/\",\"name\":\"Libr\u0103rie\",\"description\":\"Muzeul Na\u021bional Pele\u0219\",\"publisher\":{\"@id\":\"https:\\\/\\\/librarie.peles.ro\\\/ro\\\/#organization\"},\"potentialAction\":[{\"@type\":\"SearchAction\",\"target\":{\"@type\":\"EntryPoint\",\"urlTemplate\":\"https:\\\/\\\/librarie.peles.ro\\\/ro\\\/?s={search_term_string}\"},\"query-input\":{\"@type\":\"PropertyValueSpecification\",\"valueRequired\":true,\"valueName\":\"search_term_string\"}}],\"inLanguage\":\"ro-RO\"},{\"@type\":\"Organization\",\"@id\":\"https:\\\/\\\/librarie.peles.ro\\\/ro\\\/#organization\",\"name\":\"Libr\u0103rie\",\"url\":\"https:\\\/\\\/librarie.peles.ro\\\/ro\\\/\",\"logo\":{\"@type\":\"ImageObject\",\"inLanguage\":\"ro-RO\",\"@id\":\"https:\\\/\\\/librarie.peles.ro\\\/ro\\\/#\\\/schema\\\/logo\\\/image\\\/\",\"url\":\"https:\\\/\\\/librarie.peles.ro\\\/wp-content\\\/uploads\\\/2025\\\/01\\\/Logo-1.png\",\"contentUrl\":\"https:\\\/\\\/librarie.peles.ro\\\/wp-content\\\/uploads\\\/2025\\\/01\\\/Logo-1.png\",\"width\":1046,\"height\":200,\"caption\":\"Libr\u0103rie\"},\"image\":{\"@id\":\"https:\\\/\\\/librarie.peles.ro\\\/ro\\\/#\\\/schema\\\/logo\\\/image\\\/\"},\"sameAs\":[\"https:\\\/\\\/www.facebook.com\\\/muzeulnationalpeles\",\"https:\\\/\\\/x.com\\\/MuzeulP\",\"https:\\\/\\\/www.instagram.com\\\/muzeul_national_peles\\\/\",\"https:\\\/\\\/www.youtube.com\\\/@muzeulnationalpeles7162\",\"https:\\\/\\\/www.tiktok.com\\\/@muzeulnationalpeles\"]}]}<\/script>\n<!-- \/ Yoast SEO plugin. -->","yoast_head_json":{"title":"Politica de livrare - Libr\u0103rie","robots":{"index":"noindex","follow":"follow","max-snippet":"max-snippet:-1","max-image-preview":"max-image-preview:large","max-video-preview":"max-video-preview:-1"},"og_locale":"ro_RO","og_type":"article","og_title":"Politica de livrare - Libr\u0103rie","og_description":"Livrarea produselor comandate se face astfel: Comenzile pot fi plasate numai pe site-ul www.librarie.peles.ro, non-stop. Pre\u021bul fiec\u0103rui produs este indicat \u00een pagina de prezentare. Pentru a comanda un produs, cump\u0103r\u0103torul trebuie s\u0103 \u00eel adauge \u00een co\u0219 prin accesarea butonului \u201eAdaug\u0103 \u00een co\u0219\u201d, prezent pe pagina fiec\u0103rui produs. Con\u021binutul co\u0219ului \u0219i inten\u021bia ferm\u0103 de cump\u0103rare din [&hellip;]","og_url":"https:\/\/librarie.peles.ro\/ro\/politica-de-livrare\/","og_site_name":"Libr\u0103rie","article_publisher":"https:\/\/www.facebook.com\/muzeulnationalpeles","article_modified_time":"2025-02-25T12:33:29+00:00","twitter_card":"summary_large_image","twitter_site":"@MuzeulP","twitter_misc":{"Timp estimat pentru citire":"1 minut"},"schema":{"@context":"https:\/\/schema.org","@graph":[{"@type":"WebPage","@id":"https:\/\/librarie.peles.ro\/ro\/politica-de-livrare\/","url":"https:\/\/librarie.peles.ro\/ro\/politica-de-livrare\/","name":"Politica de livrare - Libr\u0103rie","isPartOf":{"@id":"https:\/\/librarie.peles.ro\/ro\/#website"},"datePublished":"2025-02-19T14:17:13+00:00","dateModified":"2025-02-25T12:33:29+00:00","breadcrumb":{"@id":"https:\/\/librarie.peles.ro\/ro\/politica-de-livrare\/#breadcrumb"},"inLanguage":"ro-RO","potentialAction":[{"@type":"ReadAction","target":["https:\/\/librarie.peles.ro\/ro\/politica-de-livrare\/"]}]},{"@type":"BreadcrumbList","@id":"https:\/\/librarie.peles.ro\/ro\/politica-de-livrare\/#breadcrumb","itemListElement":[{"@type":"ListItem","position":1,"name":"Home","item":"https:\/\/librarie.peles.ro\/ro\/"},{"@type":"ListItem","position":2,"name":"Politica de livrare"}]},{"@type":"WebSite","@id":"https:\/\/librarie.peles.ro\/ro\/#website","url":"https:\/\/librarie.peles.ro\/ro\/","name":"Libr\u0103rie","description":"Muzeul Na\u021bional Pele\u0219","publisher":{"@id":"https:\/\/librarie.peles.ro\/ro\/#organization"},"potentialAction":[{"@type":"SearchAction","target":{"@type":"EntryPoint","urlTemplate":"https:\/\/librarie.peles.ro\/ro\/?s={search_term_string}"},"query-input":{"@type":"PropertyValueSpecification","valueRequired":true,"valueName":"search_term_string"}}],"inLanguage":"ro-RO"},{"@type":"Organization","@id":"https:\/\/librarie.peles.ro\/ro\/#organization","name":"Libr\u0103rie","url":"https:\/\/librarie.peles.ro\/ro\/","logo":{"@type":"ImageObject","inLanguage":"ro-RO","@id":"https:\/\/librarie.peles.ro\/ro\/#\/schema\/logo\/image\/","url":"https:\/\/librarie.peles.ro\/wp-content\/uploads\/2025\/01\/Logo-1.png","contentUrl":"https:\/\/librarie.peles.ro\/wp-content\/uploads\/2025\/01\/Logo-1.png","width":1046,"height":200,"caption":"Libr\u0103rie"},"image":{"@id":"https:\/\/librarie.peles.ro\/ro\/#\/schema\/logo\/image\/"},"sameAs":["https:\/\/www.facebook.com\/muzeulnationalpeles","https:\/\/x.com\/MuzeulP","https:\/\/www.instagram.com\/muzeul_national_peles\/","https:\/\/www.youtube.com\/@muzeulnationalpeles7162","https:\/\/www.tiktok.com\/@muzeulnationalpeles"]}]}},"_links":{"self":[{"href":"https:\/\/librarie.peles.ro\/ro\/wp-json\/wp\/v2\/pages\/2068","targetHints":{"allow":["GET"]}}],"collection":[{"href":"https:\/\/librarie.peles.ro\/ro\/wp-json\/wp\/v2\/pages"}],"about":[{"href":"https:\/\/librarie.peles.ro\/ro\/wp-json\/wp\/v2\/types\/page"}],"author":[{"embeddable":true,"href":"https:\/\/librarie.peles.ro\/ro\/wp-json\/wp\/v2\/users\/1"}],"replies":[{"embeddable":true,"href":"https:\/\/librarie.peles.ro\/ro\/wp-json\/wp\/v2\/comments?post=2068"}],"version-history":[{"count":10,"href":"https:\/\/librarie.peles.ro\/ro\/wp-json\/wp\/v2\/pages\/2068\/revisions"}],"predecessor-version":[{"id":2086,"href":"https:\/\/librarie.peles.ro\/ro\/wp-json\/wp\/v2\/pages\/2068\/revisions\/2086"}],"wp:attachment":[{"href":"https:\/\/librarie.peles.ro\/ro\/wp-json\/wp\/v2\/media?parent=2068"}],"curies":[{"name":"wp","href":"https:\/\/api.w.org\/{rel}","templated":true}]}}