{"id":2060,"date":"2025-02-19T14:13:16","date_gmt":"2025-02-19T14:13:16","guid":{"rendered":"https:\/\/lib-dev.peles.ro\/?page_id=2060"},"modified":"2025-03-03T17:34:31","modified_gmt":"2025-03-03T17:34:31","slug":"termeni-si-conditii","status":"publish","type":"page","link":"https:\/\/librarie.peles.ro\/ro\/termeni-si-conditii\/","title":{"rendered":"Termeni \u0219i condi\u021bii"},"content":{"rendered":"\t\t<div data-elementor-type=\"wp-page\" data-elementor-id=\"2060\" class=\"elementor elementor-2060\" data-elementor-post-type=\"page\">\n\t\t\t\t<div class=\"elementor-element elementor-element-1584b2e e-flex e-con-boxed e-con e-parent\" data-id=\"1584b2e\" data-element_type=\"container\" data-e-type=\"container\">\n\t\t\t\t\t<div class=\"e-con-inner\">\n\t\t\t\t<div class=\"elementor-element elementor-element-a22dddc elementor-widget elementor-widget-heading\" data-id=\"a22dddc\" data-element_type=\"widget\" data-e-type=\"widget\" data-widget_type=\"heading.default\">\n\t\t\t\t<div class=\"elementor-widget-container\">\n\t\t\t\t\t<h2 class=\"elementor-heading-title elementor-size-default\">Termeni \u0219i condi\u021bii<\/h2>\t\t\t\t<\/div>\n\t\t\t\t<\/div>\n\t\t\t\t<div class=\"elementor-element elementor-element-09fa7ae elementor-widget elementor-widget-text-editor\" data-id=\"09fa7ae\" data-element_type=\"widget\" data-e-type=\"widget\" data-widget_type=\"text-editor.default\">\n\t\t\t\t<div class=\"elementor-widget-container\">\n\t\t\t\t\t\t\t\t\t<p>Bine a\u021bi venit pe pagina libr\u0103riei online a Muzeului Na\u021bional Pele\u0219 \u0219i v\u0103 mul\u021bumim pentru interesul acordat publica\u021biilor noastre!<\/p><p>Pentru a plasa o comand\u0103, este necesar s\u0103 v\u0103 cre\u021bi un cont acces\u00e2nd sec\u021biunea <em>Contul meu<\/em> din meniul principal sau \u00eenainte de finalizarea comenzii.<\/p><p>Publica\u021biile vor fi expediate dup\u0103 ac\u021biunea de finalizare a comenzii prin intermediul formularului de comand\u0103, V\u0103 rug\u0103m s\u0103 verifica\u021bi atent corectitudinea informa\u021biilor introduse.<\/p><p>Pre\u021bul produselor include TVA \u0219i cheltuielile de ambalare.<\/p><p>Livrarea produselor este gratuit\u0103, pe teritoriul Rom\u00e2niei, indiferent de valoarea comenzii.<\/p><p>Dup\u0103 plasarea comenzii, Muzeul Na\u021bional Pele\u0219 va emite factura fiscal\u0103, care va fi expediat\u0103 c\u0103tre cump\u0103r\u0103tor al\u0103turi de produsele comandate.<\/p><p>Publica\u021biile vor fi expediate prin Po\u0219ta Rom\u00e2n\u0103.<\/p><p>Plata publica\u021biilor se va efectua ramburs, la livrare.<\/p><p>Informa\u021biile furnizate c\u0103tre Muzeul Na\u021bional Pele\u0219 sunt utilizate \u00een scopul prelucr\u0103rii comenzilor, conform legilor \u00een vigoare.<\/p><p>Pentru detalii suplimentare\u00a0 v\u0103 rug\u0103m s\u0103 ne contacta\u021bi folosind <a href=\"https:\/\/peles.ro\/ro\/transparenta\/transparenta\/contact\/\">aceste date de contact<\/a>.<\/p>\t\t\t\t\t\t\t\t<\/div>\n\t\t\t\t<\/div>\n\t\t\t\t\t<\/div>\n\t\t\t\t<\/div>\n\t\t\t\t<\/div>\n\t\t","protected":false},"excerpt":{"rendered":"<p>Bine a\u021bi venit pe pagina libr\u0103riei online a Muzeului Na\u021bional Pele\u0219 \u0219i v\u0103 mul\u021bumim pentru interesul acordat publica\u021biilor noastre! Pentru a plasa o comand\u0103, este necesar s\u0103 v\u0103 cre\u021bi un cont acces\u00e2nd sec\u021biunea Contul meu din meniul principal sau \u00eenainte de finalizarea comenzii. Publica\u021biile vor fi expediate dup\u0103 ac\u021biunea de finalizare a comenzii prin intermediul [&hellip;]<\/p>\n","protected":false},"author":1,"featured_media":0,"parent":0,"menu_order":0,"comment_status":"closed","ping_status":"closed","template":"","meta":{"footnotes":""},"class_list":["post-2060","page","type-page","status-publish","hentry"],"yoast_head":"<!-- This site is optimized with the Yoast SEO plugin v27.4 - https:\/\/yoast.com\/product\/yoast-seo-wordpress\/ -->\n<title>Termeni \u0219i condi\u021bii - Libr\u0103rie<\/title>\n<meta name=\"robots\" content=\"noindex, follow, max-snippet:-1, max-image-preview:large, max-video-preview:-1\" \/>\n<meta property=\"og:locale\" content=\"ro_RO\" \/>\n<meta property=\"og:type\" content=\"article\" \/>\n<meta property=\"og:title\" content=\"Termeni \u0219i condi\u021bii - Libr\u0103rie\" \/>\n<meta property=\"og:description\" content=\"Bine a\u021bi venit pe pagina libr\u0103riei online a Muzeului Na\u021bional Pele\u0219 \u0219i v\u0103 mul\u021bumim pentru interesul acordat publica\u021biilor noastre! Pentru a plasa o comand\u0103, este necesar s\u0103 v\u0103 cre\u021bi un cont acces\u00e2nd sec\u021biunea Contul meu din meniul principal sau \u00eenainte de finalizarea comenzii. Publica\u021biile vor fi expediate dup\u0103 ac\u021biunea de finalizare a comenzii prin intermediul [&hellip;]\" \/>\n<meta property=\"og:url\" content=\"https:\/\/librarie.peles.ro\/ro\/termeni-si-conditii\/\" \/>\n<meta property=\"og:site_name\" content=\"Libr\u0103rie\" \/>\n<meta property=\"article:publisher\" content=\"https:\/\/www.facebook.com\/muzeulnationalpeles\" \/>\n<meta property=\"article:modified_time\" content=\"2025-03-03T17:34:31+00:00\" \/>\n<meta name=\"twitter:card\" content=\"summary_large_image\" \/>\n<meta name=\"twitter:site\" content=\"@MuzeulP\" \/>\n<meta name=\"twitter:label1\" content=\"Timp estimat pentru citire\" \/>\n\t<meta name=\"twitter:data1\" content=\"1 minut\" \/>\n<script type=\"application\/ld+json\" class=\"yoast-schema-graph\">{\"@context\":\"https:\\\/\\\/schema.org\",\"@graph\":[{\"@type\":\"WebPage\",\"@id\":\"https:\\\/\\\/librarie.peles.ro\\\/ro\\\/termeni-si-conditii\\\/\",\"url\":\"https:\\\/\\\/librarie.peles.ro\\\/ro\\\/termeni-si-conditii\\\/\",\"name\":\"Termeni \u0219i condi\u021bii - Libr\u0103rie\",\"isPartOf\":{\"@id\":\"https:\\\/\\\/librarie.peles.ro\\\/ro\\\/#website\"},\"datePublished\":\"2025-02-19T14:13:16+00:00\",\"dateModified\":\"2025-03-03T17:34:31+00:00\",\"breadcrumb\":{\"@id\":\"https:\\\/\\\/librarie.peles.ro\\\/ro\\\/termeni-si-conditii\\\/#breadcrumb\"},\"inLanguage\":\"ro-RO\",\"potentialAction\":[{\"@type\":\"ReadAction\",\"target\":[\"https:\\\/\\\/librarie.peles.ro\\\/ro\\\/termeni-si-conditii\\\/\"]}]},{\"@type\":\"BreadcrumbList\",\"@id\":\"https:\\\/\\\/librarie.peles.ro\\\/ro\\\/termeni-si-conditii\\\/#breadcrumb\",\"itemListElement\":[{\"@type\":\"ListItem\",\"position\":1,\"name\":\"Home\",\"item\":\"https:\\\/\\\/librarie.peles.ro\\\/ro\\\/\"},{\"@type\":\"ListItem\",\"position\":2,\"name\":\"Termeni \u0219i condi\u021bii\"}]},{\"@type\":\"WebSite\",\"@id\":\"https:\\\/\\\/librarie.peles.ro\\\/ro\\\/#website\",\"url\":\"https:\\\/\\\/librarie.peles.ro\\\/ro\\\/\",\"name\":\"Libr\u0103rie\",\"description\":\"Muzeul Na\u021bional Pele\u0219\",\"publisher\":{\"@id\":\"https:\\\/\\\/librarie.peles.ro\\\/ro\\\/#organization\"},\"potentialAction\":[{\"@type\":\"SearchAction\",\"target\":{\"@type\":\"EntryPoint\",\"urlTemplate\":\"https:\\\/\\\/librarie.peles.ro\\\/ro\\\/?s={search_term_string}\"},\"query-input\":{\"@type\":\"PropertyValueSpecification\",\"valueRequired\":true,\"valueName\":\"search_term_string\"}}],\"inLanguage\":\"ro-RO\"},{\"@type\":\"Organization\",\"@id\":\"https:\\\/\\\/librarie.peles.ro\\\/ro\\\/#organization\",\"name\":\"Libr\u0103rie\",\"url\":\"https:\\\/\\\/librarie.peles.ro\\\/ro\\\/\",\"logo\":{\"@type\":\"ImageObject\",\"inLanguage\":\"ro-RO\",\"@id\":\"https:\\\/\\\/librarie.peles.ro\\\/ro\\\/#\\\/schema\\\/logo\\\/image\\\/\",\"url\":\"https:\\\/\\\/librarie.peles.ro\\\/wp-content\\\/uploads\\\/2025\\\/01\\\/Logo-1.png\",\"contentUrl\":\"https:\\\/\\\/librarie.peles.ro\\\/wp-content\\\/uploads\\\/2025\\\/01\\\/Logo-1.png\",\"width\":1046,\"height\":200,\"caption\":\"Libr\u0103rie\"},\"image\":{\"@id\":\"https:\\\/\\\/librarie.peles.ro\\\/ro\\\/#\\\/schema\\\/logo\\\/image\\\/\"},\"sameAs\":[\"https:\\\/\\\/www.facebook.com\\\/muzeulnationalpeles\",\"https:\\\/\\\/x.com\\\/MuzeulP\",\"https:\\\/\\\/www.instagram.com\\\/muzeul_national_peles\\\/\",\"https:\\\/\\\/www.youtube.com\\\/@muzeulnationalpeles7162\",\"https:\\\/\\\/www.tiktok.com\\\/@muzeulnationalpeles\"]}]}<\/script>\n<!-- \/ Yoast SEO plugin. -->","yoast_head_json":{"title":"Termeni \u0219i condi\u021bii - Libr\u0103rie","robots":{"index":"noindex","follow":"follow","max-snippet":"max-snippet:-1","max-image-preview":"max-image-preview:large","max-video-preview":"max-video-preview:-1"},"og_locale":"ro_RO","og_type":"article","og_title":"Termeni \u0219i condi\u021bii - Libr\u0103rie","og_description":"Bine a\u021bi venit pe pagina libr\u0103riei online a Muzeului Na\u021bional Pele\u0219 \u0219i v\u0103 mul\u021bumim pentru interesul acordat publica\u021biilor noastre! Pentru a plasa o comand\u0103, este necesar s\u0103 v\u0103 cre\u021bi un cont acces\u00e2nd sec\u021biunea Contul meu din meniul principal sau \u00eenainte de finalizarea comenzii. Publica\u021biile vor fi expediate dup\u0103 ac\u021biunea de finalizare a comenzii prin intermediul [&hellip;]","og_url":"https:\/\/librarie.peles.ro\/ro\/termeni-si-conditii\/","og_site_name":"Libr\u0103rie","article_publisher":"https:\/\/www.facebook.com\/muzeulnationalpeles","article_modified_time":"2025-03-03T17:34:31+00:00","twitter_card":"summary_large_image","twitter_site":"@MuzeulP","twitter_misc":{"Timp estimat pentru citire":"1 minut"},"schema":{"@context":"https:\/\/schema.org","@graph":[{"@type":"WebPage","@id":"https:\/\/librarie.peles.ro\/ro\/termeni-si-conditii\/","url":"https:\/\/librarie.peles.ro\/ro\/termeni-si-conditii\/","name":"Termeni \u0219i condi\u021bii - Libr\u0103rie","isPartOf":{"@id":"https:\/\/librarie.peles.ro\/ro\/#website"},"datePublished":"2025-02-19T14:13:16+00:00","dateModified":"2025-03-03T17:34:31+00:00","breadcrumb":{"@id":"https:\/\/librarie.peles.ro\/ro\/termeni-si-conditii\/#breadcrumb"},"inLanguage":"ro-RO","potentialAction":[{"@type":"ReadAction","target":["https:\/\/librarie.peles.ro\/ro\/termeni-si-conditii\/"]}]},{"@type":"BreadcrumbList","@id":"https:\/\/librarie.peles.ro\/ro\/termeni-si-conditii\/#breadcrumb","itemListElement":[{"@type":"ListItem","position":1,"name":"Home","item":"https:\/\/librarie.peles.ro\/ro\/"},{"@type":"ListItem","position":2,"name":"Termeni \u0219i condi\u021bii"}]},{"@type":"WebSite","@id":"https:\/\/librarie.peles.ro\/ro\/#website","url":"https:\/\/librarie.peles.ro\/ro\/","name":"Libr\u0103rie","description":"Muzeul Na\u021bional Pele\u0219","publisher":{"@id":"https:\/\/librarie.peles.ro\/ro\/#organization"},"potentialAction":[{"@type":"SearchAction","target":{"@type":"EntryPoint","urlTemplate":"https:\/\/librarie.peles.ro\/ro\/?s={search_term_string}"},"query-input":{"@type":"PropertyValueSpecification","valueRequired":true,"valueName":"search_term_string"}}],"inLanguage":"ro-RO"},{"@type":"Organization","@id":"https:\/\/librarie.peles.ro\/ro\/#organization","name":"Libr\u0103rie","url":"https:\/\/librarie.peles.ro\/ro\/","logo":{"@type":"ImageObject","inLanguage":"ro-RO","@id":"https:\/\/librarie.peles.ro\/ro\/#\/schema\/logo\/image\/","url":"https:\/\/librarie.peles.ro\/wp-content\/uploads\/2025\/01\/Logo-1.png","contentUrl":"https:\/\/librarie.peles.ro\/wp-content\/uploads\/2025\/01\/Logo-1.png","width":1046,"height":200,"caption":"Libr\u0103rie"},"image":{"@id":"https:\/\/librarie.peles.ro\/ro\/#\/schema\/logo\/image\/"},"sameAs":["https:\/\/www.facebook.com\/muzeulnationalpeles","https:\/\/x.com\/MuzeulP","https:\/\/www.instagram.com\/muzeul_national_peles\/","https:\/\/www.youtube.com\/@muzeulnationalpeles7162","https:\/\/www.tiktok.com\/@muzeulnationalpeles"]}]}},"_links":{"self":[{"href":"https:\/\/librarie.peles.ro\/ro\/wp-json\/wp\/v2\/pages\/2060","targetHints":{"allow":["GET"]}}],"collection":[{"href":"https:\/\/librarie.peles.ro\/ro\/wp-json\/wp\/v2\/pages"}],"about":[{"href":"https:\/\/librarie.peles.ro\/ro\/wp-json\/wp\/v2\/types\/page"}],"author":[{"embeddable":true,"href":"https:\/\/librarie.peles.ro\/ro\/wp-json\/wp\/v2\/users\/1"}],"replies":[{"embeddable":true,"href":"https:\/\/librarie.peles.ro\/ro\/wp-json\/wp\/v2\/comments?post=2060"}],"version-history":[{"count":13,"href":"https:\/\/librarie.peles.ro\/ro\/wp-json\/wp\/v2\/pages\/2060\/revisions"}],"predecessor-version":[{"id":2169,"href":"https:\/\/librarie.peles.ro\/ro\/wp-json\/wp\/v2\/pages\/2060\/revisions\/2169"}],"wp:attachment":[{"href":"https:\/\/librarie.peles.ro\/ro\/wp-json\/wp\/v2\/media?parent=2060"}],"curies":[{"name":"wp","href":"https:\/\/api.w.org\/{rel}","templated":true}]}}