{"id":934,"date":"2023-01-27T14:20:11","date_gmt":"2023-01-27T12:20:11","guid":{"rendered":"https:\/\/librarie.peles.ro\/?post_type=product&#038;p=934"},"modified":"2025-12-06T10:44:07","modified_gmt":"2025-12-06T10:44:07","slug":"comorile-pelesului","status":"publish","type":"product","link":"https:\/\/librarie.peles.ro\/en\/product\/comorile-pelesului\/","title":{"rendered":"The Treasures of Pele\u0219"},"content":{"rendered":"<p><em>Cl\u0103dit ca \u201eleag\u0103n al Dinastiei rom\u00e2ne\u201d, castelul Pele\u0219 din Sinaia, monument emblematic al fenomenului istorist european, r\u0103m\u00e2ne \u0219i ast\u0103zi nu numai cel mai vizitat muzeu al Rom\u00e2niei, dar \u0219i una dintre cele mai importante institu\u021bii muzeale ale \u021b\u0103rii, datorit\u0103 diversit\u0103\u021bii \u0219i valorii excep\u021bionale a colec\u021biilor pe care le ad\u0103poste\u0219te. Legate intrinsec de castelul Pele\u0219 \u0219i de creatorul s\u0103u, regele Carol I, toate aceste colec\u021bii &#8211; pictur\u0103, arme, mobilier, tapiserii \u0219i covoare, ceramic\u0103 \u0219i sticl\u0103, orfevr\u0103rie, orologerie, sculptur\u0103, numismatic\u0103 \u0219i medalistic\u0103, vitralii, valori bibliofile &#8211; constituie \u0219i azi m\u0103rturia suprem\u0103 asupra gustului de rafinat colec\u021bionar al regelui cu cea mai lung\u0103 domnie din istoria \u021b\u0103rii. Din acest punct de vedere, regele Carol I r\u0103m\u00e2ne nu numai cel mai important colec\u021bionar al Rom\u00e2niei moderne, dar \u0219i unul dintre cei mai aviza\u021bi \u00een r\u00e2ndul monarhilor europeni ai vremii sale.<\/em><\/p>\n<p style=\"text-align: right;\"><em>Dr. Narcis Dorin ION<\/em><br \/>\n<em>Director General al Muzeului Na\u021bional Pele\u0219<\/em><\/p>\n<p>Editat de Muzeul Na\u021bional Pele\u0219<br \/>\nTexte: Dr. Georgeta Filitti, Dr. Narcis Dorin Ion, Dr. Mircea-Alexandru Hortopan, Dr. Macrina-Emilia Oproiu, Drd. Raluca Romok, Drd. Costin-Mihai Dumitru, Corina Dumitrache, Alexandra Ghioarca, Cornelia Dumitrescu, Mihaela Dan<\/p>\n<p>&nbsp;<\/p>","protected":false},"excerpt":{"rendered":"<p>Format: 23&#215;28 cm<br \/>\nNum\u0103r pagini: 740<br \/>\nAnul apari\u021biei: 2022<br \/>\nISBN: 978-606-622-638-7<\/p>","protected":false},"featured_media":935,"comment_status":"open","ping_status":"closed","template":"","meta":[],"product_brand":[],"product_cat":[15],"product_tag":[],"class_list":{"0":"post-934","1":"product","2":"type-product","3":"status-publish","4":"has-post-thumbnail","6":"product_cat-uncategorized","8":"first","9":"instock","10":"shipping-taxable","11":"purchasable","12":"product-type-simple"},"yoast_head":"<!-- This site is optimized with the Yoast SEO plugin v27.4 - https:\/\/yoast.com\/product\/yoast-seo-wordpress\/ -->\n<title>Comorile Pele\u0219ului - Libr\u0103rie<\/title>\n<meta name=\"robots\" content=\"noindex, follow, max-snippet:-1, max-image-preview:large, max-video-preview:-1\" \/>\n<meta property=\"og:locale\" content=\"en_GB\" \/>\n<meta property=\"og:type\" content=\"article\" \/>\n<meta property=\"og:title\" content=\"Comorile Pele\u0219ului - Libr\u0103rie\" \/>\n<meta property=\"og:description\" content=\"Format: 23x28 cm Num\u0103r pagini: 740 Anul apari\u021biei: 2022 ISBN: 978-606-622-638-7\" \/>\n<meta property=\"og:url\" content=\"https:\/\/librarie.peles.ro\/en\/product\/comorile-pelesului\/\" \/>\n<meta property=\"og:site_name\" content=\"Libr\u0103rie\" \/>\n<meta property=\"article:publisher\" content=\"https:\/\/www.facebook.com\/muzeulnationalpeles\" \/>\n<meta property=\"article:modified_time\" content=\"2025-12-06T10:44:07+00:00\" \/>\n<meta property=\"og:image\" content=\"https:\/\/librarie.peles.ro\/wp-content\/uploads\/2023\/01\/Coperta.jpg\" \/>\n\t<meta property=\"og:image:width\" content=\"686\" \/>\n\t<meta property=\"og:image:height\" content=\"899\" \/>\n\t<meta property=\"og:image:type\" content=\"image\/jpeg\" \/>\n<meta name=\"twitter:card\" content=\"summary_large_image\" \/>\n<meta name=\"twitter:site\" content=\"@MuzeulP\" \/>\n<meta name=\"twitter:label1\" content=\"Estimated reading time\" \/>\n\t<meta name=\"twitter:data1\" content=\"2 minutes\" \/>\n<script type=\"application\/ld+json\" class=\"yoast-schema-graph\">{\"@context\":\"https:\\\/\\\/schema.org\",\"@graph\":[{\"@type\":\"WebPage\",\"@id\":\"https:\\\/\\\/librarie.peles.ro\\\/product\\\/comorile-pelesului\\\/\",\"url\":\"https:\\\/\\\/librarie.peles.ro\\\/product\\\/comorile-pelesului\\\/\",\"name\":\"Comorile Pele\u0219ului - Libr\u0103rie\",\"isPartOf\":{\"@id\":\"https:\\\/\\\/librarie.peles.ro\\\/ro\\\/#website\"},\"primaryImageOfPage\":{\"@id\":\"https:\\\/\\\/librarie.peles.ro\\\/product\\\/comorile-pelesului\\\/#primaryimage\"},\"image\":{\"@id\":\"https:\\\/\\\/librarie.peles.ro\\\/product\\\/comorile-pelesului\\\/#primaryimage\"},\"thumbnailUrl\":\"https:\\\/\\\/librarie.peles.ro\\\/wp-content\\\/uploads\\\/2023\\\/01\\\/Coperta.jpg\",\"datePublished\":\"2023-01-27T12:20:11+00:00\",\"dateModified\":\"2025-12-06T10:44:07+00:00\",\"breadcrumb\":{\"@id\":\"https:\\\/\\\/librarie.peles.ro\\\/product\\\/comorile-pelesului\\\/#breadcrumb\"},\"inLanguage\":\"en-GB\",\"potentialAction\":[{\"@type\":\"ReadAction\",\"target\":[\"https:\\\/\\\/librarie.peles.ro\\\/product\\\/comorile-pelesului\\\/\"]}]},{\"@type\":\"ImageObject\",\"inLanguage\":\"en-GB\",\"@id\":\"https:\\\/\\\/librarie.peles.ro\\\/product\\\/comorile-pelesului\\\/#primaryimage\",\"url\":\"https:\\\/\\\/librarie.peles.ro\\\/wp-content\\\/uploads\\\/2023\\\/01\\\/Coperta.jpg\",\"contentUrl\":\"https:\\\/\\\/librarie.peles.ro\\\/wp-content\\\/uploads\\\/2023\\\/01\\\/Coperta.jpg\",\"width\":686,\"height\":899},{\"@type\":\"BreadcrumbList\",\"@id\":\"https:\\\/\\\/librarie.peles.ro\\\/product\\\/comorile-pelesului\\\/#breadcrumb\",\"itemListElement\":[{\"@type\":\"ListItem\",\"position\":1,\"name\":\"Home\",\"item\":\"https:\\\/\\\/librarie.peles.ro\\\/ro\\\/\"},{\"@type\":\"ListItem\",\"position\":2,\"name\":\"Shop\",\"item\":\"https:\\\/\\\/librarie.peles.ro\\\/ro\\\/shop\\\/\"},{\"@type\":\"ListItem\",\"position\":3,\"name\":\"Comorile Pele\u0219ului\"}]},{\"@type\":\"WebSite\",\"@id\":\"https:\\\/\\\/librarie.peles.ro\\\/ro\\\/#website\",\"url\":\"https:\\\/\\\/librarie.peles.ro\\\/ro\\\/\",\"name\":\"Libr\u0103rie\",\"description\":\"Muzeul Na\u021bional Pele\u0219\",\"publisher\":{\"@id\":\"https:\\\/\\\/librarie.peles.ro\\\/ro\\\/#organization\"},\"potentialAction\":[{\"@type\":\"SearchAction\",\"target\":{\"@type\":\"EntryPoint\",\"urlTemplate\":\"https:\\\/\\\/librarie.peles.ro\\\/ro\\\/?s={search_term_string}\"},\"query-input\":{\"@type\":\"PropertyValueSpecification\",\"valueRequired\":true,\"valueName\":\"search_term_string\"}}],\"inLanguage\":\"en-GB\"},{\"@type\":\"Organization\",\"@id\":\"https:\\\/\\\/librarie.peles.ro\\\/ro\\\/#organization\",\"name\":\"Libr\u0103rie\",\"url\":\"https:\\\/\\\/librarie.peles.ro\\\/ro\\\/\",\"logo\":{\"@type\":\"ImageObject\",\"inLanguage\":\"en-GB\",\"@id\":\"https:\\\/\\\/librarie.peles.ro\\\/ro\\\/#\\\/schema\\\/logo\\\/image\\\/\",\"url\":\"https:\\\/\\\/librarie.peles.ro\\\/wp-content\\\/uploads\\\/2025\\\/01\\\/Logo-1.png\",\"contentUrl\":\"https:\\\/\\\/librarie.peles.ro\\\/wp-content\\\/uploads\\\/2025\\\/01\\\/Logo-1.png\",\"width\":1046,\"height\":200,\"caption\":\"Libr\u0103rie\"},\"image\":{\"@id\":\"https:\\\/\\\/librarie.peles.ro\\\/ro\\\/#\\\/schema\\\/logo\\\/image\\\/\"},\"sameAs\":[\"https:\\\/\\\/www.facebook.com\\\/muzeulnationalpeles\",\"https:\\\/\\\/x.com\\\/MuzeulP\",\"https:\\\/\\\/www.instagram.com\\\/muzeul_national_peles\\\/\",\"https:\\\/\\\/www.youtube.com\\\/@muzeulnationalpeles7162\",\"https:\\\/\\\/www.tiktok.com\\\/@muzeulnationalpeles\"]}]}<\/script>\n<!-- \/ Yoast SEO plugin. -->","yoast_head_json":{"title":"Comorile Pele\u0219ului - Libr\u0103rie","robots":{"index":"noindex","follow":"follow","max-snippet":"max-snippet:-1","max-image-preview":"max-image-preview:large","max-video-preview":"max-video-preview:-1"},"og_locale":"en_GB","og_type":"article","og_title":"Comorile Pele\u0219ului - Libr\u0103rie","og_description":"Format: 23x28 cm Num\u0103r pagini: 740 Anul apari\u021biei: 2022 ISBN: 978-606-622-638-7","og_url":"https:\/\/librarie.peles.ro\/en\/product\/comorile-pelesului\/","og_site_name":"Libr\u0103rie","article_publisher":"https:\/\/www.facebook.com\/muzeulnationalpeles","article_modified_time":"2025-12-06T10:44:07+00:00","og_image":[{"width":686,"height":899,"url":"https:\/\/librarie.peles.ro\/wp-content\/uploads\/2023\/01\/Coperta.jpg","type":"image\/jpeg"}],"twitter_card":"summary_large_image","twitter_site":"@MuzeulP","twitter_misc":{"Estimated reading time":"2 minutes"},"schema":{"@context":"https:\/\/schema.org","@graph":[{"@type":"WebPage","@id":"https:\/\/librarie.peles.ro\/product\/comorile-pelesului\/","url":"https:\/\/librarie.peles.ro\/product\/comorile-pelesului\/","name":"Comorile Pele\u0219ului - Libr\u0103rie","isPartOf":{"@id":"https:\/\/librarie.peles.ro\/ro\/#website"},"primaryImageOfPage":{"@id":"https:\/\/librarie.peles.ro\/product\/comorile-pelesului\/#primaryimage"},"image":{"@id":"https:\/\/librarie.peles.ro\/product\/comorile-pelesului\/#primaryimage"},"thumbnailUrl":"https:\/\/librarie.peles.ro\/wp-content\/uploads\/2023\/01\/Coperta.jpg","datePublished":"2023-01-27T12:20:11+00:00","dateModified":"2025-12-06T10:44:07+00:00","breadcrumb":{"@id":"https:\/\/librarie.peles.ro\/product\/comorile-pelesului\/#breadcrumb"},"inLanguage":"en-GB","potentialAction":[{"@type":"ReadAction","target":["https:\/\/librarie.peles.ro\/product\/comorile-pelesului\/"]}]},{"@type":"ImageObject","inLanguage":"en-GB","@id":"https:\/\/librarie.peles.ro\/product\/comorile-pelesului\/#primaryimage","url":"https:\/\/librarie.peles.ro\/wp-content\/uploads\/2023\/01\/Coperta.jpg","contentUrl":"https:\/\/librarie.peles.ro\/wp-content\/uploads\/2023\/01\/Coperta.jpg","width":686,"height":899},{"@type":"BreadcrumbList","@id":"https:\/\/librarie.peles.ro\/product\/comorile-pelesului\/#breadcrumb","itemListElement":[{"@type":"ListItem","position":1,"name":"Home","item":"https:\/\/librarie.peles.ro\/ro\/"},{"@type":"ListItem","position":2,"name":"Shop","item":"https:\/\/librarie.peles.ro\/ro\/shop\/"},{"@type":"ListItem","position":3,"name":"Comorile Pele\u0219ului"}]},{"@type":"WebSite","@id":"https:\/\/librarie.peles.ro\/ro\/#website","url":"https:\/\/librarie.peles.ro\/ro\/","name":"Libr\u0103rie","description":"Muzeul Na\u021bional Pele\u0219","publisher":{"@id":"https:\/\/librarie.peles.ro\/ro\/#organization"},"potentialAction":[{"@type":"SearchAction","target":{"@type":"EntryPoint","urlTemplate":"https:\/\/librarie.peles.ro\/ro\/?s={search_term_string}"},"query-input":{"@type":"PropertyValueSpecification","valueRequired":true,"valueName":"search_term_string"}}],"inLanguage":"en-GB"},{"@type":"Organization","@id":"https:\/\/librarie.peles.ro\/ro\/#organization","name":"Libr\u0103rie","url":"https:\/\/librarie.peles.ro\/ro\/","logo":{"@type":"ImageObject","inLanguage":"en-GB","@id":"https:\/\/librarie.peles.ro\/ro\/#\/schema\/logo\/image\/","url":"https:\/\/librarie.peles.ro\/wp-content\/uploads\/2025\/01\/Logo-1.png","contentUrl":"https:\/\/librarie.peles.ro\/wp-content\/uploads\/2025\/01\/Logo-1.png","width":1046,"height":200,"caption":"Libr\u0103rie"},"image":{"@id":"https:\/\/librarie.peles.ro\/ro\/#\/schema\/logo\/image\/"},"sameAs":["https:\/\/www.facebook.com\/muzeulnationalpeles","https:\/\/x.com\/MuzeulP","https:\/\/www.instagram.com\/muzeul_national_peles\/","https:\/\/www.youtube.com\/@muzeulnationalpeles7162","https:\/\/www.tiktok.com\/@muzeulnationalpeles"]}]}},"_links":{"self":[{"href":"https:\/\/librarie.peles.ro\/en\/wp-json\/wp\/v2\/product\/934","targetHints":{"allow":["GET"]}}],"collection":[{"href":"https:\/\/librarie.peles.ro\/en\/wp-json\/wp\/v2\/product"}],"about":[{"href":"https:\/\/librarie.peles.ro\/en\/wp-json\/wp\/v2\/types\/product"}],"replies":[{"embeddable":true,"href":"https:\/\/librarie.peles.ro\/en\/wp-json\/wp\/v2\/comments?post=934"}],"version-history":[{"count":2,"href":"https:\/\/librarie.peles.ro\/en\/wp-json\/wp\/v2\/product\/934\/revisions"}],"predecessor-version":[{"id":1927,"href":"https:\/\/librarie.peles.ro\/en\/wp-json\/wp\/v2\/product\/934\/revisions\/1927"}],"wp:featuredmedia":[{"embeddable":true,"href":"https:\/\/librarie.peles.ro\/en\/wp-json\/wp\/v2\/media\/935"}],"wp:attachment":[{"href":"https:\/\/librarie.peles.ro\/en\/wp-json\/wp\/v2\/media?parent=934"}],"wp:term":[{"taxonomy":"product_brand","embeddable":true,"href":"https:\/\/librarie.peles.ro\/en\/wp-json\/wp\/v2\/product_brand?post=934"},{"taxonomy":"product_cat","embeddable":true,"href":"https:\/\/librarie.peles.ro\/en\/wp-json\/wp\/v2\/product_cat?post=934"},{"taxonomy":"product_tag","embeddable":true,"href":"https:\/\/librarie.peles.ro\/en\/wp-json\/wp\/v2\/product_tag?post=934"}],"curies":[{"name":"wp","href":"https:\/\/api.w.org\/{rel}","templated":true}]}}