{"id":879,"date":"2022-10-14T15:46:08","date_gmt":"2022-10-14T13:46:08","guid":{"rendered":"https:\/\/librarie.peles.ro\/?post_type=product&#038;p=879"},"modified":"2026-03-30T13:06:50","modified_gmt":"2026-03-30T13:06:50","slug":"centenarul-incoronarii-alba-iulia-1922","status":"publish","type":"product","link":"https:\/\/librarie.peles.ro\/en\/product\/centenarul-incoronarii-alba-iulia-1922\/","title":{"rendered":"Centenary of the Coronation. Alba Iulia. 1922"},"content":{"rendered":"<p>Coordonat de istoricul Narcis Dorin Ion, directorul Muzeului Na\u021bional Pele\u0219, care este \u0219i coautor, albumul cuprinde 360 de pagini \u0219i con\u021bine studii exhaustive cu privire la acest moment definitoriu pentru istoria rom\u00e2nilor, realizate de personalit\u0103\u021bi ale lumii academice \u0219i muzeale: Ioan Aurel Pop, pre\u0219edintele Academiei Rom\u00e2ne, R\u0103zvan Theodorescu, vicepre\u0219edinte al Academiei Rom\u00e2ne, Nicolae St. Noica, director al Bibliotecii Academiei Rom\u00e2ne, Ioan Opri\u0219, Ion Giurc\u0103, arhimandrit Policarp Chi\u021bulescu, Ernest Oberl\u00e4nder-T\u00e2rnoveanu, director general al Muzeului Na\u0163ional de Istorie a Rom\u00e2niei, Cornel Ilie, director adjunct al Muzeului Na\u0163ional de Istorie a Rom\u00e2niei, Carmen T\u0103n\u0103soiu, Mircea-Alexandru Hortopan, Corina Dumitrache.<\/p>","protected":false},"excerpt":{"rendered":"<p>Format: 23&#215;28 cm<br \/>\nNum\u0103r pagini: 360<br \/>\nAnul apari\u021biei: 2022<br \/>\nISBN: 978-606-622-639-9<\/p>","protected":false},"featured_media":880,"comment_status":"open","ping_status":"closed","template":"","meta":[],"product_brand":[],"product_cat":[15],"product_tag":[],"class_list":{"0":"post-879","1":"product","2":"type-product","3":"status-publish","4":"has-post-thumbnail","6":"product_cat-uncategorized","8":"first","9":"instock","10":"shipping-taxable","11":"purchasable","12":"product-type-simple"},"yoast_head":"<!-- This site is optimized with the Yoast SEO plugin v27.4 - https:\/\/yoast.com\/product\/yoast-seo-wordpress\/ -->\n<title>Centenarul \u00cencoron\u0103rii. Alba Iulia. 1922 - Libr\u0103rie<\/title>\n<meta name=\"robots\" content=\"noindex, follow, max-snippet:-1, max-image-preview:large, max-video-preview:-1\" \/>\n<meta property=\"og:locale\" content=\"en_GB\" \/>\n<meta property=\"og:type\" content=\"article\" \/>\n<meta property=\"og:title\" content=\"Centenarul \u00cencoron\u0103rii. Alba Iulia. 1922 - Libr\u0103rie\" \/>\n<meta property=\"og:description\" content=\"Format: 23x28 cm Num\u0103r pagini: 360 Anul apari\u021biei: 2022 ISBN: 978-606-622-639-9\" \/>\n<meta property=\"og:url\" content=\"https:\/\/librarie.peles.ro\/en\/product\/centenarul-incoronarii-alba-iulia-1922\/\" \/>\n<meta property=\"og:site_name\" content=\"Libr\u0103rie\" \/>\n<meta property=\"article:publisher\" content=\"https:\/\/www.facebook.com\/muzeulnationalpeles\" \/>\n<meta property=\"article:modified_time\" content=\"2026-03-30T13:06:50+00:00\" \/>\n<meta property=\"og:image\" content=\"https:\/\/librarie.peles.ro\/wp-content\/uploads\/2022\/10\/coperta_incoronare.jpg\" \/>\n\t<meta property=\"og:image:width\" content=\"860\" \/>\n\t<meta property=\"og:image:height\" content=\"1024\" \/>\n\t<meta property=\"og:image:type\" content=\"image\/jpeg\" \/>\n<meta name=\"twitter:card\" content=\"summary_large_image\" \/>\n<meta name=\"twitter:site\" content=\"@MuzeulP\" \/>\n<meta name=\"twitter:label1\" content=\"Estimated reading time\" \/>\n\t<meta name=\"twitter:data1\" content=\"1 minute\" \/>\n<script type=\"application\/ld+json\" class=\"yoast-schema-graph\">{\"@context\":\"https:\\\/\\\/schema.org\",\"@graph\":[{\"@type\":\"WebPage\",\"@id\":\"https:\\\/\\\/librarie.peles.ro\\\/ro\\\/product\\\/centenarul-incoronarii-alba-iulia-1922\\\/\",\"url\":\"https:\\\/\\\/librarie.peles.ro\\\/ro\\\/product\\\/centenarul-incoronarii-alba-iulia-1922\\\/\",\"name\":\"Centenarul \u00cencoron\u0103rii. Alba Iulia. 1922 - Libr\u0103rie\",\"isPartOf\":{\"@id\":\"https:\\\/\\\/librarie.peles.ro\\\/ro\\\/#website\"},\"primaryImageOfPage\":{\"@id\":\"https:\\\/\\\/librarie.peles.ro\\\/ro\\\/product\\\/centenarul-incoronarii-alba-iulia-1922\\\/#primaryimage\"},\"image\":{\"@id\":\"https:\\\/\\\/librarie.peles.ro\\\/ro\\\/product\\\/centenarul-incoronarii-alba-iulia-1922\\\/#primaryimage\"},\"thumbnailUrl\":\"https:\\\/\\\/librarie.peles.ro\\\/wp-content\\\/uploads\\\/2022\\\/10\\\/coperta_incoronare.jpg\",\"datePublished\":\"2022-10-14T13:46:08+00:00\",\"dateModified\":\"2026-03-30T13:06:50+00:00\",\"breadcrumb\":{\"@id\":\"https:\\\/\\\/librarie.peles.ro\\\/ro\\\/product\\\/centenarul-incoronarii-alba-iulia-1922\\\/#breadcrumb\"},\"inLanguage\":\"en-GB\",\"potentialAction\":[{\"@type\":\"ReadAction\",\"target\":[\"https:\\\/\\\/librarie.peles.ro\\\/ro\\\/product\\\/centenarul-incoronarii-alba-iulia-1922\\\/\"]}]},{\"@type\":\"ImageObject\",\"inLanguage\":\"en-GB\",\"@id\":\"https:\\\/\\\/librarie.peles.ro\\\/ro\\\/product\\\/centenarul-incoronarii-alba-iulia-1922\\\/#primaryimage\",\"url\":\"https:\\\/\\\/librarie.peles.ro\\\/wp-content\\\/uploads\\\/2022\\\/10\\\/coperta_incoronare.jpg\",\"contentUrl\":\"https:\\\/\\\/librarie.peles.ro\\\/wp-content\\\/uploads\\\/2022\\\/10\\\/coperta_incoronare.jpg\",\"width\":860,\"height\":1024},{\"@type\":\"BreadcrumbList\",\"@id\":\"https:\\\/\\\/librarie.peles.ro\\\/ro\\\/product\\\/centenarul-incoronarii-alba-iulia-1922\\\/#breadcrumb\",\"itemListElement\":[{\"@type\":\"ListItem\",\"position\":1,\"name\":\"Home\",\"item\":\"https:\\\/\\\/librarie.peles.ro\\\/ro\\\/\"},{\"@type\":\"ListItem\",\"position\":2,\"name\":\"Shop\",\"item\":\"https:\\\/\\\/librarie.peles.ro\\\/ro\\\/shop\\\/\"},{\"@type\":\"ListItem\",\"position\":3,\"name\":\"Centenarul \u00cencoron\u0103rii. Alba Iulia. 1922\"}]},{\"@type\":\"WebSite\",\"@id\":\"https:\\\/\\\/librarie.peles.ro\\\/ro\\\/#website\",\"url\":\"https:\\\/\\\/librarie.peles.ro\\\/ro\\\/\",\"name\":\"Libr\u0103rie\",\"description\":\"Muzeul Na\u021bional Pele\u0219\",\"publisher\":{\"@id\":\"https:\\\/\\\/librarie.peles.ro\\\/ro\\\/#organization\"},\"potentialAction\":[{\"@type\":\"SearchAction\",\"target\":{\"@type\":\"EntryPoint\",\"urlTemplate\":\"https:\\\/\\\/librarie.peles.ro\\\/ro\\\/?s={search_term_string}\"},\"query-input\":{\"@type\":\"PropertyValueSpecification\",\"valueRequired\":true,\"valueName\":\"search_term_string\"}}],\"inLanguage\":\"en-GB\"},{\"@type\":\"Organization\",\"@id\":\"https:\\\/\\\/librarie.peles.ro\\\/ro\\\/#organization\",\"name\":\"Libr\u0103rie\",\"url\":\"https:\\\/\\\/librarie.peles.ro\\\/ro\\\/\",\"logo\":{\"@type\":\"ImageObject\",\"inLanguage\":\"en-GB\",\"@id\":\"https:\\\/\\\/librarie.peles.ro\\\/ro\\\/#\\\/schema\\\/logo\\\/image\\\/\",\"url\":\"https:\\\/\\\/librarie.peles.ro\\\/wp-content\\\/uploads\\\/2025\\\/01\\\/Logo-1.png\",\"contentUrl\":\"https:\\\/\\\/librarie.peles.ro\\\/wp-content\\\/uploads\\\/2025\\\/01\\\/Logo-1.png\",\"width\":1046,\"height\":200,\"caption\":\"Libr\u0103rie\"},\"image\":{\"@id\":\"https:\\\/\\\/librarie.peles.ro\\\/ro\\\/#\\\/schema\\\/logo\\\/image\\\/\"},\"sameAs\":[\"https:\\\/\\\/www.facebook.com\\\/muzeulnationalpeles\",\"https:\\\/\\\/x.com\\\/MuzeulP\",\"https:\\\/\\\/www.instagram.com\\\/muzeul_national_peles\\\/\",\"https:\\\/\\\/www.youtube.com\\\/@muzeulnationalpeles7162\",\"https:\\\/\\\/www.tiktok.com\\\/@muzeulnationalpeles\"]}]}<\/script>\n<!-- \/ Yoast SEO plugin. -->","yoast_head_json":{"title":"Centenarul \u00cencoron\u0103rii. Alba Iulia. 1922 - Libr\u0103rie","robots":{"index":"noindex","follow":"follow","max-snippet":"max-snippet:-1","max-image-preview":"max-image-preview:large","max-video-preview":"max-video-preview:-1"},"og_locale":"en_GB","og_type":"article","og_title":"Centenarul \u00cencoron\u0103rii. Alba Iulia. 1922 - Libr\u0103rie","og_description":"Format: 23x28 cm Num\u0103r pagini: 360 Anul apari\u021biei: 2022 ISBN: 978-606-622-639-9","og_url":"https:\/\/librarie.peles.ro\/en\/product\/centenarul-incoronarii-alba-iulia-1922\/","og_site_name":"Libr\u0103rie","article_publisher":"https:\/\/www.facebook.com\/muzeulnationalpeles","article_modified_time":"2026-03-30T13:06:50+00:00","og_image":[{"width":860,"height":1024,"url":"https:\/\/librarie.peles.ro\/wp-content\/uploads\/2022\/10\/coperta_incoronare.jpg","type":"image\/jpeg"}],"twitter_card":"summary_large_image","twitter_site":"@MuzeulP","twitter_misc":{"Estimated reading time":"1 minute"},"schema":{"@context":"https:\/\/schema.org","@graph":[{"@type":"WebPage","@id":"https:\/\/librarie.peles.ro\/ro\/product\/centenarul-incoronarii-alba-iulia-1922\/","url":"https:\/\/librarie.peles.ro\/ro\/product\/centenarul-incoronarii-alba-iulia-1922\/","name":"Centenarul \u00cencoron\u0103rii. Alba Iulia. 1922 - Libr\u0103rie","isPartOf":{"@id":"https:\/\/librarie.peles.ro\/ro\/#website"},"primaryImageOfPage":{"@id":"https:\/\/librarie.peles.ro\/ro\/product\/centenarul-incoronarii-alba-iulia-1922\/#primaryimage"},"image":{"@id":"https:\/\/librarie.peles.ro\/ro\/product\/centenarul-incoronarii-alba-iulia-1922\/#primaryimage"},"thumbnailUrl":"https:\/\/librarie.peles.ro\/wp-content\/uploads\/2022\/10\/coperta_incoronare.jpg","datePublished":"2022-10-14T13:46:08+00:00","dateModified":"2026-03-30T13:06:50+00:00","breadcrumb":{"@id":"https:\/\/librarie.peles.ro\/ro\/product\/centenarul-incoronarii-alba-iulia-1922\/#breadcrumb"},"inLanguage":"en-GB","potentialAction":[{"@type":"ReadAction","target":["https:\/\/librarie.peles.ro\/ro\/product\/centenarul-incoronarii-alba-iulia-1922\/"]}]},{"@type":"ImageObject","inLanguage":"en-GB","@id":"https:\/\/librarie.peles.ro\/ro\/product\/centenarul-incoronarii-alba-iulia-1922\/#primaryimage","url":"https:\/\/librarie.peles.ro\/wp-content\/uploads\/2022\/10\/coperta_incoronare.jpg","contentUrl":"https:\/\/librarie.peles.ro\/wp-content\/uploads\/2022\/10\/coperta_incoronare.jpg","width":860,"height":1024},{"@type":"BreadcrumbList","@id":"https:\/\/librarie.peles.ro\/ro\/product\/centenarul-incoronarii-alba-iulia-1922\/#breadcrumb","itemListElement":[{"@type":"ListItem","position":1,"name":"Home","item":"https:\/\/librarie.peles.ro\/ro\/"},{"@type":"ListItem","position":2,"name":"Shop","item":"https:\/\/librarie.peles.ro\/ro\/shop\/"},{"@type":"ListItem","position":3,"name":"Centenarul \u00cencoron\u0103rii. Alba Iulia. 1922"}]},{"@type":"WebSite","@id":"https:\/\/librarie.peles.ro\/ro\/#website","url":"https:\/\/librarie.peles.ro\/ro\/","name":"Libr\u0103rie","description":"Muzeul Na\u021bional Pele\u0219","publisher":{"@id":"https:\/\/librarie.peles.ro\/ro\/#organization"},"potentialAction":[{"@type":"SearchAction","target":{"@type":"EntryPoint","urlTemplate":"https:\/\/librarie.peles.ro\/ro\/?s={search_term_string}"},"query-input":{"@type":"PropertyValueSpecification","valueRequired":true,"valueName":"search_term_string"}}],"inLanguage":"en-GB"},{"@type":"Organization","@id":"https:\/\/librarie.peles.ro\/ro\/#organization","name":"Libr\u0103rie","url":"https:\/\/librarie.peles.ro\/ro\/","logo":{"@type":"ImageObject","inLanguage":"en-GB","@id":"https:\/\/librarie.peles.ro\/ro\/#\/schema\/logo\/image\/","url":"https:\/\/librarie.peles.ro\/wp-content\/uploads\/2025\/01\/Logo-1.png","contentUrl":"https:\/\/librarie.peles.ro\/wp-content\/uploads\/2025\/01\/Logo-1.png","width":1046,"height":200,"caption":"Libr\u0103rie"},"image":{"@id":"https:\/\/librarie.peles.ro\/ro\/#\/schema\/logo\/image\/"},"sameAs":["https:\/\/www.facebook.com\/muzeulnationalpeles","https:\/\/x.com\/MuzeulP","https:\/\/www.instagram.com\/muzeul_national_peles\/","https:\/\/www.youtube.com\/@muzeulnationalpeles7162","https:\/\/www.tiktok.com\/@muzeulnationalpeles"]}]}},"_links":{"self":[{"href":"https:\/\/librarie.peles.ro\/en\/wp-json\/wp\/v2\/product\/879","targetHints":{"allow":["GET"]}}],"collection":[{"href":"https:\/\/librarie.peles.ro\/en\/wp-json\/wp\/v2\/product"}],"about":[{"href":"https:\/\/librarie.peles.ro\/en\/wp-json\/wp\/v2\/types\/product"}],"replies":[{"embeddable":true,"href":"https:\/\/librarie.peles.ro\/en\/wp-json\/wp\/v2\/comments?post=879"}],"version-history":[{"count":1,"href":"https:\/\/librarie.peles.ro\/en\/wp-json\/wp\/v2\/product\/879\/revisions"}],"predecessor-version":[{"id":1928,"href":"https:\/\/librarie.peles.ro\/en\/wp-json\/wp\/v2\/product\/879\/revisions\/1928"}],"wp:featuredmedia":[{"embeddable":true,"href":"https:\/\/librarie.peles.ro\/en\/wp-json\/wp\/v2\/media\/880"}],"wp:attachment":[{"href":"https:\/\/librarie.peles.ro\/en\/wp-json\/wp\/v2\/media?parent=879"}],"wp:term":[{"taxonomy":"product_brand","embeddable":true,"href":"https:\/\/librarie.peles.ro\/en\/wp-json\/wp\/v2\/product_brand?post=879"},{"taxonomy":"product_cat","embeddable":true,"href":"https:\/\/librarie.peles.ro\/en\/wp-json\/wp\/v2\/product_cat?post=879"},{"taxonomy":"product_tag","embeddable":true,"href":"https:\/\/librarie.peles.ro\/en\/wp-json\/wp\/v2\/product_tag?post=879"}],"curies":[{"name":"wp","href":"https:\/\/api.w.org\/{rel}","templated":true}]}}