{"id":67,"date":"2020-04-23T10:41:58","date_gmt":"2020-04-23T08:41:58","guid":{"rendered":"https:\/\/librarie.peles.ro\/?post_type=product&#038;p=37"},"modified":"2026-02-08T12:41:07","modified_gmt":"2026-02-08T12:41:07","slug":"karel-liman-arhitectul-casei-regale-a-romaniei","status":"publish","type":"product","link":"https:\/\/librarie.peles.ro\/en\/product\/karel-liman-arhitectul-casei-regale-a-romaniei\/","title":{"rendered":"Karel Liman. Arhitectul casei regale a Rom\u00e2niei"},"content":{"rendered":"<p>\u00cen urm\u0103 cu nou\u0103 decenii, la 29 iulie 1929, \u00eentr-un sanatoriu din Bra\u0219ov trecea \u00een eternitate cehul Karel Zdenek Liman, cel care fusese, \u00eentr-o via\u021b\u0103 de munc\u0103 devotat\u0103, arhitectul \u0219ef al Casei Regale a Rom\u00e2niei. Cel despre care regina Maria, \u00eendurerat\u0103 de dispari\u021bia sa, avea s\u0103 scrie \u00een \u00censemn\u0103rile zilnice c\u0103 a fost \u201eun slujitor credincios care a lucrat p\u00e2n\u0103 \u00een ultima zi; a lucrat cu pasiune \u0219i t\u00e2njea s\u0103 tr\u0103iasc\u0103 pentru a-\u0219i continua munca, mai ales ca s\u0103 termine ultima lui pasiune: Branul\u201d. Cel pe care aceea\u0219i suveran\u0103 \u00eemp\u0103timit\u0103 de arhitecturi reziden\u021biale \u0219i peisagistice \u00eel evoca aievea prin montarea \u00een curtea interioar\u0103 a castelului Bran a unei pl\u0103ci de marmur\u0103 care s\u0103 aminteasc\u0103 genera\u021biilor viitoare rolul esen\u021bial pe care \u201eb\u0103tr\u00e2nul arhitect\u201d \u00eel avusese \u00een restaurarea acelui \u201evechi castel adormit \u00een p\u0103r\u0103sire\u201d, dar \u201eadus la via\u021b\u0103 \u0219i \u00eempodobit cu sfaturile artistice ale arhitectului Cur\u021bii Regale, Carol Liman (\u2020 1929), \u00eentru amintirea f\u0103uririi unit\u0103\u021bii na\u021bionale a tuturor rom\u00e2nilor\u201d.<\/p>\n<p>Editat de Muzeul Na\u0163ional Pele\u015f<br \/>\nCoordonator: Dr. Narcis Dorin ION<\/p>","protected":false},"excerpt":{"rendered":"<p>Format: 23&#215;28 cm<br \/>\nNum\u0103r pagini: 256<br \/>\nAnul apari\u0163iei: 2019<br \/>\nISBN 978-973-0-30564-7<\/p>","protected":false},"featured_media":1173,"comment_status":"open","ping_status":"closed","template":"","meta":[],"product_brand":[],"product_cat":[15],"product_tag":[],"class_list":{"0":"post-67","1":"product","2":"type-product","3":"status-publish","4":"has-post-thumbnail","6":"product_cat-uncategorized","7":"product_shipping_class-livrare_gratuita","9":"first","10":"instock","11":"shipping-taxable","12":"purchasable","13":"product-type-simple"},"yoast_head":"<!-- This site is optimized with the Yoast SEO plugin v27.4 - https:\/\/yoast.com\/product\/yoast-seo-wordpress\/ -->\n<title>Karel Liman. Arhitectul casei regale a Rom\u00e2niei - Libr\u0103rie<\/title>\n<meta name=\"robots\" content=\"noindex, follow, max-snippet:-1, max-image-preview:large, max-video-preview:-1\" \/>\n<meta property=\"og:locale\" content=\"en_GB\" \/>\n<meta property=\"og:type\" content=\"article\" \/>\n<meta property=\"og:title\" content=\"Karel Liman. Arhitectul casei regale a Rom\u00e2niei - Libr\u0103rie\" \/>\n<meta property=\"og:description\" content=\"Format: 23x28 cm Num\u0103r pagini: 256 Anul apari\u0163iei: 2019 ISBN 978-973-0-30564-7\" \/>\n<meta property=\"og:url\" content=\"https:\/\/librarie.peles.ro\/en\/product\/karel-liman-arhitectul-casei-regale-a-romaniei\/\" \/>\n<meta property=\"og:site_name\" content=\"Libr\u0103rie\" \/>\n<meta property=\"article:publisher\" content=\"https:\/\/www.facebook.com\/muzeulnationalpeles\" \/>\n<meta property=\"article:modified_time\" content=\"2026-02-08T12:41:07+00:00\" \/>\n<meta property=\"og:image\" content=\"https:\/\/librarie.peles.ro\/wp-content\/uploads\/2020\/04\/Karel-Liman.jpg\" \/>\n\t<meta property=\"og:image:width\" content=\"464\" \/>\n\t<meta property=\"og:image:height\" content=\"581\" \/>\n\t<meta property=\"og:image:type\" content=\"image\/jpeg\" \/>\n<meta name=\"twitter:card\" content=\"summary_large_image\" \/>\n<meta name=\"twitter:site\" content=\"@MuzeulP\" \/>\n<meta name=\"twitter:label1\" content=\"Estimated reading time\" \/>\n\t<meta name=\"twitter:data1\" content=\"2 minutes\" \/>\n<script type=\"application\/ld+json\" class=\"yoast-schema-graph\">{\"@context\":\"https:\\\/\\\/schema.org\",\"@graph\":[{\"@type\":\"WebPage\",\"@id\":\"https:\\\/\\\/librarie.peles.ro\\\/ro\\\/product\\\/karel-liman-arhitectul-casei-regale-a-romaniei\\\/\",\"url\":\"https:\\\/\\\/librarie.peles.ro\\\/ro\\\/product\\\/karel-liman-arhitectul-casei-regale-a-romaniei\\\/\",\"name\":\"Karel Liman. Arhitectul casei regale a Rom\u00e2niei - Libr\u0103rie\",\"isPartOf\":{\"@id\":\"https:\\\/\\\/librarie.peles.ro\\\/ro\\\/#website\"},\"primaryImageOfPage\":{\"@id\":\"https:\\\/\\\/librarie.peles.ro\\\/ro\\\/product\\\/karel-liman-arhitectul-casei-regale-a-romaniei\\\/#primaryimage\"},\"image\":{\"@id\":\"https:\\\/\\\/librarie.peles.ro\\\/ro\\\/product\\\/karel-liman-arhitectul-casei-regale-a-romaniei\\\/#primaryimage\"},\"thumbnailUrl\":\"https:\\\/\\\/librarie.peles.ro\\\/wp-content\\\/uploads\\\/2020\\\/04\\\/Karel-Liman.jpg\",\"datePublished\":\"2020-04-23T08:41:58+00:00\",\"dateModified\":\"2026-02-08T12:41:07+00:00\",\"breadcrumb\":{\"@id\":\"https:\\\/\\\/librarie.peles.ro\\\/ro\\\/product\\\/karel-liman-arhitectul-casei-regale-a-romaniei\\\/#breadcrumb\"},\"inLanguage\":\"en-GB\",\"potentialAction\":[{\"@type\":\"ReadAction\",\"target\":[\"https:\\\/\\\/librarie.peles.ro\\\/ro\\\/product\\\/karel-liman-arhitectul-casei-regale-a-romaniei\\\/\"]}]},{\"@type\":\"ImageObject\",\"inLanguage\":\"en-GB\",\"@id\":\"https:\\\/\\\/librarie.peles.ro\\\/ro\\\/product\\\/karel-liman-arhitectul-casei-regale-a-romaniei\\\/#primaryimage\",\"url\":\"https:\\\/\\\/librarie.peles.ro\\\/wp-content\\\/uploads\\\/2020\\\/04\\\/Karel-Liman.jpg\",\"contentUrl\":\"https:\\\/\\\/librarie.peles.ro\\\/wp-content\\\/uploads\\\/2020\\\/04\\\/Karel-Liman.jpg\",\"width\":464,\"height\":581},{\"@type\":\"BreadcrumbList\",\"@id\":\"https:\\\/\\\/librarie.peles.ro\\\/ro\\\/product\\\/karel-liman-arhitectul-casei-regale-a-romaniei\\\/#breadcrumb\",\"itemListElement\":[{\"@type\":\"ListItem\",\"position\":1,\"name\":\"Home\",\"item\":\"https:\\\/\\\/librarie.peles.ro\\\/ro\\\/\"},{\"@type\":\"ListItem\",\"position\":2,\"name\":\"Shop\",\"item\":\"https:\\\/\\\/librarie.peles.ro\\\/ro\\\/shop\\\/\"},{\"@type\":\"ListItem\",\"position\":3,\"name\":\"Karel Liman. Arhitectul casei regale a Rom\u00e2niei\"}]},{\"@type\":\"WebSite\",\"@id\":\"https:\\\/\\\/librarie.peles.ro\\\/ro\\\/#website\",\"url\":\"https:\\\/\\\/librarie.peles.ro\\\/ro\\\/\",\"name\":\"Libr\u0103rie\",\"description\":\"Muzeul Na\u021bional Pele\u0219\",\"publisher\":{\"@id\":\"https:\\\/\\\/librarie.peles.ro\\\/ro\\\/#organization\"},\"potentialAction\":[{\"@type\":\"SearchAction\",\"target\":{\"@type\":\"EntryPoint\",\"urlTemplate\":\"https:\\\/\\\/librarie.peles.ro\\\/ro\\\/?s={search_term_string}\"},\"query-input\":{\"@type\":\"PropertyValueSpecification\",\"valueRequired\":true,\"valueName\":\"search_term_string\"}}],\"inLanguage\":\"en-GB\"},{\"@type\":\"Organization\",\"@id\":\"https:\\\/\\\/librarie.peles.ro\\\/ro\\\/#organization\",\"name\":\"Libr\u0103rie\",\"url\":\"https:\\\/\\\/librarie.peles.ro\\\/ro\\\/\",\"logo\":{\"@type\":\"ImageObject\",\"inLanguage\":\"en-GB\",\"@id\":\"https:\\\/\\\/librarie.peles.ro\\\/ro\\\/#\\\/schema\\\/logo\\\/image\\\/\",\"url\":\"https:\\\/\\\/librarie.peles.ro\\\/wp-content\\\/uploads\\\/2025\\\/01\\\/Logo-1.png\",\"contentUrl\":\"https:\\\/\\\/librarie.peles.ro\\\/wp-content\\\/uploads\\\/2025\\\/01\\\/Logo-1.png\",\"width\":1046,\"height\":200,\"caption\":\"Libr\u0103rie\"},\"image\":{\"@id\":\"https:\\\/\\\/librarie.peles.ro\\\/ro\\\/#\\\/schema\\\/logo\\\/image\\\/\"},\"sameAs\":[\"https:\\\/\\\/www.facebook.com\\\/muzeulnationalpeles\",\"https:\\\/\\\/x.com\\\/MuzeulP\",\"https:\\\/\\\/www.instagram.com\\\/muzeul_national_peles\\\/\",\"https:\\\/\\\/www.youtube.com\\\/@muzeulnationalpeles7162\",\"https:\\\/\\\/www.tiktok.com\\\/@muzeulnationalpeles\"]}]}<\/script>\n<!-- \/ Yoast SEO plugin. -->","yoast_head_json":{"title":"Karel Liman. Arhitectul casei regale a Rom\u00e2niei - Libr\u0103rie","robots":{"index":"noindex","follow":"follow","max-snippet":"max-snippet:-1","max-image-preview":"max-image-preview:large","max-video-preview":"max-video-preview:-1"},"og_locale":"en_GB","og_type":"article","og_title":"Karel Liman. Arhitectul casei regale a Rom\u00e2niei - Libr\u0103rie","og_description":"Format: 23x28 cm Num\u0103r pagini: 256 Anul apari\u0163iei: 2019 ISBN 978-973-0-30564-7","og_url":"https:\/\/librarie.peles.ro\/en\/product\/karel-liman-arhitectul-casei-regale-a-romaniei\/","og_site_name":"Libr\u0103rie","article_publisher":"https:\/\/www.facebook.com\/muzeulnationalpeles","article_modified_time":"2026-02-08T12:41:07+00:00","og_image":[{"width":464,"height":581,"url":"https:\/\/librarie.peles.ro\/wp-content\/uploads\/2020\/04\/Karel-Liman.jpg","type":"image\/jpeg"}],"twitter_card":"summary_large_image","twitter_site":"@MuzeulP","twitter_misc":{"Estimated reading time":"2 minutes"},"schema":{"@context":"https:\/\/schema.org","@graph":[{"@type":"WebPage","@id":"https:\/\/librarie.peles.ro\/ro\/product\/karel-liman-arhitectul-casei-regale-a-romaniei\/","url":"https:\/\/librarie.peles.ro\/ro\/product\/karel-liman-arhitectul-casei-regale-a-romaniei\/","name":"Karel Liman. Arhitectul casei regale a Rom\u00e2niei - Libr\u0103rie","isPartOf":{"@id":"https:\/\/librarie.peles.ro\/ro\/#website"},"primaryImageOfPage":{"@id":"https:\/\/librarie.peles.ro\/ro\/product\/karel-liman-arhitectul-casei-regale-a-romaniei\/#primaryimage"},"image":{"@id":"https:\/\/librarie.peles.ro\/ro\/product\/karel-liman-arhitectul-casei-regale-a-romaniei\/#primaryimage"},"thumbnailUrl":"https:\/\/librarie.peles.ro\/wp-content\/uploads\/2020\/04\/Karel-Liman.jpg","datePublished":"2020-04-23T08:41:58+00:00","dateModified":"2026-02-08T12:41:07+00:00","breadcrumb":{"@id":"https:\/\/librarie.peles.ro\/ro\/product\/karel-liman-arhitectul-casei-regale-a-romaniei\/#breadcrumb"},"inLanguage":"en-GB","potentialAction":[{"@type":"ReadAction","target":["https:\/\/librarie.peles.ro\/ro\/product\/karel-liman-arhitectul-casei-regale-a-romaniei\/"]}]},{"@type":"ImageObject","inLanguage":"en-GB","@id":"https:\/\/librarie.peles.ro\/ro\/product\/karel-liman-arhitectul-casei-regale-a-romaniei\/#primaryimage","url":"https:\/\/librarie.peles.ro\/wp-content\/uploads\/2020\/04\/Karel-Liman.jpg","contentUrl":"https:\/\/librarie.peles.ro\/wp-content\/uploads\/2020\/04\/Karel-Liman.jpg","width":464,"height":581},{"@type":"BreadcrumbList","@id":"https:\/\/librarie.peles.ro\/ro\/product\/karel-liman-arhitectul-casei-regale-a-romaniei\/#breadcrumb","itemListElement":[{"@type":"ListItem","position":1,"name":"Home","item":"https:\/\/librarie.peles.ro\/ro\/"},{"@type":"ListItem","position":2,"name":"Shop","item":"https:\/\/librarie.peles.ro\/ro\/shop\/"},{"@type":"ListItem","position":3,"name":"Karel Liman. Arhitectul casei regale a Rom\u00e2niei"}]},{"@type":"WebSite","@id":"https:\/\/librarie.peles.ro\/ro\/#website","url":"https:\/\/librarie.peles.ro\/ro\/","name":"Libr\u0103rie","description":"Muzeul Na\u021bional Pele\u0219","publisher":{"@id":"https:\/\/librarie.peles.ro\/ro\/#organization"},"potentialAction":[{"@type":"SearchAction","target":{"@type":"EntryPoint","urlTemplate":"https:\/\/librarie.peles.ro\/ro\/?s={search_term_string}"},"query-input":{"@type":"PropertyValueSpecification","valueRequired":true,"valueName":"search_term_string"}}],"inLanguage":"en-GB"},{"@type":"Organization","@id":"https:\/\/librarie.peles.ro\/ro\/#organization","name":"Libr\u0103rie","url":"https:\/\/librarie.peles.ro\/ro\/","logo":{"@type":"ImageObject","inLanguage":"en-GB","@id":"https:\/\/librarie.peles.ro\/ro\/#\/schema\/logo\/image\/","url":"https:\/\/librarie.peles.ro\/wp-content\/uploads\/2025\/01\/Logo-1.png","contentUrl":"https:\/\/librarie.peles.ro\/wp-content\/uploads\/2025\/01\/Logo-1.png","width":1046,"height":200,"caption":"Libr\u0103rie"},"image":{"@id":"https:\/\/librarie.peles.ro\/ro\/#\/schema\/logo\/image\/"},"sameAs":["https:\/\/www.facebook.com\/muzeulnationalpeles","https:\/\/x.com\/MuzeulP","https:\/\/www.instagram.com\/muzeul_national_peles\/","https:\/\/www.youtube.com\/@muzeulnationalpeles7162","https:\/\/www.tiktok.com\/@muzeulnationalpeles"]}]}},"_links":{"self":[{"href":"https:\/\/librarie.peles.ro\/en\/wp-json\/wp\/v2\/product\/67","targetHints":{"allow":["GET"]}}],"collection":[{"href":"https:\/\/librarie.peles.ro\/en\/wp-json\/wp\/v2\/product"}],"about":[{"href":"https:\/\/librarie.peles.ro\/en\/wp-json\/wp\/v2\/types\/product"}],"replies":[{"embeddable":true,"href":"https:\/\/librarie.peles.ro\/en\/wp-json\/wp\/v2\/comments?post=67"}],"version-history":[{"count":1,"href":"https:\/\/librarie.peles.ro\/en\/wp-json\/wp\/v2\/product\/67\/revisions"}],"predecessor-version":[{"id":1961,"href":"https:\/\/librarie.peles.ro\/en\/wp-json\/wp\/v2\/product\/67\/revisions\/1961"}],"wp:featuredmedia":[{"embeddable":true,"href":"https:\/\/librarie.peles.ro\/en\/wp-json\/wp\/v2\/media\/1173"}],"wp:attachment":[{"href":"https:\/\/librarie.peles.ro\/en\/wp-json\/wp\/v2\/media?parent=67"}],"wp:term":[{"taxonomy":"product_brand","embeddable":true,"href":"https:\/\/librarie.peles.ro\/en\/wp-json\/wp\/v2\/product_brand?post=67"},{"taxonomy":"product_cat","embeddable":true,"href":"https:\/\/librarie.peles.ro\/en\/wp-json\/wp\/v2\/product_cat?post=67"},{"taxonomy":"product_tag","embeddable":true,"href":"https:\/\/librarie.peles.ro\/en\/wp-json\/wp\/v2\/product_tag?post=67"}],"curies":[{"name":"wp","href":"https:\/\/api.w.org\/{rel}","templated":true}]}}