{"id":62,"date":"2021-03-24T09:04:15","date_gmt":"2021-03-24T07:04:15","guid":{"rendered":"https:\/\/librarie.peles.ro\/?post_type=product&#038;p=23"},"modified":"2025-12-12T14:41:46","modified_gmt":"2025-12-12T14:41:46","slug":"carol-i-ctitorul-romaniei-moderne","status":"publish","type":"product","link":"https:\/\/librarie.peles.ro\/en\/product\/carol-i-ctitorul-romaniei-moderne\/","title":{"rendered":"Carol I. Founder of Modern Romania (volume 1)"},"content":{"rendered":"<p>\u00cen prim\u0103vara 2019, la 20 aprilie, s-au \u00eemplinit 180 de ani de c\u00e2nd, \u00een 1839, se n\u0103\u0219tea \u00een castelul de la Sigmaringen (Germania), principele Karl Eitel Friedrich Zephyrinus Ludwig von Hohenzollern Sigmaringen, cel care avea s\u0103 devin\u0103 primul rege al Rom\u00e2niei moderne, la a c\u0103rei dezvoltare a avut o contribu\u021bie esen\u021bial\u0103. A fost foarte m\u00e2ndru de \u00eenainta\u0219ii s\u0103i, pe care \u00eei va portretiza \u00een Holul de onoare al castelului Pele\u0219, \u00eencerc\u00e2nd s\u0103 creeze \u00een re\u0219edin\u021ba sa o galerie a str\u0103mo\u0219ilor, a\u0219a cum v\u0103zuse \u00een copil\u0103ria \u0219i tinere\u021bea petrecut\u0103 la castelul familiei sale din Sigmaringen. ,,Faptul c\u0103 se num\u0103ra printre Hohenzollerni \u2013 scria primul s\u0103u biograf, Paul Lindenberg \u2013 l-a umplut \u00eentotdeauna de m\u00e2ndrie pe deplin justificat\u0103, dar tocmai de aceea voia ca prin for\u021be proprii \u0219i ca urmare a bagajului s\u0103u de cuno\u0219tin\u021be \u0219i aptitudini s\u0103 cucereasc\u0103 locul pe care al\u021bi principi \u00eel consider\u0103 ca pe ceva ce li se cuvine pur \u0219i simplu. Aceasta ne explic\u0103 multe din mentalitatea t\u00e2n\u0103rului prin\u021b, ca \u0219i evolu\u021bia de mai t\u00e2rziu a principelui \u0219i regelui, care permanent \u0219i-a impus exigen\u021bele cele mai \u00eenalte \u0219i care, \u00een simplitatea lui sold\u0103\u021beasc\u0103, a explicat \u00een repetate r\u00e2nduri: \u00abCeea ce poate s\u0103 fac\u0103 omul \u00eensu\u0219i, nu se cade s\u0103 lase a fi f\u0103cut de un altul\u00bb\u201d.<\/p>\n<p>Editat de Muzeul Na\u0163ional Pele\u015f<br \/>\nTexte vol. 1: Dan Berindei, Ion Bulei, Narcis Dorin Ion, Nicolae \u015et. Noica<\/p>","protected":false},"excerpt":{"rendered":"<p>Format: 23&#215;28 cm<br \/>\nNum\u0103r pagini: 360<br \/>\nAnul apari\u0163iei: 2019<br \/>\nISBN: 978-973-0-29586-3<br \/>\nSe poate comanda numai \u00eempreun\u0103 cu volumul 2.<\/p>","protected":false},"featured_media":1172,"comment_status":"open","ping_status":"closed","template":"","meta":[],"product_brand":[],"product_cat":[15],"product_tag":[],"class_list":{"0":"post-62","1":"product","2":"type-product","3":"status-publish","4":"has-post-thumbnail","6":"product_cat-uncategorized","7":"product_shipping_class-livrare_gratuita","9":"first","10":"instock","11":"shipping-taxable","12":"purchasable","13":"product-type-simple"},"yoast_head":"<!-- This site is optimized with the Yoast SEO plugin v27.4 - https:\/\/yoast.com\/product\/yoast-seo-wordpress\/ -->\n<title>Carol I. Ctitorul Rom\u00e2niei moderne (volumul 1) - Libr\u0103rie<\/title>\n<meta name=\"robots\" content=\"noindex, follow, max-snippet:-1, max-image-preview:large, max-video-preview:-1\" \/>\n<meta property=\"og:locale\" content=\"en_GB\" \/>\n<meta property=\"og:type\" content=\"article\" \/>\n<meta property=\"og:title\" content=\"Carol I. Ctitorul Rom\u00e2niei moderne (volumul 1) - Libr\u0103rie\" \/>\n<meta property=\"og:description\" content=\"Format: 23x28 cm Num\u0103r pagini: 360 Anul apari\u0163iei: 2019 ISBN: 978-973-0-29586-3 Se poate comanda numai \u00eempreun\u0103 cu volumul 2.\" \/>\n<meta property=\"og:url\" content=\"https:\/\/librarie.peles.ro\/en\/product\/carol-i-ctitorul-romaniei-moderne\/\" \/>\n<meta property=\"og:site_name\" content=\"Libr\u0103rie\" \/>\n<meta property=\"article:publisher\" content=\"https:\/\/www.facebook.com\/muzeulnationalpeles\" \/>\n<meta property=\"article:modified_time\" content=\"2025-12-12T14:41:46+00:00\" \/>\n<meta property=\"og:image\" content=\"https:\/\/librarie.peles.ro\/wp-content\/uploads\/2020\/04\/Regele-Carol-I_Ctitorul-Romaniei-moderne_vol-1_2019_cop1-scaled-1.jpg\" \/>\n\t<meta property=\"og:image:width\" content=\"2079\" \/>\n\t<meta property=\"og:image:height\" content=\"2560\" \/>\n\t<meta property=\"og:image:type\" content=\"image\/jpeg\" \/>\n<meta name=\"twitter:card\" content=\"summary_large_image\" \/>\n<meta name=\"twitter:site\" content=\"@MuzeulP\" \/>\n<meta name=\"twitter:label1\" content=\"Estimated reading time\" \/>\n\t<meta name=\"twitter:data1\" content=\"2 minutes\" \/>\n<script type=\"application\/ld+json\" class=\"yoast-schema-graph\">{\"@context\":\"https:\\\/\\\/schema.org\",\"@graph\":[{\"@type\":\"WebPage\",\"@id\":\"https:\\\/\\\/librarie.peles.ro\\\/product\\\/carol-i-ctitorul-romaniei-moderne\\\/\",\"url\":\"https:\\\/\\\/librarie.peles.ro\\\/product\\\/carol-i-ctitorul-romaniei-moderne\\\/\",\"name\":\"Carol I. Ctitorul Rom\u00e2niei moderne (volumul 1) - Libr\u0103rie\",\"isPartOf\":{\"@id\":\"https:\\\/\\\/librarie.peles.ro\\\/ro\\\/#website\"},\"primaryImageOfPage\":{\"@id\":\"https:\\\/\\\/librarie.peles.ro\\\/product\\\/carol-i-ctitorul-romaniei-moderne\\\/#primaryimage\"},\"image\":{\"@id\":\"https:\\\/\\\/librarie.peles.ro\\\/product\\\/carol-i-ctitorul-romaniei-moderne\\\/#primaryimage\"},\"thumbnailUrl\":\"https:\\\/\\\/librarie.peles.ro\\\/wp-content\\\/uploads\\\/2020\\\/04\\\/Regele-Carol-I_Ctitorul-Romaniei-moderne_vol-1_2019_cop1-scaled-1.jpg\",\"datePublished\":\"2021-03-24T07:04:15+00:00\",\"dateModified\":\"2025-12-12T14:41:46+00:00\",\"breadcrumb\":{\"@id\":\"https:\\\/\\\/librarie.peles.ro\\\/product\\\/carol-i-ctitorul-romaniei-moderne\\\/#breadcrumb\"},\"inLanguage\":\"en-GB\",\"potentialAction\":[{\"@type\":\"ReadAction\",\"target\":[\"https:\\\/\\\/librarie.peles.ro\\\/product\\\/carol-i-ctitorul-romaniei-moderne\\\/\"]}]},{\"@type\":\"ImageObject\",\"inLanguage\":\"en-GB\",\"@id\":\"https:\\\/\\\/librarie.peles.ro\\\/product\\\/carol-i-ctitorul-romaniei-moderne\\\/#primaryimage\",\"url\":\"https:\\\/\\\/librarie.peles.ro\\\/wp-content\\\/uploads\\\/2020\\\/04\\\/Regele-Carol-I_Ctitorul-Romaniei-moderne_vol-1_2019_cop1-scaled-1.jpg\",\"contentUrl\":\"https:\\\/\\\/librarie.peles.ro\\\/wp-content\\\/uploads\\\/2020\\\/04\\\/Regele-Carol-I_Ctitorul-Romaniei-moderne_vol-1_2019_cop1-scaled-1.jpg\",\"width\":2079,\"height\":2560},{\"@type\":\"BreadcrumbList\",\"@id\":\"https:\\\/\\\/librarie.peles.ro\\\/product\\\/carol-i-ctitorul-romaniei-moderne\\\/#breadcrumb\",\"itemListElement\":[{\"@type\":\"ListItem\",\"position\":1,\"name\":\"Home\",\"item\":\"https:\\\/\\\/librarie.peles.ro\\\/ro\\\/\"},{\"@type\":\"ListItem\",\"position\":2,\"name\":\"Shop\",\"item\":\"https:\\\/\\\/librarie.peles.ro\\\/ro\\\/shop\\\/\"},{\"@type\":\"ListItem\",\"position\":3,\"name\":\"Carol I. Ctitorul Rom\u00e2niei moderne (volumul 1)\"}]},{\"@type\":\"WebSite\",\"@id\":\"https:\\\/\\\/librarie.peles.ro\\\/ro\\\/#website\",\"url\":\"https:\\\/\\\/librarie.peles.ro\\\/ro\\\/\",\"name\":\"Libr\u0103rie\",\"description\":\"Muzeul Na\u021bional Pele\u0219\",\"publisher\":{\"@id\":\"https:\\\/\\\/librarie.peles.ro\\\/ro\\\/#organization\"},\"potentialAction\":[{\"@type\":\"SearchAction\",\"target\":{\"@type\":\"EntryPoint\",\"urlTemplate\":\"https:\\\/\\\/librarie.peles.ro\\\/ro\\\/?s={search_term_string}\"},\"query-input\":{\"@type\":\"PropertyValueSpecification\",\"valueRequired\":true,\"valueName\":\"search_term_string\"}}],\"inLanguage\":\"en-GB\"},{\"@type\":\"Organization\",\"@id\":\"https:\\\/\\\/librarie.peles.ro\\\/ro\\\/#organization\",\"name\":\"Libr\u0103rie\",\"url\":\"https:\\\/\\\/librarie.peles.ro\\\/ro\\\/\",\"logo\":{\"@type\":\"ImageObject\",\"inLanguage\":\"en-GB\",\"@id\":\"https:\\\/\\\/librarie.peles.ro\\\/ro\\\/#\\\/schema\\\/logo\\\/image\\\/\",\"url\":\"https:\\\/\\\/librarie.peles.ro\\\/wp-content\\\/uploads\\\/2025\\\/01\\\/Logo-1.png\",\"contentUrl\":\"https:\\\/\\\/librarie.peles.ro\\\/wp-content\\\/uploads\\\/2025\\\/01\\\/Logo-1.png\",\"width\":1046,\"height\":200,\"caption\":\"Libr\u0103rie\"},\"image\":{\"@id\":\"https:\\\/\\\/librarie.peles.ro\\\/ro\\\/#\\\/schema\\\/logo\\\/image\\\/\"},\"sameAs\":[\"https:\\\/\\\/www.facebook.com\\\/muzeulnationalpeles\",\"https:\\\/\\\/x.com\\\/MuzeulP\",\"https:\\\/\\\/www.instagram.com\\\/muzeul_national_peles\\\/\",\"https:\\\/\\\/www.youtube.com\\\/@muzeulnationalpeles7162\",\"https:\\\/\\\/www.tiktok.com\\\/@muzeulnationalpeles\"]}]}<\/script>\n<!-- \/ Yoast SEO plugin. -->","yoast_head_json":{"title":"Carol I. Ctitorul Rom\u00e2niei moderne (volumul 1) - Libr\u0103rie","robots":{"index":"noindex","follow":"follow","max-snippet":"max-snippet:-1","max-image-preview":"max-image-preview:large","max-video-preview":"max-video-preview:-1"},"og_locale":"en_GB","og_type":"article","og_title":"Carol I. Ctitorul Rom\u00e2niei moderne (volumul 1) - Libr\u0103rie","og_description":"Format: 23x28 cm Num\u0103r pagini: 360 Anul apari\u0163iei: 2019 ISBN: 978-973-0-29586-3 Se poate comanda numai \u00eempreun\u0103 cu volumul 2.","og_url":"https:\/\/librarie.peles.ro\/en\/product\/carol-i-ctitorul-romaniei-moderne\/","og_site_name":"Libr\u0103rie","article_publisher":"https:\/\/www.facebook.com\/muzeulnationalpeles","article_modified_time":"2025-12-12T14:41:46+00:00","og_image":[{"width":2079,"height":2560,"url":"https:\/\/librarie.peles.ro\/wp-content\/uploads\/2020\/04\/Regele-Carol-I_Ctitorul-Romaniei-moderne_vol-1_2019_cop1-scaled-1.jpg","type":"image\/jpeg"}],"twitter_card":"summary_large_image","twitter_site":"@MuzeulP","twitter_misc":{"Estimated reading time":"2 minutes"},"schema":{"@context":"https:\/\/schema.org","@graph":[{"@type":"WebPage","@id":"https:\/\/librarie.peles.ro\/product\/carol-i-ctitorul-romaniei-moderne\/","url":"https:\/\/librarie.peles.ro\/product\/carol-i-ctitorul-romaniei-moderne\/","name":"Carol I. Ctitorul Rom\u00e2niei moderne (volumul 1) - Libr\u0103rie","isPartOf":{"@id":"https:\/\/librarie.peles.ro\/ro\/#website"},"primaryImageOfPage":{"@id":"https:\/\/librarie.peles.ro\/product\/carol-i-ctitorul-romaniei-moderne\/#primaryimage"},"image":{"@id":"https:\/\/librarie.peles.ro\/product\/carol-i-ctitorul-romaniei-moderne\/#primaryimage"},"thumbnailUrl":"https:\/\/librarie.peles.ro\/wp-content\/uploads\/2020\/04\/Regele-Carol-I_Ctitorul-Romaniei-moderne_vol-1_2019_cop1-scaled-1.jpg","datePublished":"2021-03-24T07:04:15+00:00","dateModified":"2025-12-12T14:41:46+00:00","breadcrumb":{"@id":"https:\/\/librarie.peles.ro\/product\/carol-i-ctitorul-romaniei-moderne\/#breadcrumb"},"inLanguage":"en-GB","potentialAction":[{"@type":"ReadAction","target":["https:\/\/librarie.peles.ro\/product\/carol-i-ctitorul-romaniei-moderne\/"]}]},{"@type":"ImageObject","inLanguage":"en-GB","@id":"https:\/\/librarie.peles.ro\/product\/carol-i-ctitorul-romaniei-moderne\/#primaryimage","url":"https:\/\/librarie.peles.ro\/wp-content\/uploads\/2020\/04\/Regele-Carol-I_Ctitorul-Romaniei-moderne_vol-1_2019_cop1-scaled-1.jpg","contentUrl":"https:\/\/librarie.peles.ro\/wp-content\/uploads\/2020\/04\/Regele-Carol-I_Ctitorul-Romaniei-moderne_vol-1_2019_cop1-scaled-1.jpg","width":2079,"height":2560},{"@type":"BreadcrumbList","@id":"https:\/\/librarie.peles.ro\/product\/carol-i-ctitorul-romaniei-moderne\/#breadcrumb","itemListElement":[{"@type":"ListItem","position":1,"name":"Home","item":"https:\/\/librarie.peles.ro\/ro\/"},{"@type":"ListItem","position":2,"name":"Shop","item":"https:\/\/librarie.peles.ro\/ro\/shop\/"},{"@type":"ListItem","position":3,"name":"Carol I. Ctitorul Rom\u00e2niei moderne (volumul 1)"}]},{"@type":"WebSite","@id":"https:\/\/librarie.peles.ro\/ro\/#website","url":"https:\/\/librarie.peles.ro\/ro\/","name":"Libr\u0103rie","description":"Muzeul Na\u021bional Pele\u0219","publisher":{"@id":"https:\/\/librarie.peles.ro\/ro\/#organization"},"potentialAction":[{"@type":"SearchAction","target":{"@type":"EntryPoint","urlTemplate":"https:\/\/librarie.peles.ro\/ro\/?s={search_term_string}"},"query-input":{"@type":"PropertyValueSpecification","valueRequired":true,"valueName":"search_term_string"}}],"inLanguage":"en-GB"},{"@type":"Organization","@id":"https:\/\/librarie.peles.ro\/ro\/#organization","name":"Libr\u0103rie","url":"https:\/\/librarie.peles.ro\/ro\/","logo":{"@type":"ImageObject","inLanguage":"en-GB","@id":"https:\/\/librarie.peles.ro\/ro\/#\/schema\/logo\/image\/","url":"https:\/\/librarie.peles.ro\/wp-content\/uploads\/2025\/01\/Logo-1.png","contentUrl":"https:\/\/librarie.peles.ro\/wp-content\/uploads\/2025\/01\/Logo-1.png","width":1046,"height":200,"caption":"Libr\u0103rie"},"image":{"@id":"https:\/\/librarie.peles.ro\/ro\/#\/schema\/logo\/image\/"},"sameAs":["https:\/\/www.facebook.com\/muzeulnationalpeles","https:\/\/x.com\/MuzeulP","https:\/\/www.instagram.com\/muzeul_national_peles\/","https:\/\/www.youtube.com\/@muzeulnationalpeles7162","https:\/\/www.tiktok.com\/@muzeulnationalpeles"]}]}},"_links":{"self":[{"href":"https:\/\/librarie.peles.ro\/en\/wp-json\/wp\/v2\/product\/62","targetHints":{"allow":["GET"]}}],"collection":[{"href":"https:\/\/librarie.peles.ro\/en\/wp-json\/wp\/v2\/product"}],"about":[{"href":"https:\/\/librarie.peles.ro\/en\/wp-json\/wp\/v2\/types\/product"}],"replies":[{"embeddable":true,"href":"https:\/\/librarie.peles.ro\/en\/wp-json\/wp\/v2\/comments?post=62"}],"version-history":[{"count":2,"href":"https:\/\/librarie.peles.ro\/en\/wp-json\/wp\/v2\/product\/62\/revisions"}],"predecessor-version":[{"id":1940,"href":"https:\/\/librarie.peles.ro\/en\/wp-json\/wp\/v2\/product\/62\/revisions\/1940"}],"wp:featuredmedia":[{"embeddable":true,"href":"https:\/\/librarie.peles.ro\/en\/wp-json\/wp\/v2\/media\/1172"}],"wp:attachment":[{"href":"https:\/\/librarie.peles.ro\/en\/wp-json\/wp\/v2\/media?parent=62"}],"wp:term":[{"taxonomy":"product_brand","embeddable":true,"href":"https:\/\/librarie.peles.ro\/en\/wp-json\/wp\/v2\/product_brand?post=62"},{"taxonomy":"product_cat","embeddable":true,"href":"https:\/\/librarie.peles.ro\/en\/wp-json\/wp\/v2\/product_cat?post=62"},{"taxonomy":"product_tag","embeddable":true,"href":"https:\/\/librarie.peles.ro\/en\/wp-json\/wp\/v2\/product_tag?post=62"}],"curies":[{"name":"wp","href":"https:\/\/api.w.org\/{rel}","templated":true}]}}