{"id":529,"date":"2021-03-26T14:30:13","date_gmt":"2021-03-26T12:30:13","guid":{"rendered":"https:\/\/librarie.peles.ro\/?post_type=product&#038;p=529"},"modified":"2026-01-19T14:10:18","modified_gmt":"2026-01-19T14:10:18","slug":"carol-al-ii-lea-al-romaniei-un-rege-controversat-volumul-5","status":"publish","type":"product","link":"https:\/\/librarie.peles.ro\/en\/product\/carol-al-ii-lea-al-romaniei-un-rege-controversat-volumul-5\/","title":{"rendered":"Carol II of Romania. A Controversial King (Volume 5)"},"content":{"rendered":"<p><em>C\u00e2nd zic c\u0103 din sufletul neamului nostru trebuie s\u0103 culegem puterea culturii rom\u00e2ne\u0219ti, nu vreau s\u0103 zic c\u0103 trebuie s\u0103 r\u0103m\u00e2nem la o cultur\u0103 primar\u0103 \u0219i rural\u0103 &#8211; hot\u0103r\u00e2t c\u0103 nu! Dar rolul omului de \u0219tiin\u021b\u0103 este tocmai de a alambica, din acest suflet, elixirul ce d\u0103 vie\u021bii noastre intelectuale specificul rom\u00e2nesc. Vreau s\u0103 ridic \u0219i s\u0103 \u00eencurajez orice oper\u0103 de valoare produs\u0103 de o minte rom\u00e2neasc\u0103. Dar cer, mai \u00eenainte de toate, ca aceast\u0103 oper\u0103 s\u0103 fie serioas\u0103 \u0219i s\u0103 aduc\u0103 un aport real ramurii de cultur\u0103 c\u0103reia \u00eei apar\u021bine. Cultura nu este un lucru de sine st\u0103t\u0103tor; este un element de c\u0103petenie \u00een sinteza puterii \u0219i dreptului la via\u021b\u0103 al unui neam. Ea este partea nepieritoare a patrimoniului na\u021bional, care d\u0103 dreptul unui popor de a supravie\u021bui eternit\u0103\u021bii. Iat\u0103 de ce, cu at\u00e2ta dragoste \u0219i cu at\u00e2ta r\u00e2vn\u0103, m-am consacrat acestei opere, c\u0103ci nu pot concepe ca neamul meu s\u0103 nu fie nepieritor \u201e\u00eentr-ale lumii ginte mari\u201d.<\/em><\/p>\n<p style=\"text-align: right;\">Regele Carol al II-lea, 13 iunie 1937<\/p>\n<p>Album monografic editat de Muzeul Na\u021bional Pele\u0219<\/p>","protected":false},"excerpt":{"rendered":"<p>Format: 23&#215;28 cm<br \/>\nNum\u0103r pagini: 574<br \/>\nAnul apari\u021biei: 2021<br \/>\nAutor: Narcis-Dorin Ion<br \/>\nISBN 978-606-622-558-8<\/p>","protected":false},"featured_media":535,"comment_status":"open","ping_status":"closed","template":"","meta":[],"product_brand":[],"product_cat":[15],"product_tag":[],"class_list":{"0":"post-529","1":"product","2":"type-product","3":"status-publish","4":"has-post-thumbnail","6":"product_cat-uncategorized","8":"first","9":"instock","10":"shipping-taxable","11":"purchasable","12":"product-type-simple"},"yoast_head":"<!-- This site is optimized with the Yoast SEO plugin v27.4 - https:\/\/yoast.com\/product\/yoast-seo-wordpress\/ -->\n<title>Carol al II-lea al Rom\u00e2niei. Un rege controversat (volumul 5) - Libr\u0103rie<\/title>\n<meta name=\"robots\" content=\"noindex, follow, max-snippet:-1, max-image-preview:large, max-video-preview:-1\" \/>\n<meta property=\"og:locale\" content=\"en_GB\" \/>\n<meta property=\"og:type\" content=\"article\" \/>\n<meta property=\"og:title\" content=\"Carol al II-lea al Rom\u00e2niei. Un rege controversat (volumul 5) - Libr\u0103rie\" \/>\n<meta property=\"og:description\" content=\"Format: 23x28 cm Num\u0103r pagini: 574 Anul apari\u021biei: 2021 Autor: Narcis-Dorin Ion ISBN 978-606-622-558-8\" \/>\n<meta property=\"og:url\" content=\"https:\/\/librarie.peles.ro\/en\/product\/carol-al-ii-lea-al-romaniei-un-rege-controversat-volumul-5\/\" \/>\n<meta property=\"og:site_name\" content=\"Libr\u0103rie\" \/>\n<meta property=\"article:publisher\" content=\"https:\/\/www.facebook.com\/muzeulnationalpeles\" \/>\n<meta property=\"article:modified_time\" content=\"2026-01-19T14:10:18+00:00\" \/>\n<meta property=\"og:image\" content=\"https:\/\/librarie.peles.ro\/wp-content\/uploads\/2021\/05\/vol5-scaled-1.jpg\" \/>\n\t<meta property=\"og:image:width\" content=\"2080\" \/>\n\t<meta property=\"og:image:height\" content=\"2560\" \/>\n\t<meta property=\"og:image:type\" content=\"image\/jpeg\" \/>\n<meta name=\"twitter:card\" content=\"summary_large_image\" \/>\n<meta name=\"twitter:site\" content=\"@MuzeulP\" \/>\n<meta name=\"twitter:label1\" content=\"Estimated reading time\" \/>\n\t<meta name=\"twitter:data1\" content=\"2 minutes\" \/>\n<script type=\"application\/ld+json\" class=\"yoast-schema-graph\">{\"@context\":\"https:\\\/\\\/schema.org\",\"@graph\":[{\"@type\":\"WebPage\",\"@id\":\"https:\\\/\\\/librarie.peles.ro\\\/ro\\\/product\\\/carol-al-ii-lea-al-romaniei-un-rege-controversat-volumul-5\\\/\",\"url\":\"https:\\\/\\\/librarie.peles.ro\\\/ro\\\/product\\\/carol-al-ii-lea-al-romaniei-un-rege-controversat-volumul-5\\\/\",\"name\":\"Carol al II-lea al Rom\u00e2niei. Un rege controversat (volumul 5) - Libr\u0103rie\",\"isPartOf\":{\"@id\":\"https:\\\/\\\/librarie.peles.ro\\\/ro\\\/#website\"},\"primaryImageOfPage\":{\"@id\":\"https:\\\/\\\/librarie.peles.ro\\\/ro\\\/product\\\/carol-al-ii-lea-al-romaniei-un-rege-controversat-volumul-5\\\/#primaryimage\"},\"image\":{\"@id\":\"https:\\\/\\\/librarie.peles.ro\\\/ro\\\/product\\\/carol-al-ii-lea-al-romaniei-un-rege-controversat-volumul-5\\\/#primaryimage\"},\"thumbnailUrl\":\"https:\\\/\\\/librarie.peles.ro\\\/wp-content\\\/uploads\\\/2021\\\/05\\\/vol5-scaled-1.jpg\",\"datePublished\":\"2021-03-26T12:30:13+00:00\",\"dateModified\":\"2026-01-19T14:10:18+00:00\",\"breadcrumb\":{\"@id\":\"https:\\\/\\\/librarie.peles.ro\\\/ro\\\/product\\\/carol-al-ii-lea-al-romaniei-un-rege-controversat-volumul-5\\\/#breadcrumb\"},\"inLanguage\":\"en-GB\",\"potentialAction\":[{\"@type\":\"ReadAction\",\"target\":[\"https:\\\/\\\/librarie.peles.ro\\\/ro\\\/product\\\/carol-al-ii-lea-al-romaniei-un-rege-controversat-volumul-5\\\/\"]}]},{\"@type\":\"ImageObject\",\"inLanguage\":\"en-GB\",\"@id\":\"https:\\\/\\\/librarie.peles.ro\\\/ro\\\/product\\\/carol-al-ii-lea-al-romaniei-un-rege-controversat-volumul-5\\\/#primaryimage\",\"url\":\"https:\\\/\\\/librarie.peles.ro\\\/wp-content\\\/uploads\\\/2021\\\/05\\\/vol5-scaled-1.jpg\",\"contentUrl\":\"https:\\\/\\\/librarie.peles.ro\\\/wp-content\\\/uploads\\\/2021\\\/05\\\/vol5-scaled-1.jpg\",\"width\":2080,\"height\":2560},{\"@type\":\"BreadcrumbList\",\"@id\":\"https:\\\/\\\/librarie.peles.ro\\\/ro\\\/product\\\/carol-al-ii-lea-al-romaniei-un-rege-controversat-volumul-5\\\/#breadcrumb\",\"itemListElement\":[{\"@type\":\"ListItem\",\"position\":1,\"name\":\"Home\",\"item\":\"https:\\\/\\\/librarie.peles.ro\\\/ro\\\/\"},{\"@type\":\"ListItem\",\"position\":2,\"name\":\"Shop\",\"item\":\"https:\\\/\\\/librarie.peles.ro\\\/ro\\\/shop\\\/\"},{\"@type\":\"ListItem\",\"position\":3,\"name\":\"Carol al II-lea al Rom\u00e2niei. Un rege controversat (volumul 5)\"}]},{\"@type\":\"WebSite\",\"@id\":\"https:\\\/\\\/librarie.peles.ro\\\/ro\\\/#website\",\"url\":\"https:\\\/\\\/librarie.peles.ro\\\/ro\\\/\",\"name\":\"Libr\u0103rie\",\"description\":\"Muzeul Na\u021bional Pele\u0219\",\"publisher\":{\"@id\":\"https:\\\/\\\/librarie.peles.ro\\\/ro\\\/#organization\"},\"potentialAction\":[{\"@type\":\"SearchAction\",\"target\":{\"@type\":\"EntryPoint\",\"urlTemplate\":\"https:\\\/\\\/librarie.peles.ro\\\/ro\\\/?s={search_term_string}\"},\"query-input\":{\"@type\":\"PropertyValueSpecification\",\"valueRequired\":true,\"valueName\":\"search_term_string\"}}],\"inLanguage\":\"en-GB\"},{\"@type\":\"Organization\",\"@id\":\"https:\\\/\\\/librarie.peles.ro\\\/ro\\\/#organization\",\"name\":\"Libr\u0103rie\",\"url\":\"https:\\\/\\\/librarie.peles.ro\\\/ro\\\/\",\"logo\":{\"@type\":\"ImageObject\",\"inLanguage\":\"en-GB\",\"@id\":\"https:\\\/\\\/librarie.peles.ro\\\/ro\\\/#\\\/schema\\\/logo\\\/image\\\/\",\"url\":\"https:\\\/\\\/librarie.peles.ro\\\/wp-content\\\/uploads\\\/2025\\\/01\\\/Logo-1.png\",\"contentUrl\":\"https:\\\/\\\/librarie.peles.ro\\\/wp-content\\\/uploads\\\/2025\\\/01\\\/Logo-1.png\",\"width\":1046,\"height\":200,\"caption\":\"Libr\u0103rie\"},\"image\":{\"@id\":\"https:\\\/\\\/librarie.peles.ro\\\/ro\\\/#\\\/schema\\\/logo\\\/image\\\/\"},\"sameAs\":[\"https:\\\/\\\/www.facebook.com\\\/muzeulnationalpeles\",\"https:\\\/\\\/x.com\\\/MuzeulP\",\"https:\\\/\\\/www.instagram.com\\\/muzeul_national_peles\\\/\",\"https:\\\/\\\/www.youtube.com\\\/@muzeulnationalpeles7162\",\"https:\\\/\\\/www.tiktok.com\\\/@muzeulnationalpeles\"]}]}<\/script>\n<!-- \/ Yoast SEO plugin. -->","yoast_head_json":{"title":"Carol al II-lea al Rom\u00e2niei. Un rege controversat (volumul 5) - Libr\u0103rie","robots":{"index":"noindex","follow":"follow","max-snippet":"max-snippet:-1","max-image-preview":"max-image-preview:large","max-video-preview":"max-video-preview:-1"},"og_locale":"en_GB","og_type":"article","og_title":"Carol al II-lea al Rom\u00e2niei. Un rege controversat (volumul 5) - Libr\u0103rie","og_description":"Format: 23x28 cm Num\u0103r pagini: 574 Anul apari\u021biei: 2021 Autor: Narcis-Dorin Ion ISBN 978-606-622-558-8","og_url":"https:\/\/librarie.peles.ro\/en\/product\/carol-al-ii-lea-al-romaniei-un-rege-controversat-volumul-5\/","og_site_name":"Libr\u0103rie","article_publisher":"https:\/\/www.facebook.com\/muzeulnationalpeles","article_modified_time":"2026-01-19T14:10:18+00:00","og_image":[{"width":2080,"height":2560,"url":"https:\/\/librarie.peles.ro\/wp-content\/uploads\/2021\/05\/vol5-scaled-1.jpg","type":"image\/jpeg"}],"twitter_card":"summary_large_image","twitter_site":"@MuzeulP","twitter_misc":{"Estimated reading time":"2 minutes"},"schema":{"@context":"https:\/\/schema.org","@graph":[{"@type":"WebPage","@id":"https:\/\/librarie.peles.ro\/ro\/product\/carol-al-ii-lea-al-romaniei-un-rege-controversat-volumul-5\/","url":"https:\/\/librarie.peles.ro\/ro\/product\/carol-al-ii-lea-al-romaniei-un-rege-controversat-volumul-5\/","name":"Carol al II-lea al Rom\u00e2niei. Un rege controversat (volumul 5) - Libr\u0103rie","isPartOf":{"@id":"https:\/\/librarie.peles.ro\/ro\/#website"},"primaryImageOfPage":{"@id":"https:\/\/librarie.peles.ro\/ro\/product\/carol-al-ii-lea-al-romaniei-un-rege-controversat-volumul-5\/#primaryimage"},"image":{"@id":"https:\/\/librarie.peles.ro\/ro\/product\/carol-al-ii-lea-al-romaniei-un-rege-controversat-volumul-5\/#primaryimage"},"thumbnailUrl":"https:\/\/librarie.peles.ro\/wp-content\/uploads\/2021\/05\/vol5-scaled-1.jpg","datePublished":"2021-03-26T12:30:13+00:00","dateModified":"2026-01-19T14:10:18+00:00","breadcrumb":{"@id":"https:\/\/librarie.peles.ro\/ro\/product\/carol-al-ii-lea-al-romaniei-un-rege-controversat-volumul-5\/#breadcrumb"},"inLanguage":"en-GB","potentialAction":[{"@type":"ReadAction","target":["https:\/\/librarie.peles.ro\/ro\/product\/carol-al-ii-lea-al-romaniei-un-rege-controversat-volumul-5\/"]}]},{"@type":"ImageObject","inLanguage":"en-GB","@id":"https:\/\/librarie.peles.ro\/ro\/product\/carol-al-ii-lea-al-romaniei-un-rege-controversat-volumul-5\/#primaryimage","url":"https:\/\/librarie.peles.ro\/wp-content\/uploads\/2021\/05\/vol5-scaled-1.jpg","contentUrl":"https:\/\/librarie.peles.ro\/wp-content\/uploads\/2021\/05\/vol5-scaled-1.jpg","width":2080,"height":2560},{"@type":"BreadcrumbList","@id":"https:\/\/librarie.peles.ro\/ro\/product\/carol-al-ii-lea-al-romaniei-un-rege-controversat-volumul-5\/#breadcrumb","itemListElement":[{"@type":"ListItem","position":1,"name":"Home","item":"https:\/\/librarie.peles.ro\/ro\/"},{"@type":"ListItem","position":2,"name":"Shop","item":"https:\/\/librarie.peles.ro\/ro\/shop\/"},{"@type":"ListItem","position":3,"name":"Carol al II-lea al Rom\u00e2niei. Un rege controversat (volumul 5)"}]},{"@type":"WebSite","@id":"https:\/\/librarie.peles.ro\/ro\/#website","url":"https:\/\/librarie.peles.ro\/ro\/","name":"Libr\u0103rie","description":"Muzeul Na\u021bional Pele\u0219","publisher":{"@id":"https:\/\/librarie.peles.ro\/ro\/#organization"},"potentialAction":[{"@type":"SearchAction","target":{"@type":"EntryPoint","urlTemplate":"https:\/\/librarie.peles.ro\/ro\/?s={search_term_string}"},"query-input":{"@type":"PropertyValueSpecification","valueRequired":true,"valueName":"search_term_string"}}],"inLanguage":"en-GB"},{"@type":"Organization","@id":"https:\/\/librarie.peles.ro\/ro\/#organization","name":"Libr\u0103rie","url":"https:\/\/librarie.peles.ro\/ro\/","logo":{"@type":"ImageObject","inLanguage":"en-GB","@id":"https:\/\/librarie.peles.ro\/ro\/#\/schema\/logo\/image\/","url":"https:\/\/librarie.peles.ro\/wp-content\/uploads\/2025\/01\/Logo-1.png","contentUrl":"https:\/\/librarie.peles.ro\/wp-content\/uploads\/2025\/01\/Logo-1.png","width":1046,"height":200,"caption":"Libr\u0103rie"},"image":{"@id":"https:\/\/librarie.peles.ro\/ro\/#\/schema\/logo\/image\/"},"sameAs":["https:\/\/www.facebook.com\/muzeulnationalpeles","https:\/\/x.com\/MuzeulP","https:\/\/www.instagram.com\/muzeul_national_peles\/","https:\/\/www.youtube.com\/@muzeulnationalpeles7162","https:\/\/www.tiktok.com\/@muzeulnationalpeles"]}]}},"_links":{"self":[{"href":"https:\/\/librarie.peles.ro\/en\/wp-json\/wp\/v2\/product\/529","targetHints":{"allow":["GET"]}}],"collection":[{"href":"https:\/\/librarie.peles.ro\/en\/wp-json\/wp\/v2\/product"}],"about":[{"href":"https:\/\/librarie.peles.ro\/en\/wp-json\/wp\/v2\/types\/product"}],"replies":[{"embeddable":true,"href":"https:\/\/librarie.peles.ro\/en\/wp-json\/wp\/v2\/comments?post=529"}],"version-history":[{"count":1,"href":"https:\/\/librarie.peles.ro\/en\/wp-json\/wp\/v2\/product\/529\/revisions"}],"predecessor-version":[{"id":1937,"href":"https:\/\/librarie.peles.ro\/en\/wp-json\/wp\/v2\/product\/529\/revisions\/1937"}],"wp:featuredmedia":[{"embeddable":true,"href":"https:\/\/librarie.peles.ro\/en\/wp-json\/wp\/v2\/media\/535"}],"wp:attachment":[{"href":"https:\/\/librarie.peles.ro\/en\/wp-json\/wp\/v2\/media?parent=529"}],"wp:term":[{"taxonomy":"product_brand","embeddable":true,"href":"https:\/\/librarie.peles.ro\/en\/wp-json\/wp\/v2\/product_brand?post=529"},{"taxonomy":"product_cat","embeddable":true,"href":"https:\/\/librarie.peles.ro\/en\/wp-json\/wp\/v2\/product_cat?post=529"},{"taxonomy":"product_tag","embeddable":true,"href":"https:\/\/librarie.peles.ro\/en\/wp-json\/wp\/v2\/product_tag?post=529"}],"curies":[{"name":"wp","href":"https:\/\/api.w.org\/{rel}","templated":true}]}}