{"id":497,"date":"2021-03-22T09:40:25","date_gmt":"2021-03-22T07:40:25","guid":{"rendered":"https:\/\/librarie.peles.ro\/?post_type=product&#038;p=497"},"modified":"2026-01-19T14:10:19","modified_gmt":"2026-01-19T14:10:19","slug":"maria-a-romaniei-portretul-unei-mari-regine-volumul-2","status":"publish","type":"product","link":"https:\/\/librarie.peles.ro\/en\/product\/maria-a-romaniei-portretul-unei-mari-regine-volumul-2\/","title":{"rendered":"Maria of Romania. Portrait of a Great Queen (volume 2)"},"content":{"rendered":"<p>Am comemorat la 18 iulie 2018, \u00een Anul Centenarului Marii Uniri, opt decenii de la trecerea \u00een eternitate a reginei Maria, unica regin\u0103 a Rom\u00e2niei Mari, vis la a c\u0103rui realizare a avut un rol decisiv al\u0103turi de augustul s\u0103u so\u021b, regele Ferdinand I, cel devenit \u201e\u00centregitorul\u201d. Dup\u0103 cum sugereaz\u0103 \u0219i titlul acestei lucr\u0103ri \u2013 care completeaz\u0103 \u00een chip fericit expozi\u021bia pe care Muzeul Na\u021bional Pele\u0219 a organizat-o \u00een amintirea marii regine care a fost Maria a Rom\u00e2niei \u2013 propunem iubitorilor de istorie \u0219i art\u0103 un portret special al celei supranumit\u0103 \u201eregina soldat\u201d sau \u201emama r\u0103ni\u021bilor\u201d, pentru devo\u021biunea cu care s-a implicat \u00een Marele R\u0103zboi de acum un secol.<\/p>\n<p>Editat de Muzeul Na\u0163ional Pele\u015f<br \/>\nTexte vol. 2: dr. Narcis Dorin Ion<\/p>","protected":false},"excerpt":{"rendered":"<p>Format: 23&#215;28 cm<br \/>\nNum\u0103r pagini:\u00a0 360<br \/>\nAnul apari\u0163iei: 2022<br \/>\nISBN: 978-606-042-263-1<\/p>\n<p>Se poate comanda numai \u00eempreun\u0103 cu volumul 1.<\/p>","protected":false},"featured_media":916,"comment_status":"open","ping_status":"closed","template":"","meta":[],"product_brand":[],"product_cat":[15],"product_tag":[],"class_list":{"0":"post-497","1":"product","2":"type-product","3":"status-publish","4":"has-post-thumbnail","6":"product_cat-uncategorized","7":"product_shipping_class-livrare_gratuita","9":"first","10":"instock","11":"shipping-taxable","12":"purchasable","13":"product-type-simple"},"yoast_head":"<!-- This site is optimized with the Yoast SEO plugin v27.4 - https:\/\/yoast.com\/product\/yoast-seo-wordpress\/ -->\n<title>Maria a Rom\u00e2niei. Portretul unei mari regine (volumul 2) - Libr\u0103rie<\/title>\n<meta name=\"robots\" content=\"noindex, follow, max-snippet:-1, max-image-preview:large, max-video-preview:-1\" \/>\n<meta property=\"og:locale\" content=\"en_GB\" \/>\n<meta property=\"og:type\" content=\"article\" \/>\n<meta property=\"og:title\" content=\"Maria a Rom\u00e2niei. Portretul unei mari regine (volumul 2) - Libr\u0103rie\" \/>\n<meta property=\"og:description\" content=\"Format: 23x28 cm Num\u0103r pagini:\u00a0 360 Anul apari\u0163iei: 2022 ISBN: 978-606-042-263-1  Se poate comanda numai \u00eempreun\u0103 cu volumul 1.\" \/>\n<meta property=\"og:url\" content=\"https:\/\/librarie.peles.ro\/en\/product\/maria-a-romaniei-portretul-unei-mari-regine-volumul-2\/\" \/>\n<meta property=\"og:site_name\" content=\"Libr\u0103rie\" \/>\n<meta property=\"article:publisher\" content=\"https:\/\/www.facebook.com\/muzeulnationalpeles\" \/>\n<meta property=\"article:modified_time\" content=\"2026-01-19T14:10:19+00:00\" \/>\n<meta property=\"og:image\" content=\"https:\/\/librarie.peles.ro\/wp-content\/uploads\/2021\/03\/Maria-vol1-2022.jpg\" \/>\n\t<meta property=\"og:image:width\" content=\"882\" \/>\n\t<meta property=\"og:image:height\" content=\"1080\" \/>\n\t<meta property=\"og:image:type\" content=\"image\/jpeg\" \/>\n<meta name=\"twitter:card\" content=\"summary_large_image\" \/>\n<meta name=\"twitter:site\" content=\"@MuzeulP\" \/>\n<meta name=\"twitter:label1\" content=\"Estimated reading time\" \/>\n\t<meta name=\"twitter:data1\" content=\"1 minute\" \/>\n<script type=\"application\/ld+json\" class=\"yoast-schema-graph\">{\"@context\":\"https:\\\/\\\/schema.org\",\"@graph\":[{\"@type\":\"WebPage\",\"@id\":\"https:\\\/\\\/librarie.peles.ro\\\/product\\\/maria-a-romaniei-portretul-unei-mari-regine-volumul-2\\\/\",\"url\":\"https:\\\/\\\/librarie.peles.ro\\\/product\\\/maria-a-romaniei-portretul-unei-mari-regine-volumul-2\\\/\",\"name\":\"Maria a Rom\u00e2niei. Portretul unei mari regine (volumul 2) - Libr\u0103rie\",\"isPartOf\":{\"@id\":\"https:\\\/\\\/librarie.peles.ro\\\/ro\\\/#website\"},\"primaryImageOfPage\":{\"@id\":\"https:\\\/\\\/librarie.peles.ro\\\/product\\\/maria-a-romaniei-portretul-unei-mari-regine-volumul-2\\\/#primaryimage\"},\"image\":{\"@id\":\"https:\\\/\\\/librarie.peles.ro\\\/product\\\/maria-a-romaniei-portretul-unei-mari-regine-volumul-2\\\/#primaryimage\"},\"thumbnailUrl\":\"https:\\\/\\\/librarie.peles.ro\\\/wp-content\\\/uploads\\\/2021\\\/03\\\/Maria-vol1-2022.jpg\",\"datePublished\":\"2021-03-22T07:40:25+00:00\",\"dateModified\":\"2026-01-19T14:10:19+00:00\",\"breadcrumb\":{\"@id\":\"https:\\\/\\\/librarie.peles.ro\\\/product\\\/maria-a-romaniei-portretul-unei-mari-regine-volumul-2\\\/#breadcrumb\"},\"inLanguage\":\"en-GB\",\"potentialAction\":[{\"@type\":\"ReadAction\",\"target\":[\"https:\\\/\\\/librarie.peles.ro\\\/product\\\/maria-a-romaniei-portretul-unei-mari-regine-volumul-2\\\/\"]}]},{\"@type\":\"ImageObject\",\"inLanguage\":\"en-GB\",\"@id\":\"https:\\\/\\\/librarie.peles.ro\\\/product\\\/maria-a-romaniei-portretul-unei-mari-regine-volumul-2\\\/#primaryimage\",\"url\":\"https:\\\/\\\/librarie.peles.ro\\\/wp-content\\\/uploads\\\/2021\\\/03\\\/Maria-vol1-2022.jpg\",\"contentUrl\":\"https:\\\/\\\/librarie.peles.ro\\\/wp-content\\\/uploads\\\/2021\\\/03\\\/Maria-vol1-2022.jpg\",\"width\":882,\"height\":1080},{\"@type\":\"BreadcrumbList\",\"@id\":\"https:\\\/\\\/librarie.peles.ro\\\/product\\\/maria-a-romaniei-portretul-unei-mari-regine-volumul-2\\\/#breadcrumb\",\"itemListElement\":[{\"@type\":\"ListItem\",\"position\":1,\"name\":\"Home\",\"item\":\"https:\\\/\\\/librarie.peles.ro\\\/ro\\\/\"},{\"@type\":\"ListItem\",\"position\":2,\"name\":\"Shop\",\"item\":\"https:\\\/\\\/librarie.peles.ro\\\/ro\\\/shop\\\/\"},{\"@type\":\"ListItem\",\"position\":3,\"name\":\"Maria a Rom\u00e2niei. Portretul unei mari regine (volumul 2)\"}]},{\"@type\":\"WebSite\",\"@id\":\"https:\\\/\\\/librarie.peles.ro\\\/ro\\\/#website\",\"url\":\"https:\\\/\\\/librarie.peles.ro\\\/ro\\\/\",\"name\":\"Libr\u0103rie\",\"description\":\"Muzeul Na\u021bional Pele\u0219\",\"publisher\":{\"@id\":\"https:\\\/\\\/librarie.peles.ro\\\/ro\\\/#organization\"},\"potentialAction\":[{\"@type\":\"SearchAction\",\"target\":{\"@type\":\"EntryPoint\",\"urlTemplate\":\"https:\\\/\\\/librarie.peles.ro\\\/ro\\\/?s={search_term_string}\"},\"query-input\":{\"@type\":\"PropertyValueSpecification\",\"valueRequired\":true,\"valueName\":\"search_term_string\"}}],\"inLanguage\":\"en-GB\"},{\"@type\":\"Organization\",\"@id\":\"https:\\\/\\\/librarie.peles.ro\\\/ro\\\/#organization\",\"name\":\"Libr\u0103rie\",\"url\":\"https:\\\/\\\/librarie.peles.ro\\\/ro\\\/\",\"logo\":{\"@type\":\"ImageObject\",\"inLanguage\":\"en-GB\",\"@id\":\"https:\\\/\\\/librarie.peles.ro\\\/ro\\\/#\\\/schema\\\/logo\\\/image\\\/\",\"url\":\"https:\\\/\\\/librarie.peles.ro\\\/wp-content\\\/uploads\\\/2025\\\/01\\\/Logo-1.png\",\"contentUrl\":\"https:\\\/\\\/librarie.peles.ro\\\/wp-content\\\/uploads\\\/2025\\\/01\\\/Logo-1.png\",\"width\":1046,\"height\":200,\"caption\":\"Libr\u0103rie\"},\"image\":{\"@id\":\"https:\\\/\\\/librarie.peles.ro\\\/ro\\\/#\\\/schema\\\/logo\\\/image\\\/\"},\"sameAs\":[\"https:\\\/\\\/www.facebook.com\\\/muzeulnationalpeles\",\"https:\\\/\\\/x.com\\\/MuzeulP\",\"https:\\\/\\\/www.instagram.com\\\/muzeul_national_peles\\\/\",\"https:\\\/\\\/www.youtube.com\\\/@muzeulnationalpeles7162\",\"https:\\\/\\\/www.tiktok.com\\\/@muzeulnationalpeles\"]}]}<\/script>\n<!-- \/ Yoast SEO plugin. -->","yoast_head_json":{"title":"Maria a Rom\u00e2niei. Portretul unei mari regine (volumul 2) - Libr\u0103rie","robots":{"index":"noindex","follow":"follow","max-snippet":"max-snippet:-1","max-image-preview":"max-image-preview:large","max-video-preview":"max-video-preview:-1"},"og_locale":"en_GB","og_type":"article","og_title":"Maria a Rom\u00e2niei. Portretul unei mari regine (volumul 2) - Libr\u0103rie","og_description":"Format: 23x28 cm Num\u0103r pagini:\u00a0 360 Anul apari\u0163iei: 2022 ISBN: 978-606-042-263-1  Se poate comanda numai \u00eempreun\u0103 cu volumul 1.","og_url":"https:\/\/librarie.peles.ro\/en\/product\/maria-a-romaniei-portretul-unei-mari-regine-volumul-2\/","og_site_name":"Libr\u0103rie","article_publisher":"https:\/\/www.facebook.com\/muzeulnationalpeles","article_modified_time":"2026-01-19T14:10:19+00:00","og_image":[{"width":882,"height":1080,"url":"https:\/\/librarie.peles.ro\/wp-content\/uploads\/2021\/03\/Maria-vol1-2022.jpg","type":"image\/jpeg"}],"twitter_card":"summary_large_image","twitter_site":"@MuzeulP","twitter_misc":{"Estimated reading time":"1 minute"},"schema":{"@context":"https:\/\/schema.org","@graph":[{"@type":"WebPage","@id":"https:\/\/librarie.peles.ro\/product\/maria-a-romaniei-portretul-unei-mari-regine-volumul-2\/","url":"https:\/\/librarie.peles.ro\/product\/maria-a-romaniei-portretul-unei-mari-regine-volumul-2\/","name":"Maria a Rom\u00e2niei. Portretul unei mari regine (volumul 2) - Libr\u0103rie","isPartOf":{"@id":"https:\/\/librarie.peles.ro\/ro\/#website"},"primaryImageOfPage":{"@id":"https:\/\/librarie.peles.ro\/product\/maria-a-romaniei-portretul-unei-mari-regine-volumul-2\/#primaryimage"},"image":{"@id":"https:\/\/librarie.peles.ro\/product\/maria-a-romaniei-portretul-unei-mari-regine-volumul-2\/#primaryimage"},"thumbnailUrl":"https:\/\/librarie.peles.ro\/wp-content\/uploads\/2021\/03\/Maria-vol1-2022.jpg","datePublished":"2021-03-22T07:40:25+00:00","dateModified":"2026-01-19T14:10:19+00:00","breadcrumb":{"@id":"https:\/\/librarie.peles.ro\/product\/maria-a-romaniei-portretul-unei-mari-regine-volumul-2\/#breadcrumb"},"inLanguage":"en-GB","potentialAction":[{"@type":"ReadAction","target":["https:\/\/librarie.peles.ro\/product\/maria-a-romaniei-portretul-unei-mari-regine-volumul-2\/"]}]},{"@type":"ImageObject","inLanguage":"en-GB","@id":"https:\/\/librarie.peles.ro\/product\/maria-a-romaniei-portretul-unei-mari-regine-volumul-2\/#primaryimage","url":"https:\/\/librarie.peles.ro\/wp-content\/uploads\/2021\/03\/Maria-vol1-2022.jpg","contentUrl":"https:\/\/librarie.peles.ro\/wp-content\/uploads\/2021\/03\/Maria-vol1-2022.jpg","width":882,"height":1080},{"@type":"BreadcrumbList","@id":"https:\/\/librarie.peles.ro\/product\/maria-a-romaniei-portretul-unei-mari-regine-volumul-2\/#breadcrumb","itemListElement":[{"@type":"ListItem","position":1,"name":"Home","item":"https:\/\/librarie.peles.ro\/ro\/"},{"@type":"ListItem","position":2,"name":"Shop","item":"https:\/\/librarie.peles.ro\/ro\/shop\/"},{"@type":"ListItem","position":3,"name":"Maria a Rom\u00e2niei. Portretul unei mari regine (volumul 2)"}]},{"@type":"WebSite","@id":"https:\/\/librarie.peles.ro\/ro\/#website","url":"https:\/\/librarie.peles.ro\/ro\/","name":"Libr\u0103rie","description":"Muzeul Na\u021bional Pele\u0219","publisher":{"@id":"https:\/\/librarie.peles.ro\/ro\/#organization"},"potentialAction":[{"@type":"SearchAction","target":{"@type":"EntryPoint","urlTemplate":"https:\/\/librarie.peles.ro\/ro\/?s={search_term_string}"},"query-input":{"@type":"PropertyValueSpecification","valueRequired":true,"valueName":"search_term_string"}}],"inLanguage":"en-GB"},{"@type":"Organization","@id":"https:\/\/librarie.peles.ro\/ro\/#organization","name":"Libr\u0103rie","url":"https:\/\/librarie.peles.ro\/ro\/","logo":{"@type":"ImageObject","inLanguage":"en-GB","@id":"https:\/\/librarie.peles.ro\/ro\/#\/schema\/logo\/image\/","url":"https:\/\/librarie.peles.ro\/wp-content\/uploads\/2025\/01\/Logo-1.png","contentUrl":"https:\/\/librarie.peles.ro\/wp-content\/uploads\/2025\/01\/Logo-1.png","width":1046,"height":200,"caption":"Libr\u0103rie"},"image":{"@id":"https:\/\/librarie.peles.ro\/ro\/#\/schema\/logo\/image\/"},"sameAs":["https:\/\/www.facebook.com\/muzeulnationalpeles","https:\/\/x.com\/MuzeulP","https:\/\/www.instagram.com\/muzeul_national_peles\/","https:\/\/www.youtube.com\/@muzeulnationalpeles7162","https:\/\/www.tiktok.com\/@muzeulnationalpeles"]}]}},"_links":{"self":[{"href":"https:\/\/librarie.peles.ro\/en\/wp-json\/wp\/v2\/product\/497","targetHints":{"allow":["GET"]}}],"collection":[{"href":"https:\/\/librarie.peles.ro\/en\/wp-json\/wp\/v2\/product"}],"about":[{"href":"https:\/\/librarie.peles.ro\/en\/wp-json\/wp\/v2\/types\/product"}],"replies":[{"embeddable":true,"href":"https:\/\/librarie.peles.ro\/en\/wp-json\/wp\/v2\/comments?post=497"}],"version-history":[{"count":2,"href":"https:\/\/librarie.peles.ro\/en\/wp-json\/wp\/v2\/product\/497\/revisions"}],"predecessor-version":[{"id":1922,"href":"https:\/\/librarie.peles.ro\/en\/wp-json\/wp\/v2\/product\/497\/revisions\/1922"}],"wp:featuredmedia":[{"embeddable":true,"href":"https:\/\/librarie.peles.ro\/en\/wp-json\/wp\/v2\/media\/916"}],"wp:attachment":[{"href":"https:\/\/librarie.peles.ro\/en\/wp-json\/wp\/v2\/media?parent=497"}],"wp:term":[{"taxonomy":"product_brand","embeddable":true,"href":"https:\/\/librarie.peles.ro\/en\/wp-json\/wp\/v2\/product_brand?post=497"},{"taxonomy":"product_cat","embeddable":true,"href":"https:\/\/librarie.peles.ro\/en\/wp-json\/wp\/v2\/product_cat?post=497"},{"taxonomy":"product_tag","embeddable":true,"href":"https:\/\/librarie.peles.ro\/en\/wp-json\/wp\/v2\/product_tag?post=497"}],"curies":[{"name":"wp","href":"https:\/\/api.w.org\/{rel}","templated":true}]}}