{"id":464,"date":"2021-03-21T13:15:04","date_gmt":"2021-03-21T11:15:04","guid":{"rendered":"https:\/\/librarie.peles.ro\/?post_type=product&#038;p=464"},"modified":"2025-02-14T12:44:56","modified_gmt":"2025-02-14T12:44:56","slug":"colectia-de-ceramica-a-muzeului-national-peles","status":"publish","type":"product","link":"https:\/\/librarie.peles.ro\/en\/product\/colectia-de-ceramica-a-muzeului-national-peles\/","title":{"rendered":"The ceramics collection of the Pele\u0219 National Museum"},"content":{"rendered":"<p>Pe l\u00e2ng\u0103 faimoasa \u0219i intens discutata colec\u021bie de pictur\u0103, regele Carol I al Rom\u00e2niei a pus bazele unei fabuloase colec\u021bii de art\u0103 decorativ\u0103, unic\u0103 \u00een peisajul cultural rom\u00e2nesc \u0219i neegalat\u0103 p\u00e2n\u0103 ast\u0103zi. Colec\u021bia regal\u0103 de la Sinaia s-a constituit \u00een mod sistematic, de-a lungul unei jum\u0103t\u0103\u021bi de veac de domnie a regelui Carol I, care &#8211; prin intermediul diver\u0219ilor furnizori regali sau a achizi\u021biei directe, \u00een urma unor c\u0103l\u0103torii prin \u021b\u0103rile Europei occidentale sau a vizit\u0103rii Expozi\u021biilor Universale (de la Paris, Londra ori Viena) &#8211; a reu\u0219it s\u0103 \u00eembog\u0103\u021beasc\u0103 colec\u021biile re\u0219edin\u021bei sale favorite cu piese de patrimoniu dintre cele mai variate, toate de mare valoare artistic\u0103: arme, tapiserii \u0219i covoare, piese de metal pre\u021bios, sticl\u0103 \u0219i ceramic\u0103, crea\u021bii ale celor mai faimoase ateliere \u0219i manufacturi ale epocii.<br \/>\nCeramica european\u0103 (spaniol\u0103, olandez\u0103 sau englez\u0103) \u0219i oriental\u0103, \u00eempreun\u0103 cu faian\u021ba italian\u0103 sau cea istorist\u0103 francez\u0103, constituie &#8211; al\u0103turi de por\u021belanurile at\u00e2t de dragi ctitorului castelului Pele\u0219, realizate \u00een ateliere celebre din Germania, Austria sau Boemia &#8211; nucleul colec\u021biei regelui Carol I al Rom\u00e2niei, care num\u0103r\u0103 peste 6000 de piese. Toate aceste obiecte de patrimoniu &#8211; care decorau c\u00e2ndva, \u00een mod fastuos, interioarele regale din castelele Pele\u0219 \u0219i Peli\u0219or &#8211; se caracterizeaz\u0103 printr-o mare diversitate stilistic\u0103 \u0219i un ne\u00eentrecut rafinament artistic, \u00eenscriindu-se \u00een patrimoniul na\u021bional ca una dintre cele mai importante \u0219i mai coerente colec\u021bii de art\u0103 decorativ\u0103 din Rom\u00e2nia.<\/p>\n<p>Album editat de Muzeul Na\u021bional Pele\u0219 cu sprijinul Asocia\u021biei Culturale \u201ePatrimoniu pentru viitor\u201d<br \/>\nAutor: Rodica Rot\u0103rescu<\/p>","protected":false},"excerpt":{"rendered":"<p>Format: 23\u00d728 cm<br \/>\nNum\u0103r pagini: 420<br \/>\nAnul apari\u0163iei: 2020<br \/>\nAutor: Rodica Rot\u0103rescu<br \/>\nISBN: 978-606-622-532-8<\/p>","protected":false},"featured_media":465,"comment_status":"open","ping_status":"closed","template":"","meta":[],"product_brand":[],"product_cat":[15],"product_tag":[],"class_list":{"0":"post-464","1":"product","2":"type-product","3":"status-publish","4":"has-post-thumbnail","6":"product_cat-uncategorized","8":"first","9":"instock","10":"shipping-taxable","11":"purchasable","12":"product-type-simple"},"yoast_head":"<!-- This site is optimized with the Yoast SEO plugin v27.4 - https:\/\/yoast.com\/product\/yoast-seo-wordpress\/ -->\n<title>Colec\u021bia de ceramic\u0103 a Muzeului Na\u021bional Pele\u0219 - Libr\u0103rie<\/title>\n<meta name=\"robots\" content=\"noindex, follow, max-snippet:-1, max-image-preview:large, max-video-preview:-1\" \/>\n<meta property=\"og:locale\" content=\"en_GB\" \/>\n<meta property=\"og:type\" content=\"article\" \/>\n<meta property=\"og:title\" content=\"Colec\u021bia de ceramic\u0103 a Muzeului Na\u021bional Pele\u0219 - Libr\u0103rie\" \/>\n<meta property=\"og:description\" content=\"Format: 23\u00d728 cm Num\u0103r pagini: 420 Anul apari\u0163iei: 2020 Autor: Rodica Rot\u0103rescu ISBN: 978-606-622-532-8\" \/>\n<meta property=\"og:url\" content=\"https:\/\/librarie.peles.ro\/en\/product\/colectia-de-ceramica-a-muzeului-national-peles\/\" \/>\n<meta property=\"og:site_name\" content=\"Libr\u0103rie\" \/>\n<meta property=\"article:publisher\" content=\"https:\/\/www.facebook.com\/muzeulnationalpeles\" \/>\n<meta property=\"article:modified_time\" content=\"2025-02-14T12:44:56+00:00\" \/>\n<meta property=\"og:image\" content=\"https:\/\/librarie.peles.ro\/wp-content\/uploads\/2021\/04\/Colectia-de-ceramica-scaled-1.jpg\" \/>\n\t<meta property=\"og:image:width\" content=\"2083\" \/>\n\t<meta property=\"og:image:height\" content=\"2560\" \/>\n\t<meta property=\"og:image:type\" content=\"image\/jpeg\" \/>\n<meta name=\"twitter:card\" content=\"summary_large_image\" \/>\n<meta name=\"twitter:site\" content=\"@MuzeulP\" \/>\n<meta name=\"twitter:label1\" content=\"Estimated reading time\" \/>\n\t<meta name=\"twitter:data1\" content=\"2 minutes\" \/>\n<script type=\"application\/ld+json\" class=\"yoast-schema-graph\">{\"@context\":\"https:\\\/\\\/schema.org\",\"@graph\":[{\"@type\":\"WebPage\",\"@id\":\"https:\\\/\\\/librarie.peles.ro\\\/ro\\\/product\\\/colectia-de-ceramica-a-muzeului-national-peles\\\/\",\"url\":\"https:\\\/\\\/librarie.peles.ro\\\/ro\\\/product\\\/colectia-de-ceramica-a-muzeului-national-peles\\\/\",\"name\":\"Colec\u021bia de ceramic\u0103 a Muzeului Na\u021bional Pele\u0219 - Libr\u0103rie\",\"isPartOf\":{\"@id\":\"https:\\\/\\\/librarie.peles.ro\\\/ro\\\/#website\"},\"primaryImageOfPage\":{\"@id\":\"https:\\\/\\\/librarie.peles.ro\\\/ro\\\/product\\\/colectia-de-ceramica-a-muzeului-national-peles\\\/#primaryimage\"},\"image\":{\"@id\":\"https:\\\/\\\/librarie.peles.ro\\\/ro\\\/product\\\/colectia-de-ceramica-a-muzeului-national-peles\\\/#primaryimage\"},\"thumbnailUrl\":\"https:\\\/\\\/librarie.peles.ro\\\/wp-content\\\/uploads\\\/2021\\\/04\\\/Colectia-de-ceramica-scaled-1.jpg\",\"datePublished\":\"2021-03-21T11:15:04+00:00\",\"dateModified\":\"2025-02-14T12:44:56+00:00\",\"breadcrumb\":{\"@id\":\"https:\\\/\\\/librarie.peles.ro\\\/ro\\\/product\\\/colectia-de-ceramica-a-muzeului-national-peles\\\/#breadcrumb\"},\"inLanguage\":\"en-GB\",\"potentialAction\":[{\"@type\":\"ReadAction\",\"target\":[\"https:\\\/\\\/librarie.peles.ro\\\/ro\\\/product\\\/colectia-de-ceramica-a-muzeului-national-peles\\\/\"]}]},{\"@type\":\"ImageObject\",\"inLanguage\":\"en-GB\",\"@id\":\"https:\\\/\\\/librarie.peles.ro\\\/ro\\\/product\\\/colectia-de-ceramica-a-muzeului-national-peles\\\/#primaryimage\",\"url\":\"https:\\\/\\\/librarie.peles.ro\\\/wp-content\\\/uploads\\\/2021\\\/04\\\/Colectia-de-ceramica-scaled-1.jpg\",\"contentUrl\":\"https:\\\/\\\/librarie.peles.ro\\\/wp-content\\\/uploads\\\/2021\\\/04\\\/Colectia-de-ceramica-scaled-1.jpg\",\"width\":2083,\"height\":2560},{\"@type\":\"BreadcrumbList\",\"@id\":\"https:\\\/\\\/librarie.peles.ro\\\/ro\\\/product\\\/colectia-de-ceramica-a-muzeului-national-peles\\\/#breadcrumb\",\"itemListElement\":[{\"@type\":\"ListItem\",\"position\":1,\"name\":\"Home\",\"item\":\"https:\\\/\\\/librarie.peles.ro\\\/ro\\\/\"},{\"@type\":\"ListItem\",\"position\":2,\"name\":\"Shop\",\"item\":\"https:\\\/\\\/librarie.peles.ro\\\/ro\\\/shop\\\/\"},{\"@type\":\"ListItem\",\"position\":3,\"name\":\"Colec\u021bia de ceramic\u0103 a Muzeului Na\u021bional Pele\u0219\"}]},{\"@type\":\"WebSite\",\"@id\":\"https:\\\/\\\/librarie.peles.ro\\\/ro\\\/#website\",\"url\":\"https:\\\/\\\/librarie.peles.ro\\\/ro\\\/\",\"name\":\"Libr\u0103rie\",\"description\":\"Muzeul Na\u021bional Pele\u0219\",\"publisher\":{\"@id\":\"https:\\\/\\\/librarie.peles.ro\\\/ro\\\/#organization\"},\"potentialAction\":[{\"@type\":\"SearchAction\",\"target\":{\"@type\":\"EntryPoint\",\"urlTemplate\":\"https:\\\/\\\/librarie.peles.ro\\\/ro\\\/?s={search_term_string}\"},\"query-input\":{\"@type\":\"PropertyValueSpecification\",\"valueRequired\":true,\"valueName\":\"search_term_string\"}}],\"inLanguage\":\"en-GB\"},{\"@type\":\"Organization\",\"@id\":\"https:\\\/\\\/librarie.peles.ro\\\/ro\\\/#organization\",\"name\":\"Libr\u0103rie\",\"url\":\"https:\\\/\\\/librarie.peles.ro\\\/ro\\\/\",\"logo\":{\"@type\":\"ImageObject\",\"inLanguage\":\"en-GB\",\"@id\":\"https:\\\/\\\/librarie.peles.ro\\\/ro\\\/#\\\/schema\\\/logo\\\/image\\\/\",\"url\":\"https:\\\/\\\/librarie.peles.ro\\\/wp-content\\\/uploads\\\/2025\\\/01\\\/Logo-1.png\",\"contentUrl\":\"https:\\\/\\\/librarie.peles.ro\\\/wp-content\\\/uploads\\\/2025\\\/01\\\/Logo-1.png\",\"width\":1046,\"height\":200,\"caption\":\"Libr\u0103rie\"},\"image\":{\"@id\":\"https:\\\/\\\/librarie.peles.ro\\\/ro\\\/#\\\/schema\\\/logo\\\/image\\\/\"},\"sameAs\":[\"https:\\\/\\\/www.facebook.com\\\/muzeulnationalpeles\",\"https:\\\/\\\/x.com\\\/MuzeulP\",\"https:\\\/\\\/www.instagram.com\\\/muzeul_national_peles\\\/\",\"https:\\\/\\\/www.youtube.com\\\/@muzeulnationalpeles7162\",\"https:\\\/\\\/www.tiktok.com\\\/@muzeulnationalpeles\"]}]}<\/script>\n<!-- \/ Yoast SEO plugin. -->","yoast_head_json":{"title":"Colec\u021bia de ceramic\u0103 a Muzeului Na\u021bional Pele\u0219 - Libr\u0103rie","robots":{"index":"noindex","follow":"follow","max-snippet":"max-snippet:-1","max-image-preview":"max-image-preview:large","max-video-preview":"max-video-preview:-1"},"og_locale":"en_GB","og_type":"article","og_title":"Colec\u021bia de ceramic\u0103 a Muzeului Na\u021bional Pele\u0219 - Libr\u0103rie","og_description":"Format: 23\u00d728 cm Num\u0103r pagini: 420 Anul apari\u0163iei: 2020 Autor: Rodica Rot\u0103rescu ISBN: 978-606-622-532-8","og_url":"https:\/\/librarie.peles.ro\/en\/product\/colectia-de-ceramica-a-muzeului-national-peles\/","og_site_name":"Libr\u0103rie","article_publisher":"https:\/\/www.facebook.com\/muzeulnationalpeles","article_modified_time":"2025-02-14T12:44:56+00:00","og_image":[{"width":2083,"height":2560,"url":"https:\/\/librarie.peles.ro\/wp-content\/uploads\/2021\/04\/Colectia-de-ceramica-scaled-1.jpg","type":"image\/jpeg"}],"twitter_card":"summary_large_image","twitter_site":"@MuzeulP","twitter_misc":{"Estimated reading time":"2 minutes"},"schema":{"@context":"https:\/\/schema.org","@graph":[{"@type":"WebPage","@id":"https:\/\/librarie.peles.ro\/ro\/product\/colectia-de-ceramica-a-muzeului-national-peles\/","url":"https:\/\/librarie.peles.ro\/ro\/product\/colectia-de-ceramica-a-muzeului-national-peles\/","name":"Colec\u021bia de ceramic\u0103 a Muzeului Na\u021bional Pele\u0219 - Libr\u0103rie","isPartOf":{"@id":"https:\/\/librarie.peles.ro\/ro\/#website"},"primaryImageOfPage":{"@id":"https:\/\/librarie.peles.ro\/ro\/product\/colectia-de-ceramica-a-muzeului-national-peles\/#primaryimage"},"image":{"@id":"https:\/\/librarie.peles.ro\/ro\/product\/colectia-de-ceramica-a-muzeului-national-peles\/#primaryimage"},"thumbnailUrl":"https:\/\/librarie.peles.ro\/wp-content\/uploads\/2021\/04\/Colectia-de-ceramica-scaled-1.jpg","datePublished":"2021-03-21T11:15:04+00:00","dateModified":"2025-02-14T12:44:56+00:00","breadcrumb":{"@id":"https:\/\/librarie.peles.ro\/ro\/product\/colectia-de-ceramica-a-muzeului-national-peles\/#breadcrumb"},"inLanguage":"en-GB","potentialAction":[{"@type":"ReadAction","target":["https:\/\/librarie.peles.ro\/ro\/product\/colectia-de-ceramica-a-muzeului-national-peles\/"]}]},{"@type":"ImageObject","inLanguage":"en-GB","@id":"https:\/\/librarie.peles.ro\/ro\/product\/colectia-de-ceramica-a-muzeului-national-peles\/#primaryimage","url":"https:\/\/librarie.peles.ro\/wp-content\/uploads\/2021\/04\/Colectia-de-ceramica-scaled-1.jpg","contentUrl":"https:\/\/librarie.peles.ro\/wp-content\/uploads\/2021\/04\/Colectia-de-ceramica-scaled-1.jpg","width":2083,"height":2560},{"@type":"BreadcrumbList","@id":"https:\/\/librarie.peles.ro\/ro\/product\/colectia-de-ceramica-a-muzeului-national-peles\/#breadcrumb","itemListElement":[{"@type":"ListItem","position":1,"name":"Home","item":"https:\/\/librarie.peles.ro\/ro\/"},{"@type":"ListItem","position":2,"name":"Shop","item":"https:\/\/librarie.peles.ro\/ro\/shop\/"},{"@type":"ListItem","position":3,"name":"Colec\u021bia de ceramic\u0103 a Muzeului Na\u021bional Pele\u0219"}]},{"@type":"WebSite","@id":"https:\/\/librarie.peles.ro\/ro\/#website","url":"https:\/\/librarie.peles.ro\/ro\/","name":"Libr\u0103rie","description":"Muzeul Na\u021bional Pele\u0219","publisher":{"@id":"https:\/\/librarie.peles.ro\/ro\/#organization"},"potentialAction":[{"@type":"SearchAction","target":{"@type":"EntryPoint","urlTemplate":"https:\/\/librarie.peles.ro\/ro\/?s={search_term_string}"},"query-input":{"@type":"PropertyValueSpecification","valueRequired":true,"valueName":"search_term_string"}}],"inLanguage":"en-GB"},{"@type":"Organization","@id":"https:\/\/librarie.peles.ro\/ro\/#organization","name":"Libr\u0103rie","url":"https:\/\/librarie.peles.ro\/ro\/","logo":{"@type":"ImageObject","inLanguage":"en-GB","@id":"https:\/\/librarie.peles.ro\/ro\/#\/schema\/logo\/image\/","url":"https:\/\/librarie.peles.ro\/wp-content\/uploads\/2025\/01\/Logo-1.png","contentUrl":"https:\/\/librarie.peles.ro\/wp-content\/uploads\/2025\/01\/Logo-1.png","width":1046,"height":200,"caption":"Libr\u0103rie"},"image":{"@id":"https:\/\/librarie.peles.ro\/ro\/#\/schema\/logo\/image\/"},"sameAs":["https:\/\/www.facebook.com\/muzeulnationalpeles","https:\/\/x.com\/MuzeulP","https:\/\/www.instagram.com\/muzeul_national_peles\/","https:\/\/www.youtube.com\/@muzeulnationalpeles7162","https:\/\/www.tiktok.com\/@muzeulnationalpeles"]}]}},"_links":{"self":[{"href":"https:\/\/librarie.peles.ro\/en\/wp-json\/wp\/v2\/product\/464","targetHints":{"allow":["GET"]}}],"collection":[{"href":"https:\/\/librarie.peles.ro\/en\/wp-json\/wp\/v2\/product"}],"about":[{"href":"https:\/\/librarie.peles.ro\/en\/wp-json\/wp\/v2\/types\/product"}],"replies":[{"embeddable":true,"href":"https:\/\/librarie.peles.ro\/en\/wp-json\/wp\/v2\/comments?post=464"}],"version-history":[{"count":1,"href":"https:\/\/librarie.peles.ro\/en\/wp-json\/wp\/v2\/product\/464\/revisions"}],"predecessor-version":[{"id":1944,"href":"https:\/\/librarie.peles.ro\/en\/wp-json\/wp\/v2\/product\/464\/revisions\/1944"}],"wp:featuredmedia":[{"embeddable":true,"href":"https:\/\/librarie.peles.ro\/en\/wp-json\/wp\/v2\/media\/465"}],"wp:attachment":[{"href":"https:\/\/librarie.peles.ro\/en\/wp-json\/wp\/v2\/media?parent=464"}],"wp:term":[{"taxonomy":"product_brand","embeddable":true,"href":"https:\/\/librarie.peles.ro\/en\/wp-json\/wp\/v2\/product_brand?post=464"},{"taxonomy":"product_cat","embeddable":true,"href":"https:\/\/librarie.peles.ro\/en\/wp-json\/wp\/v2\/product_cat?post=464"},{"taxonomy":"product_tag","embeddable":true,"href":"https:\/\/librarie.peles.ro\/en\/wp-json\/wp\/v2\/product_tag?post=464"}],"curies":[{"name":"wp","href":"https:\/\/api.w.org\/{rel}","templated":true}]}}