{"id":453,"date":"2021-03-26T14:36:19","date_gmt":"2021-03-26T12:36:19","guid":{"rendered":"https:\/\/librarie.peles.ro\/?post_type=product&#038;p=453"},"modified":"2026-01-19T14:10:18","modified_gmt":"2026-01-19T14:10:18","slug":"carol-al-ii-lea-al-romaniei-un-rege-controversat-regele-detronat-1940","status":"publish","type":"product","link":"https:\/\/librarie.peles.ro\/en\/product\/carol-al-ii-lea-al-romaniei-un-rege-controversat-regele-detronat-1940\/","title":{"rendered":"Carol II of Romania. A Controversial King (Volume 4)"},"content":{"rendered":"<p>28 iunie 1940. <em>Starea de suflet \u00een care m\u0103 g\u0103sesc azi diminea\u021b\u0103 este de nedescris; nu m\u0103 simt om, parc\u0103 s-a rupt ceva \u00een mine. Sunt un oare\u0219icare, care trebuie s\u0103-\u0219i fac\u0103 datoria, at\u00e2ta tot, parc\u0103 din mine a disp\u0103rut Eul. Tocmai la 20 de zile dup\u0103 ce-mi ajunsesem apogeul a 10 ani de munc\u0103, cu rezultatele ce au fost, \u0219i acum pr\u0103bu\u0219irea, este parc\u0103 ceva ce nu po\u021bi suporta. Mi-e ru\u0219ine de mine \u00eensumi, nu \u00eendr\u0103znesc s\u0103 privesc pe cineva \u00een fa\u021b\u0103, totul mi se pare a\u0219a un co\u0219mar, un lucru pe care niciun cuv\u00e2nt omenesc nu-l poate descrie.<\/em><\/p>\n<p>5 septembrie 1940.\u00a0<em>Astfel, soarta este aruncat\u0103, dup\u0103 10 ani de str\u0103duin\u021b\u0103, 10 ani de lupt\u0103 \u0219i de munc\u0103, prin focurile concentrate ale du\u0219manilor de afar\u0103 \u0219i din l\u0103untru, prin tr\u0103darea \u0219i, mai ales, prin p\u0103r\u0103sirea, f\u0103r\u0103 niciun efort de rezisten\u021b\u0103, a lui Antonescu, iat\u0103-m\u0103, din nou, pus pe drumuri, din nou un pribeag pe drumuri str\u0103ine.<\/em><\/p>\n<p style=\"text-align: right;\">Regele Carol al II-lea al Rom\u00e2niei<\/p>\n<p>Album monografic editat de Muzeul Na\u021bional Pele\u0219<\/p>","protected":false},"excerpt":{"rendered":"<p>Format: 23&#215;28 cm<br \/>\nNum\u0103r pagini: 432<br \/>\nAnul apari\u021biei: 2020<br \/>\nAutor: Narcis-Dorin Ion<br \/>\nISBN 978-606-622-539-7<\/p>","protected":false},"featured_media":454,"comment_status":"open","ping_status":"closed","template":"","meta":[],"product_brand":[],"product_cat":[15],"product_tag":[],"class_list":{"0":"post-453","1":"product","2":"type-product","3":"status-publish","4":"has-post-thumbnail","6":"product_cat-uncategorized","8":"first","9":"instock","10":"shipping-taxable","11":"purchasable","12":"product-type-simple"},"yoast_head":"<!-- This site is optimized with the Yoast SEO plugin v27.4 - https:\/\/yoast.com\/product\/yoast-seo-wordpress\/ -->\n<title>Carol al II-lea al Rom\u00e2niei. Un rege controversat (volumul 4) - Libr\u0103rie<\/title>\n<meta name=\"robots\" content=\"noindex, follow, max-snippet:-1, max-image-preview:large, max-video-preview:-1\" \/>\n<meta property=\"og:locale\" content=\"en_GB\" \/>\n<meta property=\"og:type\" content=\"article\" \/>\n<meta property=\"og:title\" content=\"Carol al II-lea al Rom\u00e2niei. Un rege controversat (volumul 4) - Libr\u0103rie\" \/>\n<meta property=\"og:description\" content=\"Format: 23x28 cm Num\u0103r pagini: 432 Anul apari\u021biei: 2020 Autor: Narcis-Dorin Ion ISBN 978-606-622-539-7\" \/>\n<meta property=\"og:url\" content=\"https:\/\/librarie.peles.ro\/en\/product\/carol-al-ii-lea-al-romaniei-un-rege-controversat-regele-detronat-1940\/\" \/>\n<meta property=\"og:site_name\" content=\"Libr\u0103rie\" \/>\n<meta property=\"article:publisher\" content=\"https:\/\/www.facebook.com\/muzeulnationalpeles\" \/>\n<meta property=\"article:modified_time\" content=\"2026-01-19T14:10:18+00:00\" \/>\n<meta property=\"og:image\" content=\"https:\/\/librarie.peles.ro\/wp-content\/uploads\/2021\/03\/Carol-II-vol-4.jpg\" \/>\n\t<meta property=\"og:image:width\" content=\"737\" \/>\n\t<meta property=\"og:image:height\" content=\"904\" \/>\n\t<meta property=\"og:image:type\" content=\"image\/jpeg\" \/>\n<meta name=\"twitter:card\" content=\"summary_large_image\" \/>\n<meta name=\"twitter:site\" content=\"@MuzeulP\" \/>\n<meta name=\"twitter:label1\" content=\"Estimated reading time\" \/>\n\t<meta name=\"twitter:data1\" content=\"2 minutes\" \/>\n<script type=\"application\/ld+json\" class=\"yoast-schema-graph\">{\"@context\":\"https:\\\/\\\/schema.org\",\"@graph\":[{\"@type\":\"WebPage\",\"@id\":\"https:\\\/\\\/librarie.peles.ro\\\/ro\\\/product\\\/carol-al-ii-lea-al-romaniei-un-rege-controversat-regele-detronat-1940\\\/\",\"url\":\"https:\\\/\\\/librarie.peles.ro\\\/ro\\\/product\\\/carol-al-ii-lea-al-romaniei-un-rege-controversat-regele-detronat-1940\\\/\",\"name\":\"Carol al II-lea al Rom\u00e2niei. Un rege controversat (volumul 4) - Libr\u0103rie\",\"isPartOf\":{\"@id\":\"https:\\\/\\\/librarie.peles.ro\\\/ro\\\/#website\"},\"primaryImageOfPage\":{\"@id\":\"https:\\\/\\\/librarie.peles.ro\\\/ro\\\/product\\\/carol-al-ii-lea-al-romaniei-un-rege-controversat-regele-detronat-1940\\\/#primaryimage\"},\"image\":{\"@id\":\"https:\\\/\\\/librarie.peles.ro\\\/ro\\\/product\\\/carol-al-ii-lea-al-romaniei-un-rege-controversat-regele-detronat-1940\\\/#primaryimage\"},\"thumbnailUrl\":\"https:\\\/\\\/librarie.peles.ro\\\/wp-content\\\/uploads\\\/2021\\\/03\\\/Carol-II-vol-4.jpg\",\"datePublished\":\"2021-03-26T12:36:19+00:00\",\"dateModified\":\"2026-01-19T14:10:18+00:00\",\"breadcrumb\":{\"@id\":\"https:\\\/\\\/librarie.peles.ro\\\/ro\\\/product\\\/carol-al-ii-lea-al-romaniei-un-rege-controversat-regele-detronat-1940\\\/#breadcrumb\"},\"inLanguage\":\"en-GB\",\"potentialAction\":[{\"@type\":\"ReadAction\",\"target\":[\"https:\\\/\\\/librarie.peles.ro\\\/ro\\\/product\\\/carol-al-ii-lea-al-romaniei-un-rege-controversat-regele-detronat-1940\\\/\"]}]},{\"@type\":\"ImageObject\",\"inLanguage\":\"en-GB\",\"@id\":\"https:\\\/\\\/librarie.peles.ro\\\/ro\\\/product\\\/carol-al-ii-lea-al-romaniei-un-rege-controversat-regele-detronat-1940\\\/#primaryimage\",\"url\":\"https:\\\/\\\/librarie.peles.ro\\\/wp-content\\\/uploads\\\/2021\\\/03\\\/Carol-II-vol-4.jpg\",\"contentUrl\":\"https:\\\/\\\/librarie.peles.ro\\\/wp-content\\\/uploads\\\/2021\\\/03\\\/Carol-II-vol-4.jpg\",\"width\":737,\"height\":904},{\"@type\":\"BreadcrumbList\",\"@id\":\"https:\\\/\\\/librarie.peles.ro\\\/ro\\\/product\\\/carol-al-ii-lea-al-romaniei-un-rege-controversat-regele-detronat-1940\\\/#breadcrumb\",\"itemListElement\":[{\"@type\":\"ListItem\",\"position\":1,\"name\":\"Home\",\"item\":\"https:\\\/\\\/librarie.peles.ro\\\/ro\\\/\"},{\"@type\":\"ListItem\",\"position\":2,\"name\":\"Shop\",\"item\":\"https:\\\/\\\/librarie.peles.ro\\\/ro\\\/shop\\\/\"},{\"@type\":\"ListItem\",\"position\":3,\"name\":\"Carol al II-lea al Rom\u00e2niei. Un rege controversat (volumul 4)\"}]},{\"@type\":\"WebSite\",\"@id\":\"https:\\\/\\\/librarie.peles.ro\\\/ro\\\/#website\",\"url\":\"https:\\\/\\\/librarie.peles.ro\\\/ro\\\/\",\"name\":\"Libr\u0103rie\",\"description\":\"Muzeul Na\u021bional Pele\u0219\",\"publisher\":{\"@id\":\"https:\\\/\\\/librarie.peles.ro\\\/ro\\\/#organization\"},\"potentialAction\":[{\"@type\":\"SearchAction\",\"target\":{\"@type\":\"EntryPoint\",\"urlTemplate\":\"https:\\\/\\\/librarie.peles.ro\\\/ro\\\/?s={search_term_string}\"},\"query-input\":{\"@type\":\"PropertyValueSpecification\",\"valueRequired\":true,\"valueName\":\"search_term_string\"}}],\"inLanguage\":\"en-GB\"},{\"@type\":\"Organization\",\"@id\":\"https:\\\/\\\/librarie.peles.ro\\\/ro\\\/#organization\",\"name\":\"Libr\u0103rie\",\"url\":\"https:\\\/\\\/librarie.peles.ro\\\/ro\\\/\",\"logo\":{\"@type\":\"ImageObject\",\"inLanguage\":\"en-GB\",\"@id\":\"https:\\\/\\\/librarie.peles.ro\\\/ro\\\/#\\\/schema\\\/logo\\\/image\\\/\",\"url\":\"https:\\\/\\\/librarie.peles.ro\\\/wp-content\\\/uploads\\\/2025\\\/01\\\/Logo-1.png\",\"contentUrl\":\"https:\\\/\\\/librarie.peles.ro\\\/wp-content\\\/uploads\\\/2025\\\/01\\\/Logo-1.png\",\"width\":1046,\"height\":200,\"caption\":\"Libr\u0103rie\"},\"image\":{\"@id\":\"https:\\\/\\\/librarie.peles.ro\\\/ro\\\/#\\\/schema\\\/logo\\\/image\\\/\"},\"sameAs\":[\"https:\\\/\\\/www.facebook.com\\\/muzeulnationalpeles\",\"https:\\\/\\\/x.com\\\/MuzeulP\",\"https:\\\/\\\/www.instagram.com\\\/muzeul_national_peles\\\/\",\"https:\\\/\\\/www.youtube.com\\\/@muzeulnationalpeles7162\",\"https:\\\/\\\/www.tiktok.com\\\/@muzeulnationalpeles\"]}]}<\/script>\n<!-- \/ Yoast SEO plugin. -->","yoast_head_json":{"title":"Carol al II-lea al Rom\u00e2niei. Un rege controversat (volumul 4) - Libr\u0103rie","robots":{"index":"noindex","follow":"follow","max-snippet":"max-snippet:-1","max-image-preview":"max-image-preview:large","max-video-preview":"max-video-preview:-1"},"og_locale":"en_GB","og_type":"article","og_title":"Carol al II-lea al Rom\u00e2niei. Un rege controversat (volumul 4) - Libr\u0103rie","og_description":"Format: 23x28 cm Num\u0103r pagini: 432 Anul apari\u021biei: 2020 Autor: Narcis-Dorin Ion ISBN 978-606-622-539-7","og_url":"https:\/\/librarie.peles.ro\/en\/product\/carol-al-ii-lea-al-romaniei-un-rege-controversat-regele-detronat-1940\/","og_site_name":"Libr\u0103rie","article_publisher":"https:\/\/www.facebook.com\/muzeulnationalpeles","article_modified_time":"2026-01-19T14:10:18+00:00","og_image":[{"width":737,"height":904,"url":"https:\/\/librarie.peles.ro\/wp-content\/uploads\/2021\/03\/Carol-II-vol-4.jpg","type":"image\/jpeg"}],"twitter_card":"summary_large_image","twitter_site":"@MuzeulP","twitter_misc":{"Estimated reading time":"2 minutes"},"schema":{"@context":"https:\/\/schema.org","@graph":[{"@type":"WebPage","@id":"https:\/\/librarie.peles.ro\/ro\/product\/carol-al-ii-lea-al-romaniei-un-rege-controversat-regele-detronat-1940\/","url":"https:\/\/librarie.peles.ro\/ro\/product\/carol-al-ii-lea-al-romaniei-un-rege-controversat-regele-detronat-1940\/","name":"Carol al II-lea al Rom\u00e2niei. Un rege controversat (volumul 4) - Libr\u0103rie","isPartOf":{"@id":"https:\/\/librarie.peles.ro\/ro\/#website"},"primaryImageOfPage":{"@id":"https:\/\/librarie.peles.ro\/ro\/product\/carol-al-ii-lea-al-romaniei-un-rege-controversat-regele-detronat-1940\/#primaryimage"},"image":{"@id":"https:\/\/librarie.peles.ro\/ro\/product\/carol-al-ii-lea-al-romaniei-un-rege-controversat-regele-detronat-1940\/#primaryimage"},"thumbnailUrl":"https:\/\/librarie.peles.ro\/wp-content\/uploads\/2021\/03\/Carol-II-vol-4.jpg","datePublished":"2021-03-26T12:36:19+00:00","dateModified":"2026-01-19T14:10:18+00:00","breadcrumb":{"@id":"https:\/\/librarie.peles.ro\/ro\/product\/carol-al-ii-lea-al-romaniei-un-rege-controversat-regele-detronat-1940\/#breadcrumb"},"inLanguage":"en-GB","potentialAction":[{"@type":"ReadAction","target":["https:\/\/librarie.peles.ro\/ro\/product\/carol-al-ii-lea-al-romaniei-un-rege-controversat-regele-detronat-1940\/"]}]},{"@type":"ImageObject","inLanguage":"en-GB","@id":"https:\/\/librarie.peles.ro\/ro\/product\/carol-al-ii-lea-al-romaniei-un-rege-controversat-regele-detronat-1940\/#primaryimage","url":"https:\/\/librarie.peles.ro\/wp-content\/uploads\/2021\/03\/Carol-II-vol-4.jpg","contentUrl":"https:\/\/librarie.peles.ro\/wp-content\/uploads\/2021\/03\/Carol-II-vol-4.jpg","width":737,"height":904},{"@type":"BreadcrumbList","@id":"https:\/\/librarie.peles.ro\/ro\/product\/carol-al-ii-lea-al-romaniei-un-rege-controversat-regele-detronat-1940\/#breadcrumb","itemListElement":[{"@type":"ListItem","position":1,"name":"Home","item":"https:\/\/librarie.peles.ro\/ro\/"},{"@type":"ListItem","position":2,"name":"Shop","item":"https:\/\/librarie.peles.ro\/ro\/shop\/"},{"@type":"ListItem","position":3,"name":"Carol al II-lea al Rom\u00e2niei. Un rege controversat (volumul 4)"}]},{"@type":"WebSite","@id":"https:\/\/librarie.peles.ro\/ro\/#website","url":"https:\/\/librarie.peles.ro\/ro\/","name":"Libr\u0103rie","description":"Muzeul Na\u021bional Pele\u0219","publisher":{"@id":"https:\/\/librarie.peles.ro\/ro\/#organization"},"potentialAction":[{"@type":"SearchAction","target":{"@type":"EntryPoint","urlTemplate":"https:\/\/librarie.peles.ro\/ro\/?s={search_term_string}"},"query-input":{"@type":"PropertyValueSpecification","valueRequired":true,"valueName":"search_term_string"}}],"inLanguage":"en-GB"},{"@type":"Organization","@id":"https:\/\/librarie.peles.ro\/ro\/#organization","name":"Libr\u0103rie","url":"https:\/\/librarie.peles.ro\/ro\/","logo":{"@type":"ImageObject","inLanguage":"en-GB","@id":"https:\/\/librarie.peles.ro\/ro\/#\/schema\/logo\/image\/","url":"https:\/\/librarie.peles.ro\/wp-content\/uploads\/2025\/01\/Logo-1.png","contentUrl":"https:\/\/librarie.peles.ro\/wp-content\/uploads\/2025\/01\/Logo-1.png","width":1046,"height":200,"caption":"Libr\u0103rie"},"image":{"@id":"https:\/\/librarie.peles.ro\/ro\/#\/schema\/logo\/image\/"},"sameAs":["https:\/\/www.facebook.com\/muzeulnationalpeles","https:\/\/x.com\/MuzeulP","https:\/\/www.instagram.com\/muzeul_national_peles\/","https:\/\/www.youtube.com\/@muzeulnationalpeles7162","https:\/\/www.tiktok.com\/@muzeulnationalpeles"]}]}},"_links":{"self":[{"href":"https:\/\/librarie.peles.ro\/en\/wp-json\/wp\/v2\/product\/453","targetHints":{"allow":["GET"]}}],"collection":[{"href":"https:\/\/librarie.peles.ro\/en\/wp-json\/wp\/v2\/product"}],"about":[{"href":"https:\/\/librarie.peles.ro\/en\/wp-json\/wp\/v2\/types\/product"}],"replies":[{"embeddable":true,"href":"https:\/\/librarie.peles.ro\/en\/wp-json\/wp\/v2\/comments?post=453"}],"version-history":[{"count":1,"href":"https:\/\/librarie.peles.ro\/en\/wp-json\/wp\/v2\/product\/453\/revisions"}],"predecessor-version":[{"id":1936,"href":"https:\/\/librarie.peles.ro\/en\/wp-json\/wp\/v2\/product\/453\/revisions\/1936"}],"wp:featuredmedia":[{"embeddable":true,"href":"https:\/\/librarie.peles.ro\/en\/wp-json\/wp\/v2\/media\/454"}],"wp:attachment":[{"href":"https:\/\/librarie.peles.ro\/en\/wp-json\/wp\/v2\/media?parent=453"}],"wp:term":[{"taxonomy":"product_brand","embeddable":true,"href":"https:\/\/librarie.peles.ro\/en\/wp-json\/wp\/v2\/product_brand?post=453"},{"taxonomy":"product_cat","embeddable":true,"href":"https:\/\/librarie.peles.ro\/en\/wp-json\/wp\/v2\/product_cat?post=453"},{"taxonomy":"product_tag","embeddable":true,"href":"https:\/\/librarie.peles.ro\/en\/wp-json\/wp\/v2\/product_tag?post=453"}],"curies":[{"name":"wp","href":"https:\/\/api.w.org\/{rel}","templated":true}]}}