{"id":384,"date":"2021-03-21T13:00:18","date_gmt":"2021-03-21T11:00:18","guid":{"rendered":"https:\/\/librarie.peles.ro\/?post_type=product&#038;p=384"},"modified":"2025-03-20T08:53:44","modified_gmt":"2025-03-20T08:53:44","slug":"colectia-de-orfevrarie-a-muzeului-national-peles","status":"publish","type":"product","link":"https:\/\/librarie.peles.ro\/en\/product\/colectia-de-orfevrarie-a-muzeului-national-peles\/","title":{"rendered":"The goldsmith&#039;s collection of the Pele\u0219 National Museum"},"content":{"rendered":"<p>Corina Dumitrache ne prezint\u0103 detaliat istoria constituirii colec\u021biei de orfevr\u0103rie a regelui Carol I, aplec\u00e2ndu-se \u0219i asupra istoricului me\u0219te\u0219ugului argint\u0103riei de-a lungul veacurilor, prin numeroase exemplific\u0103ri ale tehnicilor de lucru \u0219i ale principalelor ateliere europene sau orientale, care au furnizat piesele cele mai reprezentative ale colec\u021biei de argint\u0103rie p\u0103strat\u0103, peste timp, de Muzeul Na\u021bional Pele\u0219. Paul Telge, Eduard Wollenweber, Johann Daniel Schleissner, Ludwig Neresheimer, Simon Rosenau, Max Str\u00f6bl sunt arti\u0219tii orfevri din Germania care i-au furnizat regelui Carol I adev\u0103rate piese de art\u0103. Se adaug\u0103 acestora remarcabilii orfevri francezi Charles Christofle, Froment Meurice, Antoine Cosson Corby sau at\u00e2t de celebrul atelier patronat, la Sankt Petersburg, de Karl Faberg\u00e9, ale c\u0103ror piese decoreaz\u0103 \u00eenc\u0103 interioarele castelului Pele\u0219. Catalogul Colec\u021bia de orfevr\u0103rie a Muzelui Na\u021bional Pele\u0219 prezint\u0103 pe larg \u0219i atelierele din Anglia (Goldsmiths &amp; Silversmiths Co. Ltd, Mappin &amp; Webb), Rusia (Hlebnikov, Ovcinnikov), Austria (Georg Adam Scheid), Suedia (K. Anderson, C.G. Hallberg), Olanda, Rom\u00e2nia (Theodor Radivon, Josef Resch, Ignaz Weiss), Italia (Stefani, Fratelli-Coppini sau Sant\u02bcElia) c\u00e2t \u0219i cele din China (Gem Wo) \u0219i Japonia (Konoike, Miyamoto Shoko), care au \u00eembog\u0103\u021bit colec\u021bia regelui Carol I cu piese de argint\u0103rie a c\u0103ror frumuse\u021be uime\u0219te \u0219i ast\u0103zi.<\/p>\n<p>Editat de: Muzeul Na\u021bional Pele\u0219<br \/>\nAutor: Corina Dumitrache<\/p>","protected":false},"excerpt":{"rendered":"<p>Format: 23 x 28 cm<br \/>\nNum\u0103r pagini: 208<br \/>\nAnul apari\u021biei: 2019<br \/>\nISBN 978-973-0-30721-4<\/p>","protected":false},"featured_media":385,"comment_status":"open","ping_status":"closed","template":"","meta":[],"product_brand":[],"product_cat":[15],"product_tag":[],"class_list":{"0":"post-384","1":"product","2":"type-product","3":"status-publish","4":"has-post-thumbnail","6":"product_cat-uncategorized","8":"first","9":"instock","10":"shipping-taxable","11":"purchasable","12":"product-type-simple"},"yoast_head":"<!-- This site is optimized with the Yoast SEO plugin v27.4 - https:\/\/yoast.com\/product\/yoast-seo-wordpress\/ -->\n<title>Colec\u021bia de orfevr\u0103rie a Muzeului Na\u021bional Pele\u0219 - Libr\u0103rie<\/title>\n<meta name=\"robots\" content=\"noindex, follow, max-snippet:-1, max-image-preview:large, max-video-preview:-1\" \/>\n<meta property=\"og:locale\" content=\"en_GB\" \/>\n<meta property=\"og:type\" content=\"article\" \/>\n<meta property=\"og:title\" content=\"Colec\u021bia de orfevr\u0103rie a Muzeului Na\u021bional Pele\u0219 - Libr\u0103rie\" \/>\n<meta property=\"og:description\" content=\"Format: 23 x 28 cm Num\u0103r pagini: 208 Anul apari\u021biei: 2019 ISBN 978-973-0-30721-4\" \/>\n<meta property=\"og:url\" content=\"https:\/\/librarie.peles.ro\/en\/product\/colectia-de-orfevrarie-a-muzeului-national-peles\/\" \/>\n<meta property=\"og:site_name\" content=\"Libr\u0103rie\" \/>\n<meta property=\"article:publisher\" content=\"https:\/\/www.facebook.com\/muzeulnationalpeles\" \/>\n<meta property=\"article:modified_time\" content=\"2025-03-20T08:53:44+00:00\" \/>\n<meta property=\"og:image\" content=\"https:\/\/librarie.peles.ro\/wp-content\/uploads\/2020\/11\/Coperta-orfevrrie-rotated-1.jpg\" \/>\n\t<meta property=\"og:image:width\" content=\"586\" \/>\n\t<meta property=\"og:image:height\" content=\"706\" \/>\n\t<meta property=\"og:image:type\" content=\"image\/jpeg\" \/>\n<meta name=\"twitter:card\" content=\"summary_large_image\" \/>\n<meta name=\"twitter:site\" content=\"@MuzeulP\" \/>\n<meta name=\"twitter:label1\" content=\"Estimated reading time\" \/>\n\t<meta name=\"twitter:data1\" content=\"2 minutes\" \/>\n<script type=\"application\/ld+json\" class=\"yoast-schema-graph\">{\"@context\":\"https:\\\/\\\/schema.org\",\"@graph\":[{\"@type\":\"WebPage\",\"@id\":\"https:\\\/\\\/librarie.peles.ro\\\/product\\\/colectia-de-orfevrarie-a-muzeului-national-peles\\\/\",\"url\":\"https:\\\/\\\/librarie.peles.ro\\\/product\\\/colectia-de-orfevrarie-a-muzeului-national-peles\\\/\",\"name\":\"Colec\u021bia de orfevr\u0103rie a Muzeului Na\u021bional Pele\u0219 - Libr\u0103rie\",\"isPartOf\":{\"@id\":\"https:\\\/\\\/librarie.peles.ro\\\/ro\\\/#website\"},\"primaryImageOfPage\":{\"@id\":\"https:\\\/\\\/librarie.peles.ro\\\/product\\\/colectia-de-orfevrarie-a-muzeului-national-peles\\\/#primaryimage\"},\"image\":{\"@id\":\"https:\\\/\\\/librarie.peles.ro\\\/product\\\/colectia-de-orfevrarie-a-muzeului-national-peles\\\/#primaryimage\"},\"thumbnailUrl\":\"https:\\\/\\\/librarie.peles.ro\\\/wp-content\\\/uploads\\\/2020\\\/11\\\/Coperta-orfevrrie-rotated-1.jpg\",\"datePublished\":\"2021-03-21T11:00:18+00:00\",\"dateModified\":\"2025-03-20T08:53:44+00:00\",\"breadcrumb\":{\"@id\":\"https:\\\/\\\/librarie.peles.ro\\\/product\\\/colectia-de-orfevrarie-a-muzeului-national-peles\\\/#breadcrumb\"},\"inLanguage\":\"en-GB\",\"potentialAction\":[{\"@type\":\"ReadAction\",\"target\":[\"https:\\\/\\\/librarie.peles.ro\\\/product\\\/colectia-de-orfevrarie-a-muzeului-national-peles\\\/\"]}]},{\"@type\":\"ImageObject\",\"inLanguage\":\"en-GB\",\"@id\":\"https:\\\/\\\/librarie.peles.ro\\\/product\\\/colectia-de-orfevrarie-a-muzeului-national-peles\\\/#primaryimage\",\"url\":\"https:\\\/\\\/librarie.peles.ro\\\/wp-content\\\/uploads\\\/2020\\\/11\\\/Coperta-orfevrrie-rotated-1.jpg\",\"contentUrl\":\"https:\\\/\\\/librarie.peles.ro\\\/wp-content\\\/uploads\\\/2020\\\/11\\\/Coperta-orfevrrie-rotated-1.jpg\",\"width\":586,\"height\":706},{\"@type\":\"BreadcrumbList\",\"@id\":\"https:\\\/\\\/librarie.peles.ro\\\/product\\\/colectia-de-orfevrarie-a-muzeului-national-peles\\\/#breadcrumb\",\"itemListElement\":[{\"@type\":\"ListItem\",\"position\":1,\"name\":\"Home\",\"item\":\"https:\\\/\\\/librarie.peles.ro\\\/ro\\\/\"},{\"@type\":\"ListItem\",\"position\":2,\"name\":\"Shop\",\"item\":\"https:\\\/\\\/librarie.peles.ro\\\/ro\\\/shop\\\/\"},{\"@type\":\"ListItem\",\"position\":3,\"name\":\"Colec\u021bia de orfevr\u0103rie a Muzeului Na\u021bional Pele\u0219\"}]},{\"@type\":\"WebSite\",\"@id\":\"https:\\\/\\\/librarie.peles.ro\\\/ro\\\/#website\",\"url\":\"https:\\\/\\\/librarie.peles.ro\\\/ro\\\/\",\"name\":\"Libr\u0103rie\",\"description\":\"Muzeul Na\u021bional Pele\u0219\",\"publisher\":{\"@id\":\"https:\\\/\\\/librarie.peles.ro\\\/ro\\\/#organization\"},\"potentialAction\":[{\"@type\":\"SearchAction\",\"target\":{\"@type\":\"EntryPoint\",\"urlTemplate\":\"https:\\\/\\\/librarie.peles.ro\\\/ro\\\/?s={search_term_string}\"},\"query-input\":{\"@type\":\"PropertyValueSpecification\",\"valueRequired\":true,\"valueName\":\"search_term_string\"}}],\"inLanguage\":\"en-GB\"},{\"@type\":\"Organization\",\"@id\":\"https:\\\/\\\/librarie.peles.ro\\\/ro\\\/#organization\",\"name\":\"Libr\u0103rie\",\"url\":\"https:\\\/\\\/librarie.peles.ro\\\/ro\\\/\",\"logo\":{\"@type\":\"ImageObject\",\"inLanguage\":\"en-GB\",\"@id\":\"https:\\\/\\\/librarie.peles.ro\\\/ro\\\/#\\\/schema\\\/logo\\\/image\\\/\",\"url\":\"https:\\\/\\\/librarie.peles.ro\\\/wp-content\\\/uploads\\\/2025\\\/01\\\/Logo-1.png\",\"contentUrl\":\"https:\\\/\\\/librarie.peles.ro\\\/wp-content\\\/uploads\\\/2025\\\/01\\\/Logo-1.png\",\"width\":1046,\"height\":200,\"caption\":\"Libr\u0103rie\"},\"image\":{\"@id\":\"https:\\\/\\\/librarie.peles.ro\\\/ro\\\/#\\\/schema\\\/logo\\\/image\\\/\"},\"sameAs\":[\"https:\\\/\\\/www.facebook.com\\\/muzeulnationalpeles\",\"https:\\\/\\\/x.com\\\/MuzeulP\",\"https:\\\/\\\/www.instagram.com\\\/muzeul_national_peles\\\/\",\"https:\\\/\\\/www.youtube.com\\\/@muzeulnationalpeles7162\",\"https:\\\/\\\/www.tiktok.com\\\/@muzeulnationalpeles\"]}]}<\/script>\n<!-- \/ Yoast SEO plugin. -->","yoast_head_json":{"title":"Colec\u021bia de orfevr\u0103rie a Muzeului Na\u021bional Pele\u0219 - Libr\u0103rie","robots":{"index":"noindex","follow":"follow","max-snippet":"max-snippet:-1","max-image-preview":"max-image-preview:large","max-video-preview":"max-video-preview:-1"},"og_locale":"en_GB","og_type":"article","og_title":"Colec\u021bia de orfevr\u0103rie a Muzeului Na\u021bional Pele\u0219 - Libr\u0103rie","og_description":"Format: 23 x 28 cm Num\u0103r pagini: 208 Anul apari\u021biei: 2019 ISBN 978-973-0-30721-4","og_url":"https:\/\/librarie.peles.ro\/en\/product\/colectia-de-orfevrarie-a-muzeului-national-peles\/","og_site_name":"Libr\u0103rie","article_publisher":"https:\/\/www.facebook.com\/muzeulnationalpeles","article_modified_time":"2025-03-20T08:53:44+00:00","og_image":[{"width":586,"height":706,"url":"https:\/\/librarie.peles.ro\/wp-content\/uploads\/2020\/11\/Coperta-orfevrrie-rotated-1.jpg","type":"image\/jpeg"}],"twitter_card":"summary_large_image","twitter_site":"@MuzeulP","twitter_misc":{"Estimated reading time":"2 minutes"},"schema":{"@context":"https:\/\/schema.org","@graph":[{"@type":"WebPage","@id":"https:\/\/librarie.peles.ro\/product\/colectia-de-orfevrarie-a-muzeului-national-peles\/","url":"https:\/\/librarie.peles.ro\/product\/colectia-de-orfevrarie-a-muzeului-national-peles\/","name":"Colec\u021bia de orfevr\u0103rie a Muzeului Na\u021bional Pele\u0219 - Libr\u0103rie","isPartOf":{"@id":"https:\/\/librarie.peles.ro\/ro\/#website"},"primaryImageOfPage":{"@id":"https:\/\/librarie.peles.ro\/product\/colectia-de-orfevrarie-a-muzeului-national-peles\/#primaryimage"},"image":{"@id":"https:\/\/librarie.peles.ro\/product\/colectia-de-orfevrarie-a-muzeului-national-peles\/#primaryimage"},"thumbnailUrl":"https:\/\/librarie.peles.ro\/wp-content\/uploads\/2020\/11\/Coperta-orfevrrie-rotated-1.jpg","datePublished":"2021-03-21T11:00:18+00:00","dateModified":"2025-03-20T08:53:44+00:00","breadcrumb":{"@id":"https:\/\/librarie.peles.ro\/product\/colectia-de-orfevrarie-a-muzeului-national-peles\/#breadcrumb"},"inLanguage":"en-GB","potentialAction":[{"@type":"ReadAction","target":["https:\/\/librarie.peles.ro\/product\/colectia-de-orfevrarie-a-muzeului-national-peles\/"]}]},{"@type":"ImageObject","inLanguage":"en-GB","@id":"https:\/\/librarie.peles.ro\/product\/colectia-de-orfevrarie-a-muzeului-national-peles\/#primaryimage","url":"https:\/\/librarie.peles.ro\/wp-content\/uploads\/2020\/11\/Coperta-orfevrrie-rotated-1.jpg","contentUrl":"https:\/\/librarie.peles.ro\/wp-content\/uploads\/2020\/11\/Coperta-orfevrrie-rotated-1.jpg","width":586,"height":706},{"@type":"BreadcrumbList","@id":"https:\/\/librarie.peles.ro\/product\/colectia-de-orfevrarie-a-muzeului-national-peles\/#breadcrumb","itemListElement":[{"@type":"ListItem","position":1,"name":"Home","item":"https:\/\/librarie.peles.ro\/ro\/"},{"@type":"ListItem","position":2,"name":"Shop","item":"https:\/\/librarie.peles.ro\/ro\/shop\/"},{"@type":"ListItem","position":3,"name":"Colec\u021bia de orfevr\u0103rie a Muzeului Na\u021bional Pele\u0219"}]},{"@type":"WebSite","@id":"https:\/\/librarie.peles.ro\/ro\/#website","url":"https:\/\/librarie.peles.ro\/ro\/","name":"Libr\u0103rie","description":"Muzeul Na\u021bional Pele\u0219","publisher":{"@id":"https:\/\/librarie.peles.ro\/ro\/#organization"},"potentialAction":[{"@type":"SearchAction","target":{"@type":"EntryPoint","urlTemplate":"https:\/\/librarie.peles.ro\/ro\/?s={search_term_string}"},"query-input":{"@type":"PropertyValueSpecification","valueRequired":true,"valueName":"search_term_string"}}],"inLanguage":"en-GB"},{"@type":"Organization","@id":"https:\/\/librarie.peles.ro\/ro\/#organization","name":"Libr\u0103rie","url":"https:\/\/librarie.peles.ro\/ro\/","logo":{"@type":"ImageObject","inLanguage":"en-GB","@id":"https:\/\/librarie.peles.ro\/ro\/#\/schema\/logo\/image\/","url":"https:\/\/librarie.peles.ro\/wp-content\/uploads\/2025\/01\/Logo-1.png","contentUrl":"https:\/\/librarie.peles.ro\/wp-content\/uploads\/2025\/01\/Logo-1.png","width":1046,"height":200,"caption":"Libr\u0103rie"},"image":{"@id":"https:\/\/librarie.peles.ro\/ro\/#\/schema\/logo\/image\/"},"sameAs":["https:\/\/www.facebook.com\/muzeulnationalpeles","https:\/\/x.com\/MuzeulP","https:\/\/www.instagram.com\/muzeul_national_peles\/","https:\/\/www.youtube.com\/@muzeulnationalpeles7162","https:\/\/www.tiktok.com\/@muzeulnationalpeles"]}]}},"_links":{"self":[{"href":"https:\/\/librarie.peles.ro\/en\/wp-json\/wp\/v2\/product\/384","targetHints":{"allow":["GET"]}}],"collection":[{"href":"https:\/\/librarie.peles.ro\/en\/wp-json\/wp\/v2\/product"}],"about":[{"href":"https:\/\/librarie.peles.ro\/en\/wp-json\/wp\/v2\/types\/product"}],"replies":[{"embeddable":true,"href":"https:\/\/librarie.peles.ro\/en\/wp-json\/wp\/v2\/comments?post=384"}],"version-history":[{"count":1,"href":"https:\/\/librarie.peles.ro\/en\/wp-json\/wp\/v2\/product\/384\/revisions"}],"predecessor-version":[{"id":1945,"href":"https:\/\/librarie.peles.ro\/en\/wp-json\/wp\/v2\/product\/384\/revisions\/1945"}],"wp:featuredmedia":[{"embeddable":true,"href":"https:\/\/librarie.peles.ro\/en\/wp-json\/wp\/v2\/media\/385"}],"wp:attachment":[{"href":"https:\/\/librarie.peles.ro\/en\/wp-json\/wp\/v2\/media?parent=384"}],"wp:term":[{"taxonomy":"product_brand","embeddable":true,"href":"https:\/\/librarie.peles.ro\/en\/wp-json\/wp\/v2\/product_brand?post=384"},{"taxonomy":"product_cat","embeddable":true,"href":"https:\/\/librarie.peles.ro\/en\/wp-json\/wp\/v2\/product_cat?post=384"},{"taxonomy":"product_tag","embeddable":true,"href":"https:\/\/librarie.peles.ro\/en\/wp-json\/wp\/v2\/product_tag?post=384"}],"curies":[{"name":"wp","href":"https:\/\/api.w.org\/{rel}","templated":true}]}}