{"id":352,"date":"2021-03-21T12:24:21","date_gmt":"2021-03-21T10:24:21","guid":{"rendered":"https:\/\/librarie.peles.ro\/?post_type=product&#038;p=352"},"modified":"2025-02-14T12:45:20","modified_gmt":"2025-02-14T12:45:20","slug":"colectia-de-sticla-a-muzeului-national-peles","status":"publish","type":"product","link":"https:\/\/librarie.peles.ro\/en\/product\/colectia-de-sticla-a-muzeului-national-peles\/","title":{"rendered":"The glass collection of the Pele\u0219 National Museum"},"content":{"rendered":"<p>Dintre diversele \u0219i extrem de valoroasele colec\u021bii ale Muzeului Na\u021bional Pele\u0219, se distinge prin frumuse\u021be \u0219i rafinament cea de sticl\u0103, pe care o prezent\u0103m \u00een acest catalog dedicat valorific\u0103rii editoriale a patrimoniului culturalna\u021bional mobil ce decoreaz\u0103 interioarele castelului Pele\u0219 din Sinaia, monument emblematic al fenomenului istorist european, creat din ini\u021biativa \u0219i pasiunea f\u0103r\u0103 seam\u0103n a primului nostru rege.<\/p>\n<p>Editat de: Muzeul Na\u021bional Pele\u0219<br \/>\nAutor: Cornelia DUMITRESCU<\/p>","protected":false},"excerpt":{"rendered":"<p>Format: 22&#215;28 cm<br \/>\nNum\u0103r pagini: 360<br \/>\nAnul apari\u0163iei: 2019<br \/>\nISBN: 978-973-0-30781-8<\/p>","protected":false},"featured_media":353,"comment_status":"open","ping_status":"closed","template":"","meta":[],"product_brand":[],"product_cat":[15],"product_tag":[],"class_list":{"0":"post-352","1":"product","2":"type-product","3":"status-publish","4":"has-post-thumbnail","6":"product_cat-uncategorized","7":"product_shipping_class-livrare_gratuita","9":"first","10":"instock","11":"shipping-taxable","12":"purchasable","13":"product-type-simple"},"yoast_head":"<!-- This site is optimized with the Yoast SEO plugin v27.4 - https:\/\/yoast.com\/product\/yoast-seo-wordpress\/ -->\n<title>Colec\u021bia de sticl\u0103 a Muzeului Na\u021bional Pele\u0219 - Libr\u0103rie<\/title>\n<meta name=\"robots\" content=\"noindex, follow, max-snippet:-1, max-image-preview:large, max-video-preview:-1\" \/>\n<meta property=\"og:locale\" content=\"en_GB\" \/>\n<meta property=\"og:type\" content=\"article\" \/>\n<meta property=\"og:title\" content=\"Colec\u021bia de sticl\u0103 a Muzeului Na\u021bional Pele\u0219 - Libr\u0103rie\" \/>\n<meta property=\"og:description\" content=\"Format: 22x28 cm Num\u0103r pagini: 360 Anul apari\u0163iei: 2019 ISBN: 978-973-0-30781-8\" \/>\n<meta property=\"og:url\" content=\"https:\/\/librarie.peles.ro\/en\/product\/colectia-de-sticla-a-muzeului-national-peles\/\" \/>\n<meta property=\"og:site_name\" content=\"Libr\u0103rie\" \/>\n<meta property=\"article:publisher\" content=\"https:\/\/www.facebook.com\/muzeulnationalpeles\" \/>\n<meta property=\"article:modified_time\" content=\"2025-02-14T12:45:20+00:00\" \/>\n<meta property=\"og:image\" content=\"https:\/\/librarie.peles.ro\/wp-content\/uploads\/2020\/11\/coperta_sticla-scaled-1.jpg\" \/>\n\t<meta property=\"og:image:width\" content=\"2086\" \/>\n\t<meta property=\"og:image:height\" content=\"2560\" \/>\n\t<meta property=\"og:image:type\" content=\"image\/jpeg\" \/>\n<meta name=\"twitter:card\" content=\"summary_large_image\" \/>\n<meta name=\"twitter:site\" content=\"@MuzeulP\" \/>\n<meta name=\"twitter:label1\" content=\"Estimated reading time\" \/>\n\t<meta name=\"twitter:data1\" content=\"1 minute\" \/>\n<script type=\"application\/ld+json\" class=\"yoast-schema-graph\">{\"@context\":\"https:\\\/\\\/schema.org\",\"@graph\":[{\"@type\":\"WebPage\",\"@id\":\"https:\\\/\\\/librarie.peles.ro\\\/ro\\\/product\\\/colectia-de-sticla-a-muzeului-national-peles\\\/\",\"url\":\"https:\\\/\\\/librarie.peles.ro\\\/ro\\\/product\\\/colectia-de-sticla-a-muzeului-national-peles\\\/\",\"name\":\"Colec\u021bia de sticl\u0103 a Muzeului Na\u021bional Pele\u0219 - Libr\u0103rie\",\"isPartOf\":{\"@id\":\"https:\\\/\\\/librarie.peles.ro\\\/ro\\\/#website\"},\"primaryImageOfPage\":{\"@id\":\"https:\\\/\\\/librarie.peles.ro\\\/ro\\\/product\\\/colectia-de-sticla-a-muzeului-national-peles\\\/#primaryimage\"},\"image\":{\"@id\":\"https:\\\/\\\/librarie.peles.ro\\\/ro\\\/product\\\/colectia-de-sticla-a-muzeului-national-peles\\\/#primaryimage\"},\"thumbnailUrl\":\"https:\\\/\\\/librarie.peles.ro\\\/wp-content\\\/uploads\\\/2020\\\/11\\\/coperta_sticla-scaled-1.jpg\",\"datePublished\":\"2021-03-21T10:24:21+00:00\",\"dateModified\":\"2025-02-14T12:45:20+00:00\",\"breadcrumb\":{\"@id\":\"https:\\\/\\\/librarie.peles.ro\\\/ro\\\/product\\\/colectia-de-sticla-a-muzeului-national-peles\\\/#breadcrumb\"},\"inLanguage\":\"en-GB\",\"potentialAction\":[{\"@type\":\"ReadAction\",\"target\":[\"https:\\\/\\\/librarie.peles.ro\\\/ro\\\/product\\\/colectia-de-sticla-a-muzeului-national-peles\\\/\"]}]},{\"@type\":\"ImageObject\",\"inLanguage\":\"en-GB\",\"@id\":\"https:\\\/\\\/librarie.peles.ro\\\/ro\\\/product\\\/colectia-de-sticla-a-muzeului-national-peles\\\/#primaryimage\",\"url\":\"https:\\\/\\\/librarie.peles.ro\\\/wp-content\\\/uploads\\\/2020\\\/11\\\/coperta_sticla-scaled-1.jpg\",\"contentUrl\":\"https:\\\/\\\/librarie.peles.ro\\\/wp-content\\\/uploads\\\/2020\\\/11\\\/coperta_sticla-scaled-1.jpg\",\"width\":2086,\"height\":2560},{\"@type\":\"BreadcrumbList\",\"@id\":\"https:\\\/\\\/librarie.peles.ro\\\/ro\\\/product\\\/colectia-de-sticla-a-muzeului-national-peles\\\/#breadcrumb\",\"itemListElement\":[{\"@type\":\"ListItem\",\"position\":1,\"name\":\"Home\",\"item\":\"https:\\\/\\\/librarie.peles.ro\\\/ro\\\/\"},{\"@type\":\"ListItem\",\"position\":2,\"name\":\"Shop\",\"item\":\"https:\\\/\\\/librarie.peles.ro\\\/ro\\\/shop\\\/\"},{\"@type\":\"ListItem\",\"position\":3,\"name\":\"Colec\u021bia de sticl\u0103 a Muzeului Na\u021bional Pele\u0219\"}]},{\"@type\":\"WebSite\",\"@id\":\"https:\\\/\\\/librarie.peles.ro\\\/ro\\\/#website\",\"url\":\"https:\\\/\\\/librarie.peles.ro\\\/ro\\\/\",\"name\":\"Libr\u0103rie\",\"description\":\"Muzeul Na\u021bional Pele\u0219\",\"publisher\":{\"@id\":\"https:\\\/\\\/librarie.peles.ro\\\/ro\\\/#organization\"},\"potentialAction\":[{\"@type\":\"SearchAction\",\"target\":{\"@type\":\"EntryPoint\",\"urlTemplate\":\"https:\\\/\\\/librarie.peles.ro\\\/ro\\\/?s={search_term_string}\"},\"query-input\":{\"@type\":\"PropertyValueSpecification\",\"valueRequired\":true,\"valueName\":\"search_term_string\"}}],\"inLanguage\":\"en-GB\"},{\"@type\":\"Organization\",\"@id\":\"https:\\\/\\\/librarie.peles.ro\\\/ro\\\/#organization\",\"name\":\"Libr\u0103rie\",\"url\":\"https:\\\/\\\/librarie.peles.ro\\\/ro\\\/\",\"logo\":{\"@type\":\"ImageObject\",\"inLanguage\":\"en-GB\",\"@id\":\"https:\\\/\\\/librarie.peles.ro\\\/ro\\\/#\\\/schema\\\/logo\\\/image\\\/\",\"url\":\"https:\\\/\\\/librarie.peles.ro\\\/wp-content\\\/uploads\\\/2025\\\/01\\\/Logo-1.png\",\"contentUrl\":\"https:\\\/\\\/librarie.peles.ro\\\/wp-content\\\/uploads\\\/2025\\\/01\\\/Logo-1.png\",\"width\":1046,\"height\":200,\"caption\":\"Libr\u0103rie\"},\"image\":{\"@id\":\"https:\\\/\\\/librarie.peles.ro\\\/ro\\\/#\\\/schema\\\/logo\\\/image\\\/\"},\"sameAs\":[\"https:\\\/\\\/www.facebook.com\\\/muzeulnationalpeles\",\"https:\\\/\\\/x.com\\\/MuzeulP\",\"https:\\\/\\\/www.instagram.com\\\/muzeul_national_peles\\\/\",\"https:\\\/\\\/www.youtube.com\\\/@muzeulnationalpeles7162\",\"https:\\\/\\\/www.tiktok.com\\\/@muzeulnationalpeles\"]}]}<\/script>\n<!-- \/ Yoast SEO plugin. -->","yoast_head_json":{"title":"Colec\u021bia de sticl\u0103 a Muzeului Na\u021bional Pele\u0219 - Libr\u0103rie","robots":{"index":"noindex","follow":"follow","max-snippet":"max-snippet:-1","max-image-preview":"max-image-preview:large","max-video-preview":"max-video-preview:-1"},"og_locale":"en_GB","og_type":"article","og_title":"Colec\u021bia de sticl\u0103 a Muzeului Na\u021bional Pele\u0219 - Libr\u0103rie","og_description":"Format: 22x28 cm Num\u0103r pagini: 360 Anul apari\u0163iei: 2019 ISBN: 978-973-0-30781-8","og_url":"https:\/\/librarie.peles.ro\/en\/product\/colectia-de-sticla-a-muzeului-national-peles\/","og_site_name":"Libr\u0103rie","article_publisher":"https:\/\/www.facebook.com\/muzeulnationalpeles","article_modified_time":"2025-02-14T12:45:20+00:00","og_image":[{"width":2086,"height":2560,"url":"https:\/\/librarie.peles.ro\/wp-content\/uploads\/2020\/11\/coperta_sticla-scaled-1.jpg","type":"image\/jpeg"}],"twitter_card":"summary_large_image","twitter_site":"@MuzeulP","twitter_misc":{"Estimated reading time":"1 minute"},"schema":{"@context":"https:\/\/schema.org","@graph":[{"@type":"WebPage","@id":"https:\/\/librarie.peles.ro\/ro\/product\/colectia-de-sticla-a-muzeului-national-peles\/","url":"https:\/\/librarie.peles.ro\/ro\/product\/colectia-de-sticla-a-muzeului-national-peles\/","name":"Colec\u021bia de sticl\u0103 a Muzeului Na\u021bional Pele\u0219 - Libr\u0103rie","isPartOf":{"@id":"https:\/\/librarie.peles.ro\/ro\/#website"},"primaryImageOfPage":{"@id":"https:\/\/librarie.peles.ro\/ro\/product\/colectia-de-sticla-a-muzeului-national-peles\/#primaryimage"},"image":{"@id":"https:\/\/librarie.peles.ro\/ro\/product\/colectia-de-sticla-a-muzeului-national-peles\/#primaryimage"},"thumbnailUrl":"https:\/\/librarie.peles.ro\/wp-content\/uploads\/2020\/11\/coperta_sticla-scaled-1.jpg","datePublished":"2021-03-21T10:24:21+00:00","dateModified":"2025-02-14T12:45:20+00:00","breadcrumb":{"@id":"https:\/\/librarie.peles.ro\/ro\/product\/colectia-de-sticla-a-muzeului-national-peles\/#breadcrumb"},"inLanguage":"en-GB","potentialAction":[{"@type":"ReadAction","target":["https:\/\/librarie.peles.ro\/ro\/product\/colectia-de-sticla-a-muzeului-national-peles\/"]}]},{"@type":"ImageObject","inLanguage":"en-GB","@id":"https:\/\/librarie.peles.ro\/ro\/product\/colectia-de-sticla-a-muzeului-national-peles\/#primaryimage","url":"https:\/\/librarie.peles.ro\/wp-content\/uploads\/2020\/11\/coperta_sticla-scaled-1.jpg","contentUrl":"https:\/\/librarie.peles.ro\/wp-content\/uploads\/2020\/11\/coperta_sticla-scaled-1.jpg","width":2086,"height":2560},{"@type":"BreadcrumbList","@id":"https:\/\/librarie.peles.ro\/ro\/product\/colectia-de-sticla-a-muzeului-national-peles\/#breadcrumb","itemListElement":[{"@type":"ListItem","position":1,"name":"Home","item":"https:\/\/librarie.peles.ro\/ro\/"},{"@type":"ListItem","position":2,"name":"Shop","item":"https:\/\/librarie.peles.ro\/ro\/shop\/"},{"@type":"ListItem","position":3,"name":"Colec\u021bia de sticl\u0103 a Muzeului Na\u021bional Pele\u0219"}]},{"@type":"WebSite","@id":"https:\/\/librarie.peles.ro\/ro\/#website","url":"https:\/\/librarie.peles.ro\/ro\/","name":"Libr\u0103rie","description":"Muzeul Na\u021bional Pele\u0219","publisher":{"@id":"https:\/\/librarie.peles.ro\/ro\/#organization"},"potentialAction":[{"@type":"SearchAction","target":{"@type":"EntryPoint","urlTemplate":"https:\/\/librarie.peles.ro\/ro\/?s={search_term_string}"},"query-input":{"@type":"PropertyValueSpecification","valueRequired":true,"valueName":"search_term_string"}}],"inLanguage":"en-GB"},{"@type":"Organization","@id":"https:\/\/librarie.peles.ro\/ro\/#organization","name":"Libr\u0103rie","url":"https:\/\/librarie.peles.ro\/ro\/","logo":{"@type":"ImageObject","inLanguage":"en-GB","@id":"https:\/\/librarie.peles.ro\/ro\/#\/schema\/logo\/image\/","url":"https:\/\/librarie.peles.ro\/wp-content\/uploads\/2025\/01\/Logo-1.png","contentUrl":"https:\/\/librarie.peles.ro\/wp-content\/uploads\/2025\/01\/Logo-1.png","width":1046,"height":200,"caption":"Libr\u0103rie"},"image":{"@id":"https:\/\/librarie.peles.ro\/ro\/#\/schema\/logo\/image\/"},"sameAs":["https:\/\/www.facebook.com\/muzeulnationalpeles","https:\/\/x.com\/MuzeulP","https:\/\/www.instagram.com\/muzeul_national_peles\/","https:\/\/www.youtube.com\/@muzeulnationalpeles7162","https:\/\/www.tiktok.com\/@muzeulnationalpeles"]}]}},"_links":{"self":[{"href":"https:\/\/librarie.peles.ro\/en\/wp-json\/wp\/v2\/product\/352","targetHints":{"allow":["GET"]}}],"collection":[{"href":"https:\/\/librarie.peles.ro\/en\/wp-json\/wp\/v2\/product"}],"about":[{"href":"https:\/\/librarie.peles.ro\/en\/wp-json\/wp\/v2\/types\/product"}],"replies":[{"embeddable":true,"href":"https:\/\/librarie.peles.ro\/en\/wp-json\/wp\/v2\/comments?post=352"}],"version-history":[{"count":1,"href":"https:\/\/librarie.peles.ro\/en\/wp-json\/wp\/v2\/product\/352\/revisions"}],"predecessor-version":[{"id":1946,"href":"https:\/\/librarie.peles.ro\/en\/wp-json\/wp\/v2\/product\/352\/revisions\/1946"}],"wp:featuredmedia":[{"embeddable":true,"href":"https:\/\/librarie.peles.ro\/en\/wp-json\/wp\/v2\/media\/353"}],"wp:attachment":[{"href":"https:\/\/librarie.peles.ro\/en\/wp-json\/wp\/v2\/media?parent=352"}],"wp:term":[{"taxonomy":"product_brand","embeddable":true,"href":"https:\/\/librarie.peles.ro\/en\/wp-json\/wp\/v2\/product_brand?post=352"},{"taxonomy":"product_cat","embeddable":true,"href":"https:\/\/librarie.peles.ro\/en\/wp-json\/wp\/v2\/product_cat?post=352"},{"taxonomy":"product_tag","embeddable":true,"href":"https:\/\/librarie.peles.ro\/en\/wp-json\/wp\/v2\/product_tag?post=352"}],"curies":[{"name":"wp","href":"https:\/\/api.w.org\/{rel}","templated":true}]}}