{"id":2275,"date":"2026-01-12T12:03:50","date_gmt":"2026-01-12T12:03:50","guid":{"rendered":"https:\/\/librarie.peles.ro\/?post_type=product&#038;p=2275"},"modified":"2026-02-06T11:16:36","modified_gmt":"2026-02-06T11:16:36","slug":"castelul-peles-file-de-istorie-1930-1948","status":"publish","type":"product","link":"https:\/\/librarie.peles.ro\/en\/product\/castelul-peles-file-de-istorie-1930-1948\/","title":{"rendered":"Castelul Pele\u0219 file de istorie: 1930-1948"},"content":{"rendered":"<p>Proasp\u0103t ie\u0219it\u0103 din tipar, monografia istoric\u0103 a re\u0219edin\u021bei regale de la poalele Bucegilor, aduce \u00een aten\u021bia cititorului, prin cele 945 de pagini, evenimentele oficiale de la Curtea Regal\u0103 a Rom\u00e2niei, precum \u0219i episoadele importante din via\u021ba membrilor Familiei regale desf\u0103\u0219urate la Sinaia (c\u0103s\u0103toria principesei Ileana, Semicentenarul castelului Pele\u0219, moartea reginei Maria, plecarea \u00een exil a regelui Mihai I). Autorul reu\u0219e\u0219te s\u0103 recreeze atmosfera festiv\u0103 a ceremoniilor regale din perioada interbelic\u0103 \u0219i, cu acribie, surprinde, \u00een acela\u0219i timp, eforturile financiare pentru conservarea \u0219i \u00eentre\u021binerea castelului Pele\u0219 \u0219i anexelor sale. Valorific\u00e2nd mii de documente inedite din Fondurile Arhivelor Na\u021bionale ale Rom\u00e2niei \u0219i din Arhiva Muzeului National Pele\u0219, istoricul Narcis Dorin Ion creioneaz\u0103 o fresc\u0103 a re\u0219edin\u021bei estivale din perioada ultimilor doi regi ai Rom\u00e2niei.<\/p>","protected":false},"excerpt":{"rendered":"<p>Format: 20&#215;27 cm <br \/>\nNum\u0103r pagini: 945 <br \/>\nAnul apari\u021biei: 2025 <br \/>\nISBN: 978-606-622-815-2<\/p>","protected":false},"featured_media":2276,"comment_status":"open","ping_status":"closed","template":"","meta":[],"product_brand":[],"product_cat":[15],"product_tag":[],"class_list":{"0":"post-2275","1":"product","2":"type-product","3":"status-publish","4":"has-post-thumbnail","6":"product_cat-uncategorized","8":"first","9":"instock","10":"shipping-taxable","11":"purchasable","12":"product-type-simple"},"yoast_head":"<!-- This site is optimized with the Yoast SEO plugin v27.4 - https:\/\/yoast.com\/product\/yoast-seo-wordpress\/ -->\n<title>Castelul Pele\u0219 file de istorie: 1930-1948 - Libr\u0103rie<\/title>\n<meta name=\"robots\" content=\"noindex, follow, max-snippet:-1, max-image-preview:large, max-video-preview:-1\" \/>\n<meta property=\"og:locale\" content=\"en_GB\" \/>\n<meta property=\"og:type\" content=\"article\" \/>\n<meta property=\"og:title\" content=\"Castelul Pele\u0219 file de istorie: 1930-1948 - Libr\u0103rie\" \/>\n<meta property=\"og:description\" content=\"Format: 20x27 cm  Num\u0103r pagini: 945  Anul apari\u021biei: 2025  ISBN: 978-606-622-815-2\" \/>\n<meta property=\"og:url\" content=\"https:\/\/librarie.peles.ro\/en\/product\/castelul-peles-file-de-istorie-1930-1948\/\" \/>\n<meta property=\"og:site_name\" content=\"Libr\u0103rie\" \/>\n<meta property=\"article:publisher\" content=\"https:\/\/www.facebook.com\/muzeulnationalpeles\" \/>\n<meta property=\"article:modified_time\" content=\"2026-02-06T11:16:36+00:00\" \/>\n<meta property=\"og:image\" content=\"https:\/\/librarie.peles.ro\/wp-content\/uploads\/2026\/01\/IMG_1384.jpeg\" \/>\n\t<meta property=\"og:image:width\" content=\"1165\" \/>\n\t<meta property=\"og:image:height\" content=\"1595\" \/>\n\t<meta property=\"og:image:type\" content=\"image\/jpeg\" \/>\n<meta name=\"twitter:card\" content=\"summary_large_image\" \/>\n<meta name=\"twitter:site\" content=\"@MuzeulP\" \/>\n<meta name=\"twitter:label1\" content=\"Estimated reading time\" \/>\n\t<meta name=\"twitter:data1\" content=\"1 minute\" \/>\n<script type=\"application\/ld+json\" class=\"yoast-schema-graph\">{\"@context\":\"https:\\\/\\\/schema.org\",\"@graph\":[{\"@type\":\"WebPage\",\"@id\":\"https:\\\/\\\/librarie.peles.ro\\\/product\\\/castelul-peles-file-de-istorie-1930-1948\\\/\",\"url\":\"https:\\\/\\\/librarie.peles.ro\\\/product\\\/castelul-peles-file-de-istorie-1930-1948\\\/\",\"name\":\"Castelul Pele\u0219 file de istorie: 1930-1948 - Libr\u0103rie\",\"isPartOf\":{\"@id\":\"https:\\\/\\\/librarie.peles.ro\\\/ro\\\/#website\"},\"primaryImageOfPage\":{\"@id\":\"https:\\\/\\\/librarie.peles.ro\\\/product\\\/castelul-peles-file-de-istorie-1930-1948\\\/#primaryimage\"},\"image\":{\"@id\":\"https:\\\/\\\/librarie.peles.ro\\\/product\\\/castelul-peles-file-de-istorie-1930-1948\\\/#primaryimage\"},\"thumbnailUrl\":\"https:\\\/\\\/librarie.peles.ro\\\/wp-content\\\/uploads\\\/2026\\\/01\\\/IMG_1384.jpeg\",\"datePublished\":\"2026-01-12T12:03:50+00:00\",\"dateModified\":\"2026-02-06T11:16:36+00:00\",\"breadcrumb\":{\"@id\":\"https:\\\/\\\/librarie.peles.ro\\\/product\\\/castelul-peles-file-de-istorie-1930-1948\\\/#breadcrumb\"},\"inLanguage\":\"en-GB\",\"potentialAction\":[{\"@type\":\"ReadAction\",\"target\":[\"https:\\\/\\\/librarie.peles.ro\\\/product\\\/castelul-peles-file-de-istorie-1930-1948\\\/\"]}]},{\"@type\":\"ImageObject\",\"inLanguage\":\"en-GB\",\"@id\":\"https:\\\/\\\/librarie.peles.ro\\\/product\\\/castelul-peles-file-de-istorie-1930-1948\\\/#primaryimage\",\"url\":\"https:\\\/\\\/librarie.peles.ro\\\/wp-content\\\/uploads\\\/2026\\\/01\\\/IMG_1384.jpeg\",\"contentUrl\":\"https:\\\/\\\/librarie.peles.ro\\\/wp-content\\\/uploads\\\/2026\\\/01\\\/IMG_1384.jpeg\",\"width\":1165,\"height\":1595},{\"@type\":\"BreadcrumbList\",\"@id\":\"https:\\\/\\\/librarie.peles.ro\\\/product\\\/castelul-peles-file-de-istorie-1930-1948\\\/#breadcrumb\",\"itemListElement\":[{\"@type\":\"ListItem\",\"position\":1,\"name\":\"Home\",\"item\":\"https:\\\/\\\/librarie.peles.ro\\\/ro\\\/\"},{\"@type\":\"ListItem\",\"position\":2,\"name\":\"Shop\",\"item\":\"https:\\\/\\\/librarie.peles.ro\\\/ro\\\/shop\\\/\"},{\"@type\":\"ListItem\",\"position\":3,\"name\":\"Castelul Pele\u0219 file de istorie: 1930-1948\"}]},{\"@type\":\"WebSite\",\"@id\":\"https:\\\/\\\/librarie.peles.ro\\\/ro\\\/#website\",\"url\":\"https:\\\/\\\/librarie.peles.ro\\\/ro\\\/\",\"name\":\"Libr\u0103rie\",\"description\":\"Muzeul Na\u021bional Pele\u0219\",\"publisher\":{\"@id\":\"https:\\\/\\\/librarie.peles.ro\\\/ro\\\/#organization\"},\"potentialAction\":[{\"@type\":\"SearchAction\",\"target\":{\"@type\":\"EntryPoint\",\"urlTemplate\":\"https:\\\/\\\/librarie.peles.ro\\\/ro\\\/?s={search_term_string}\"},\"query-input\":{\"@type\":\"PropertyValueSpecification\",\"valueRequired\":true,\"valueName\":\"search_term_string\"}}],\"inLanguage\":\"en-GB\"},{\"@type\":\"Organization\",\"@id\":\"https:\\\/\\\/librarie.peles.ro\\\/ro\\\/#organization\",\"name\":\"Libr\u0103rie\",\"url\":\"https:\\\/\\\/librarie.peles.ro\\\/ro\\\/\",\"logo\":{\"@type\":\"ImageObject\",\"inLanguage\":\"en-GB\",\"@id\":\"https:\\\/\\\/librarie.peles.ro\\\/ro\\\/#\\\/schema\\\/logo\\\/image\\\/\",\"url\":\"https:\\\/\\\/librarie.peles.ro\\\/wp-content\\\/uploads\\\/2025\\\/01\\\/Logo-1.png\",\"contentUrl\":\"https:\\\/\\\/librarie.peles.ro\\\/wp-content\\\/uploads\\\/2025\\\/01\\\/Logo-1.png\",\"width\":1046,\"height\":200,\"caption\":\"Libr\u0103rie\"},\"image\":{\"@id\":\"https:\\\/\\\/librarie.peles.ro\\\/ro\\\/#\\\/schema\\\/logo\\\/image\\\/\"},\"sameAs\":[\"https:\\\/\\\/www.facebook.com\\\/muzeulnationalpeles\",\"https:\\\/\\\/x.com\\\/MuzeulP\",\"https:\\\/\\\/www.instagram.com\\\/muzeul_national_peles\\\/\",\"https:\\\/\\\/www.youtube.com\\\/@muzeulnationalpeles7162\",\"https:\\\/\\\/www.tiktok.com\\\/@muzeulnationalpeles\"]}]}<\/script>\n<!-- \/ Yoast SEO plugin. -->","yoast_head_json":{"title":"Castelul Pele\u0219 file de istorie: 1930-1948 - Libr\u0103rie","robots":{"index":"noindex","follow":"follow","max-snippet":"max-snippet:-1","max-image-preview":"max-image-preview:large","max-video-preview":"max-video-preview:-1"},"og_locale":"en_GB","og_type":"article","og_title":"Castelul Pele\u0219 file de istorie: 1930-1948 - Libr\u0103rie","og_description":"Format: 20x27 cm  Num\u0103r pagini: 945  Anul apari\u021biei: 2025  ISBN: 978-606-622-815-2","og_url":"https:\/\/librarie.peles.ro\/en\/product\/castelul-peles-file-de-istorie-1930-1948\/","og_site_name":"Libr\u0103rie","article_publisher":"https:\/\/www.facebook.com\/muzeulnationalpeles","article_modified_time":"2026-02-06T11:16:36+00:00","og_image":[{"width":1165,"height":1595,"url":"https:\/\/librarie.peles.ro\/wp-content\/uploads\/2026\/01\/IMG_1384.jpeg","type":"image\/jpeg"}],"twitter_card":"summary_large_image","twitter_site":"@MuzeulP","twitter_misc":{"Estimated reading time":"1 minute"},"schema":{"@context":"https:\/\/schema.org","@graph":[{"@type":"WebPage","@id":"https:\/\/librarie.peles.ro\/product\/castelul-peles-file-de-istorie-1930-1948\/","url":"https:\/\/librarie.peles.ro\/product\/castelul-peles-file-de-istorie-1930-1948\/","name":"Castelul Pele\u0219 file de istorie: 1930-1948 - Libr\u0103rie","isPartOf":{"@id":"https:\/\/librarie.peles.ro\/ro\/#website"},"primaryImageOfPage":{"@id":"https:\/\/librarie.peles.ro\/product\/castelul-peles-file-de-istorie-1930-1948\/#primaryimage"},"image":{"@id":"https:\/\/librarie.peles.ro\/product\/castelul-peles-file-de-istorie-1930-1948\/#primaryimage"},"thumbnailUrl":"https:\/\/librarie.peles.ro\/wp-content\/uploads\/2026\/01\/IMG_1384.jpeg","datePublished":"2026-01-12T12:03:50+00:00","dateModified":"2026-02-06T11:16:36+00:00","breadcrumb":{"@id":"https:\/\/librarie.peles.ro\/product\/castelul-peles-file-de-istorie-1930-1948\/#breadcrumb"},"inLanguage":"en-GB","potentialAction":[{"@type":"ReadAction","target":["https:\/\/librarie.peles.ro\/product\/castelul-peles-file-de-istorie-1930-1948\/"]}]},{"@type":"ImageObject","inLanguage":"en-GB","@id":"https:\/\/librarie.peles.ro\/product\/castelul-peles-file-de-istorie-1930-1948\/#primaryimage","url":"https:\/\/librarie.peles.ro\/wp-content\/uploads\/2026\/01\/IMG_1384.jpeg","contentUrl":"https:\/\/librarie.peles.ro\/wp-content\/uploads\/2026\/01\/IMG_1384.jpeg","width":1165,"height":1595},{"@type":"BreadcrumbList","@id":"https:\/\/librarie.peles.ro\/product\/castelul-peles-file-de-istorie-1930-1948\/#breadcrumb","itemListElement":[{"@type":"ListItem","position":1,"name":"Home","item":"https:\/\/librarie.peles.ro\/ro\/"},{"@type":"ListItem","position":2,"name":"Shop","item":"https:\/\/librarie.peles.ro\/ro\/shop\/"},{"@type":"ListItem","position":3,"name":"Castelul Pele\u0219 file de istorie: 1930-1948"}]},{"@type":"WebSite","@id":"https:\/\/librarie.peles.ro\/ro\/#website","url":"https:\/\/librarie.peles.ro\/ro\/","name":"Libr\u0103rie","description":"Muzeul Na\u021bional Pele\u0219","publisher":{"@id":"https:\/\/librarie.peles.ro\/ro\/#organization"},"potentialAction":[{"@type":"SearchAction","target":{"@type":"EntryPoint","urlTemplate":"https:\/\/librarie.peles.ro\/ro\/?s={search_term_string}"},"query-input":{"@type":"PropertyValueSpecification","valueRequired":true,"valueName":"search_term_string"}}],"inLanguage":"en-GB"},{"@type":"Organization","@id":"https:\/\/librarie.peles.ro\/ro\/#organization","name":"Libr\u0103rie","url":"https:\/\/librarie.peles.ro\/ro\/","logo":{"@type":"ImageObject","inLanguage":"en-GB","@id":"https:\/\/librarie.peles.ro\/ro\/#\/schema\/logo\/image\/","url":"https:\/\/librarie.peles.ro\/wp-content\/uploads\/2025\/01\/Logo-1.png","contentUrl":"https:\/\/librarie.peles.ro\/wp-content\/uploads\/2025\/01\/Logo-1.png","width":1046,"height":200,"caption":"Libr\u0103rie"},"image":{"@id":"https:\/\/librarie.peles.ro\/ro\/#\/schema\/logo\/image\/"},"sameAs":["https:\/\/www.facebook.com\/muzeulnationalpeles","https:\/\/x.com\/MuzeulP","https:\/\/www.instagram.com\/muzeul_national_peles\/","https:\/\/www.youtube.com\/@muzeulnationalpeles7162","https:\/\/www.tiktok.com\/@muzeulnationalpeles"]}]}},"_links":{"self":[{"href":"https:\/\/librarie.peles.ro\/en\/wp-json\/wp\/v2\/product\/2275","targetHints":{"allow":["GET"]}}],"collection":[{"href":"https:\/\/librarie.peles.ro\/en\/wp-json\/wp\/v2\/product"}],"about":[{"href":"https:\/\/librarie.peles.ro\/en\/wp-json\/wp\/v2\/types\/product"}],"replies":[{"embeddable":true,"href":"https:\/\/librarie.peles.ro\/en\/wp-json\/wp\/v2\/comments?post=2275"}],"version-history":[{"count":1,"href":"https:\/\/librarie.peles.ro\/en\/wp-json\/wp\/v2\/product\/2275\/revisions"}],"predecessor-version":[{"id":2277,"href":"https:\/\/librarie.peles.ro\/en\/wp-json\/wp\/v2\/product\/2275\/revisions\/2277"}],"wp:featuredmedia":[{"embeddable":true,"href":"https:\/\/librarie.peles.ro\/en\/wp-json\/wp\/v2\/media\/2276"}],"wp:attachment":[{"href":"https:\/\/librarie.peles.ro\/en\/wp-json\/wp\/v2\/media?parent=2275"}],"wp:term":[{"taxonomy":"product_brand","embeddable":true,"href":"https:\/\/librarie.peles.ro\/en\/wp-json\/wp\/v2\/product_brand?post=2275"},{"taxonomy":"product_cat","embeddable":true,"href":"https:\/\/librarie.peles.ro\/en\/wp-json\/wp\/v2\/product_cat?post=2275"},{"taxonomy":"product_tag","embeddable":true,"href":"https:\/\/librarie.peles.ro\/en\/wp-json\/wp\/v2\/product_tag?post=2275"}],"curies":[{"name":"wp","href":"https:\/\/api.w.org\/{rel}","templated":true}]}}