{"id":2266,"date":"2026-01-12T11:54:47","date_gmt":"2026-01-12T11:54:47","guid":{"rendered":"https:\/\/librarie.peles.ro\/?post_type=product&#038;p=2266"},"modified":"2026-02-10T12:25:51","modified_gmt":"2026-02-10T12:25:51","slug":"principii-si-principesele-romaniei-elisabeta","status":"publish","type":"product","link":"https:\/\/librarie.peles.ro\/en\/product\/principii-si-principesele-romaniei-elisabeta\/","title":{"rendered":"Principii \u0219i principesele Rom\u00e2niei: Elisabeta"},"content":{"rendered":"<p><em>Continu\u0103m seria de albume monografice ini\u021biat\u0103 \u00een anul 2023, dedicat\u0103 vie\u021bii principilor \u0219i principeselor Rom\u00e2niei. Dup\u0103 expozi\u021bia organizat\u0103 \u00een 2023 la Muzeul Na\u021bional Pele\u015f \u0219i volumul \u00eenchinat principelui mo\u015ftenitor Carol al Rom\u00e2niei, \u00een anul 2025 a fost vernisat\u0103, la 5 septembrie, expozi\u021bia intitulat\u0103 Principii \u0219i principesele Rom\u00e2niei. Dat fiind materialul vast pe baza c\u0103ruia am reconstituit biografiile principeselor Maria, Marioara (Mignon), Elisabeta \u0219i Ileana, pe de o parte, dar \u0219i ale principilor Nicolae \u0219i Mircea, catalogul acestei expozi\u021bii va fi editat \u00een mai multe volume.<\/em><br \/>\n<br \/>\n<em>Primul volum abordeaz\u0103, separat, biografia principesei Elisabeta.<\/em><\/p>\n<p style=\"text-align: right;\">Dr. Narcis Dorin Ion<\/p>","protected":false},"excerpt":{"rendered":"<p>Format: 22&#215;24 cm<br \/>\nNum\u0103r pagini: 199<br \/>\nAnul apari\u021biei: 2025<br \/>\nISBN: 978-606-622-811-4<\/p>","protected":false},"featured_media":2267,"comment_status":"open","ping_status":"closed","template":"","meta":[],"product_brand":[],"product_cat":[15],"product_tag":[],"class_list":{"0":"post-2266","1":"product","2":"type-product","3":"status-publish","4":"has-post-thumbnail","6":"product_cat-uncategorized","8":"first","9":"instock","10":"shipping-taxable","11":"purchasable","12":"product-type-simple"},"yoast_head":"<!-- This site is optimized with the Yoast SEO plugin v27.4 - https:\/\/yoast.com\/product\/yoast-seo-wordpress\/ -->\n<title>Principii \u0219i principesele Rom\u00e2niei: Elisabeta - Libr\u0103rie<\/title>\n<meta name=\"robots\" content=\"noindex, follow, max-snippet:-1, max-image-preview:large, max-video-preview:-1\" \/>\n<meta property=\"og:locale\" content=\"en_GB\" \/>\n<meta property=\"og:type\" content=\"article\" \/>\n<meta property=\"og:title\" content=\"Principii \u0219i principesele Rom\u00e2niei: Elisabeta - Libr\u0103rie\" \/>\n<meta property=\"og:description\" content=\"Format: 22x24 cm Num\u0103r pagini: 199 Anul apari\u021biei: 2025 ISBN: 978-606-622-811-4\" \/>\n<meta property=\"og:url\" content=\"https:\/\/librarie.peles.ro\/en\/product\/principii-si-principesele-romaniei-elisabeta\/\" \/>\n<meta property=\"og:site_name\" content=\"Libr\u0103rie\" \/>\n<meta property=\"article:publisher\" content=\"https:\/\/www.facebook.com\/muzeulnationalpeles\" \/>\n<meta property=\"article:modified_time\" content=\"2026-02-10T12:25:51+00:00\" \/>\n<meta property=\"og:image\" content=\"https:\/\/librarie.peles.ro\/wp-content\/uploads\/2026\/01\/IMG_1385.jpeg\" \/>\n\t<meta property=\"og:image:width\" content=\"1277\" \/>\n\t<meta property=\"og:image:height\" content=\"1388\" \/>\n\t<meta property=\"og:image:type\" content=\"image\/jpeg\" \/>\n<meta name=\"twitter:card\" content=\"summary_large_image\" \/>\n<meta name=\"twitter:site\" content=\"@MuzeulP\" \/>\n<meta name=\"twitter:label1\" content=\"Estimated reading time\" \/>\n\t<meta name=\"twitter:data1\" content=\"1 minute\" \/>\n<script type=\"application\/ld+json\" class=\"yoast-schema-graph\">{\"@context\":\"https:\\\/\\\/schema.org\",\"@graph\":[{\"@type\":\"WebPage\",\"@id\":\"https:\\\/\\\/librarie.peles.ro\\\/product\\\/principii-si-principesele-romaniei-elisabeta\\\/\",\"url\":\"https:\\\/\\\/librarie.peles.ro\\\/product\\\/principii-si-principesele-romaniei-elisabeta\\\/\",\"name\":\"Principii \u0219i principesele Rom\u00e2niei: Elisabeta - Libr\u0103rie\",\"isPartOf\":{\"@id\":\"https:\\\/\\\/librarie.peles.ro\\\/ro\\\/#website\"},\"primaryImageOfPage\":{\"@id\":\"https:\\\/\\\/librarie.peles.ro\\\/product\\\/principii-si-principesele-romaniei-elisabeta\\\/#primaryimage\"},\"image\":{\"@id\":\"https:\\\/\\\/librarie.peles.ro\\\/product\\\/principii-si-principesele-romaniei-elisabeta\\\/#primaryimage\"},\"thumbnailUrl\":\"https:\\\/\\\/librarie.peles.ro\\\/wp-content\\\/uploads\\\/2026\\\/01\\\/IMG_1385.jpeg\",\"datePublished\":\"2026-01-12T11:54:47+00:00\",\"dateModified\":\"2026-02-10T12:25:51+00:00\",\"breadcrumb\":{\"@id\":\"https:\\\/\\\/librarie.peles.ro\\\/product\\\/principii-si-principesele-romaniei-elisabeta\\\/#breadcrumb\"},\"inLanguage\":\"en-GB\",\"potentialAction\":[{\"@type\":\"ReadAction\",\"target\":[\"https:\\\/\\\/librarie.peles.ro\\\/product\\\/principii-si-principesele-romaniei-elisabeta\\\/\"]}]},{\"@type\":\"ImageObject\",\"inLanguage\":\"en-GB\",\"@id\":\"https:\\\/\\\/librarie.peles.ro\\\/product\\\/principii-si-principesele-romaniei-elisabeta\\\/#primaryimage\",\"url\":\"https:\\\/\\\/librarie.peles.ro\\\/wp-content\\\/uploads\\\/2026\\\/01\\\/IMG_1385.jpeg\",\"contentUrl\":\"https:\\\/\\\/librarie.peles.ro\\\/wp-content\\\/uploads\\\/2026\\\/01\\\/IMG_1385.jpeg\",\"width\":1277,\"height\":1388},{\"@type\":\"BreadcrumbList\",\"@id\":\"https:\\\/\\\/librarie.peles.ro\\\/product\\\/principii-si-principesele-romaniei-elisabeta\\\/#breadcrumb\",\"itemListElement\":[{\"@type\":\"ListItem\",\"position\":1,\"name\":\"Home\",\"item\":\"https:\\\/\\\/librarie.peles.ro\\\/ro\\\/\"},{\"@type\":\"ListItem\",\"position\":2,\"name\":\"Shop\",\"item\":\"https:\\\/\\\/librarie.peles.ro\\\/ro\\\/shop\\\/\"},{\"@type\":\"ListItem\",\"position\":3,\"name\":\"Principii \u0219i principesele Rom\u00e2niei: Elisabeta\"}]},{\"@type\":\"WebSite\",\"@id\":\"https:\\\/\\\/librarie.peles.ro\\\/ro\\\/#website\",\"url\":\"https:\\\/\\\/librarie.peles.ro\\\/ro\\\/\",\"name\":\"Libr\u0103rie\",\"description\":\"Muzeul Na\u021bional Pele\u0219\",\"publisher\":{\"@id\":\"https:\\\/\\\/librarie.peles.ro\\\/ro\\\/#organization\"},\"potentialAction\":[{\"@type\":\"SearchAction\",\"target\":{\"@type\":\"EntryPoint\",\"urlTemplate\":\"https:\\\/\\\/librarie.peles.ro\\\/ro\\\/?s={search_term_string}\"},\"query-input\":{\"@type\":\"PropertyValueSpecification\",\"valueRequired\":true,\"valueName\":\"search_term_string\"}}],\"inLanguage\":\"en-GB\"},{\"@type\":\"Organization\",\"@id\":\"https:\\\/\\\/librarie.peles.ro\\\/ro\\\/#organization\",\"name\":\"Libr\u0103rie\",\"url\":\"https:\\\/\\\/librarie.peles.ro\\\/ro\\\/\",\"logo\":{\"@type\":\"ImageObject\",\"inLanguage\":\"en-GB\",\"@id\":\"https:\\\/\\\/librarie.peles.ro\\\/ro\\\/#\\\/schema\\\/logo\\\/image\\\/\",\"url\":\"https:\\\/\\\/librarie.peles.ro\\\/wp-content\\\/uploads\\\/2025\\\/01\\\/Logo-1.png\",\"contentUrl\":\"https:\\\/\\\/librarie.peles.ro\\\/wp-content\\\/uploads\\\/2025\\\/01\\\/Logo-1.png\",\"width\":1046,\"height\":200,\"caption\":\"Libr\u0103rie\"},\"image\":{\"@id\":\"https:\\\/\\\/librarie.peles.ro\\\/ro\\\/#\\\/schema\\\/logo\\\/image\\\/\"},\"sameAs\":[\"https:\\\/\\\/www.facebook.com\\\/muzeulnationalpeles\",\"https:\\\/\\\/x.com\\\/MuzeulP\",\"https:\\\/\\\/www.instagram.com\\\/muzeul_national_peles\\\/\",\"https:\\\/\\\/www.youtube.com\\\/@muzeulnationalpeles7162\",\"https:\\\/\\\/www.tiktok.com\\\/@muzeulnationalpeles\"]}]}<\/script>\n<!-- \/ Yoast SEO plugin. -->","yoast_head_json":{"title":"Principii \u0219i principesele Rom\u00e2niei: Elisabeta - Libr\u0103rie","robots":{"index":"noindex","follow":"follow","max-snippet":"max-snippet:-1","max-image-preview":"max-image-preview:large","max-video-preview":"max-video-preview:-1"},"og_locale":"en_GB","og_type":"article","og_title":"Principii \u0219i principesele Rom\u00e2niei: Elisabeta - Libr\u0103rie","og_description":"Format: 22x24 cm Num\u0103r pagini: 199 Anul apari\u021biei: 2025 ISBN: 978-606-622-811-4","og_url":"https:\/\/librarie.peles.ro\/en\/product\/principii-si-principesele-romaniei-elisabeta\/","og_site_name":"Libr\u0103rie","article_publisher":"https:\/\/www.facebook.com\/muzeulnationalpeles","article_modified_time":"2026-02-10T12:25:51+00:00","og_image":[{"width":1277,"height":1388,"url":"https:\/\/librarie.peles.ro\/wp-content\/uploads\/2026\/01\/IMG_1385.jpeg","type":"image\/jpeg"}],"twitter_card":"summary_large_image","twitter_site":"@MuzeulP","twitter_misc":{"Estimated reading time":"1 minute"},"schema":{"@context":"https:\/\/schema.org","@graph":[{"@type":"WebPage","@id":"https:\/\/librarie.peles.ro\/product\/principii-si-principesele-romaniei-elisabeta\/","url":"https:\/\/librarie.peles.ro\/product\/principii-si-principesele-romaniei-elisabeta\/","name":"Principii \u0219i principesele Rom\u00e2niei: Elisabeta - Libr\u0103rie","isPartOf":{"@id":"https:\/\/librarie.peles.ro\/ro\/#website"},"primaryImageOfPage":{"@id":"https:\/\/librarie.peles.ro\/product\/principii-si-principesele-romaniei-elisabeta\/#primaryimage"},"image":{"@id":"https:\/\/librarie.peles.ro\/product\/principii-si-principesele-romaniei-elisabeta\/#primaryimage"},"thumbnailUrl":"https:\/\/librarie.peles.ro\/wp-content\/uploads\/2026\/01\/IMG_1385.jpeg","datePublished":"2026-01-12T11:54:47+00:00","dateModified":"2026-02-10T12:25:51+00:00","breadcrumb":{"@id":"https:\/\/librarie.peles.ro\/product\/principii-si-principesele-romaniei-elisabeta\/#breadcrumb"},"inLanguage":"en-GB","potentialAction":[{"@type":"ReadAction","target":["https:\/\/librarie.peles.ro\/product\/principii-si-principesele-romaniei-elisabeta\/"]}]},{"@type":"ImageObject","inLanguage":"en-GB","@id":"https:\/\/librarie.peles.ro\/product\/principii-si-principesele-romaniei-elisabeta\/#primaryimage","url":"https:\/\/librarie.peles.ro\/wp-content\/uploads\/2026\/01\/IMG_1385.jpeg","contentUrl":"https:\/\/librarie.peles.ro\/wp-content\/uploads\/2026\/01\/IMG_1385.jpeg","width":1277,"height":1388},{"@type":"BreadcrumbList","@id":"https:\/\/librarie.peles.ro\/product\/principii-si-principesele-romaniei-elisabeta\/#breadcrumb","itemListElement":[{"@type":"ListItem","position":1,"name":"Home","item":"https:\/\/librarie.peles.ro\/ro\/"},{"@type":"ListItem","position":2,"name":"Shop","item":"https:\/\/librarie.peles.ro\/ro\/shop\/"},{"@type":"ListItem","position":3,"name":"Principii \u0219i principesele Rom\u00e2niei: Elisabeta"}]},{"@type":"WebSite","@id":"https:\/\/librarie.peles.ro\/ro\/#website","url":"https:\/\/librarie.peles.ro\/ro\/","name":"Libr\u0103rie","description":"Muzeul Na\u021bional Pele\u0219","publisher":{"@id":"https:\/\/librarie.peles.ro\/ro\/#organization"},"potentialAction":[{"@type":"SearchAction","target":{"@type":"EntryPoint","urlTemplate":"https:\/\/librarie.peles.ro\/ro\/?s={search_term_string}"},"query-input":{"@type":"PropertyValueSpecification","valueRequired":true,"valueName":"search_term_string"}}],"inLanguage":"en-GB"},{"@type":"Organization","@id":"https:\/\/librarie.peles.ro\/ro\/#organization","name":"Libr\u0103rie","url":"https:\/\/librarie.peles.ro\/ro\/","logo":{"@type":"ImageObject","inLanguage":"en-GB","@id":"https:\/\/librarie.peles.ro\/ro\/#\/schema\/logo\/image\/","url":"https:\/\/librarie.peles.ro\/wp-content\/uploads\/2025\/01\/Logo-1.png","contentUrl":"https:\/\/librarie.peles.ro\/wp-content\/uploads\/2025\/01\/Logo-1.png","width":1046,"height":200,"caption":"Libr\u0103rie"},"image":{"@id":"https:\/\/librarie.peles.ro\/ro\/#\/schema\/logo\/image\/"},"sameAs":["https:\/\/www.facebook.com\/muzeulnationalpeles","https:\/\/x.com\/MuzeulP","https:\/\/www.instagram.com\/muzeul_national_peles\/","https:\/\/www.youtube.com\/@muzeulnationalpeles7162","https:\/\/www.tiktok.com\/@muzeulnationalpeles"]}]}},"_links":{"self":[{"href":"https:\/\/librarie.peles.ro\/en\/wp-json\/wp\/v2\/product\/2266","targetHints":{"allow":["GET"]}}],"collection":[{"href":"https:\/\/librarie.peles.ro\/en\/wp-json\/wp\/v2\/product"}],"about":[{"href":"https:\/\/librarie.peles.ro\/en\/wp-json\/wp\/v2\/types\/product"}],"replies":[{"embeddable":true,"href":"https:\/\/librarie.peles.ro\/en\/wp-json\/wp\/v2\/comments?post=2266"}],"version-history":[{"count":7,"href":"https:\/\/librarie.peles.ro\/en\/wp-json\/wp\/v2\/product\/2266\/revisions"}],"predecessor-version":[{"id":2274,"href":"https:\/\/librarie.peles.ro\/en\/wp-json\/wp\/v2\/product\/2266\/revisions\/2274"}],"wp:featuredmedia":[{"embeddable":true,"href":"https:\/\/librarie.peles.ro\/en\/wp-json\/wp\/v2\/media\/2267"}],"wp:attachment":[{"href":"https:\/\/librarie.peles.ro\/en\/wp-json\/wp\/v2\/media?parent=2266"}],"wp:term":[{"taxonomy":"product_brand","embeddable":true,"href":"https:\/\/librarie.peles.ro\/en\/wp-json\/wp\/v2\/product_brand?post=2266"},{"taxonomy":"product_cat","embeddable":true,"href":"https:\/\/librarie.peles.ro\/en\/wp-json\/wp\/v2\/product_cat?post=2266"},{"taxonomy":"product_tag","embeddable":true,"href":"https:\/\/librarie.peles.ro\/en\/wp-json\/wp\/v2\/product_tag?post=2266"}],"curies":[{"name":"wp","href":"https:\/\/api.w.org\/{rel}","templated":true}]}}