{"id":2241,"date":"2025-07-29T10:34:54","date_gmt":"2025-07-29T10:34:54","guid":{"rendered":"https:\/\/librarie.peles.ro\/?post_type=product&#038;p=2241"},"modified":"2025-10-20T17:00:48","modified_gmt":"2025-10-20T17:00:48","slug":"castelul-peles-arhitectura-si-arta","status":"publish","type":"product","link":"https:\/\/librarie.peles.ro\/en\/product\/castelul-peles-arhitectura-si-arta\/","title":{"rendered":"Castelul Pele\u0219. Arhitectur\u0103 \u0219i Art\u0103"},"content":{"rendered":"<p><em>Un titlu \u00eembietor de carte pentru orice pasionat de art\u0103 \u0219i arhitectur\u0103 ne este propus de c\u0103tre un specialist \u00een domeniu, dr. Mircea-Alexandru Hortopan, director al Direc\u021biei de Patrimoniu a Muzeului Na\u021bional Pele\u0219, care posed\u0103 serioase studii \u00een domeniul istoriei \u0219i al istoriei artei. Dup\u0103 cum spune \u0219i titlul, subiectul albumului de fa\u021b\u0103 \u2013 Castelul Pele\u0219. Arhitectur\u0103 \u0219i art\u0103 \u2013 prive\u0219te construirea celui mai reprezentativ monument al fenomenului istorist de pe meleagurile noastre, ofertant pentru cele dou\u0103 aspecte pe care autorul le analizeaz\u0103 din punct de vedere stilistic, integr\u00e2ndu-le cronologic \u00een lunga istorie a zidirii Pele\u0219ului (1873-1914).<\/em><\/p>\n<p style=\"text-align: right;\">Dr. Narcis Dorin Ion<\/p>","protected":false},"excerpt":{"rendered":"<p>Format: 23&#215;28 cm<\/p>\n<p>Num\u0103r pagini: 612<\/p>\n<p>Anul apari\u021biei: 2025<\/p>\n<p>ISBN: 978-606-622-779-7<\/p>","protected":false},"featured_media":2242,"comment_status":"open","ping_status":"closed","template":"","meta":[],"product_brand":[],"product_cat":[15],"product_tag":[],"class_list":{"0":"post-2241","1":"product","2":"type-product","3":"status-publish","4":"has-post-thumbnail","6":"product_cat-uncategorized","8":"first","9":"instock","10":"shipping-taxable","11":"purchasable","12":"product-type-simple"},"yoast_head":"<!-- This site is optimized with the Yoast SEO plugin v27.4 - https:\/\/yoast.com\/product\/yoast-seo-wordpress\/ -->\n<title>Castelul Pele\u0219. Arhitectur\u0103 \u0219i Art\u0103 - Libr\u0103rie<\/title>\n<meta name=\"robots\" content=\"noindex, follow, max-snippet:-1, max-image-preview:large, max-video-preview:-1\" \/>\n<meta property=\"og:locale\" content=\"en_GB\" \/>\n<meta property=\"og:type\" content=\"article\" \/>\n<meta property=\"og:title\" content=\"Castelul Pele\u0219. Arhitectur\u0103 \u0219i Art\u0103 - Libr\u0103rie\" \/>\n<meta property=\"og:description\" content=\"Format: 23x28 cm Num\u0103r pagini: 612 Anul apari\u021biei: 2025 ISBN: 978-606-622-779-7\" \/>\n<meta property=\"og:url\" content=\"https:\/\/librarie.peles.ro\/en\/product\/castelul-peles-arhitectura-si-arta\/\" \/>\n<meta property=\"og:site_name\" content=\"Libr\u0103rie\" \/>\n<meta property=\"article:publisher\" content=\"https:\/\/www.facebook.com\/muzeulnationalpeles\" \/>\n<meta property=\"article:modified_time\" content=\"2025-10-20T17:00:48+00:00\" \/>\n<meta property=\"og:image\" content=\"https:\/\/librarie.peles.ro\/wp-content\/uploads\/2025\/07\/Coperta_CP_AA.jpg\" \/>\n\t<meta property=\"og:image:width\" content=\"772\" \/>\n\t<meta property=\"og:image:height\" content=\"948\" \/>\n\t<meta property=\"og:image:type\" content=\"image\/jpeg\" \/>\n<meta name=\"twitter:card\" content=\"summary_large_image\" \/>\n<meta name=\"twitter:site\" content=\"@MuzeulP\" \/>\n<meta name=\"twitter:label1\" content=\"Estimated reading time\" \/>\n\t<meta name=\"twitter:data1\" content=\"1 minute\" \/>\n<script type=\"application\/ld+json\" class=\"yoast-schema-graph\">{\"@context\":\"https:\\\/\\\/schema.org\",\"@graph\":[{\"@type\":\"WebPage\",\"@id\":\"https:\\\/\\\/librarie.peles.ro\\\/product\\\/castelul-peles-arhitectura-si-arta\\\/\",\"url\":\"https:\\\/\\\/librarie.peles.ro\\\/product\\\/castelul-peles-arhitectura-si-arta\\\/\",\"name\":\"Castelul Pele\u0219. Arhitectur\u0103 \u0219i Art\u0103 - Libr\u0103rie\",\"isPartOf\":{\"@id\":\"https:\\\/\\\/librarie.peles.ro\\\/ro\\\/#website\"},\"primaryImageOfPage\":{\"@id\":\"https:\\\/\\\/librarie.peles.ro\\\/product\\\/castelul-peles-arhitectura-si-arta\\\/#primaryimage\"},\"image\":{\"@id\":\"https:\\\/\\\/librarie.peles.ro\\\/product\\\/castelul-peles-arhitectura-si-arta\\\/#primaryimage\"},\"thumbnailUrl\":\"https:\\\/\\\/librarie.peles.ro\\\/wp-content\\\/uploads\\\/2025\\\/07\\\/Coperta_CP_AA.jpg\",\"datePublished\":\"2025-07-29T10:34:54+00:00\",\"dateModified\":\"2025-10-20T17:00:48+00:00\",\"breadcrumb\":{\"@id\":\"https:\\\/\\\/librarie.peles.ro\\\/product\\\/castelul-peles-arhitectura-si-arta\\\/#breadcrumb\"},\"inLanguage\":\"en-GB\",\"potentialAction\":[{\"@type\":\"ReadAction\",\"target\":[\"https:\\\/\\\/librarie.peles.ro\\\/product\\\/castelul-peles-arhitectura-si-arta\\\/\"]}]},{\"@type\":\"ImageObject\",\"inLanguage\":\"en-GB\",\"@id\":\"https:\\\/\\\/librarie.peles.ro\\\/product\\\/castelul-peles-arhitectura-si-arta\\\/#primaryimage\",\"url\":\"https:\\\/\\\/librarie.peles.ro\\\/wp-content\\\/uploads\\\/2025\\\/07\\\/Coperta_CP_AA.jpg\",\"contentUrl\":\"https:\\\/\\\/librarie.peles.ro\\\/wp-content\\\/uploads\\\/2025\\\/07\\\/Coperta_CP_AA.jpg\",\"width\":772,\"height\":948},{\"@type\":\"BreadcrumbList\",\"@id\":\"https:\\\/\\\/librarie.peles.ro\\\/product\\\/castelul-peles-arhitectura-si-arta\\\/#breadcrumb\",\"itemListElement\":[{\"@type\":\"ListItem\",\"position\":1,\"name\":\"Home\",\"item\":\"https:\\\/\\\/librarie.peles.ro\\\/ro\\\/\"},{\"@type\":\"ListItem\",\"position\":2,\"name\":\"Shop\",\"item\":\"https:\\\/\\\/librarie.peles.ro\\\/ro\\\/shop\\\/\"},{\"@type\":\"ListItem\",\"position\":3,\"name\":\"Castelul Pele\u0219. Arhitectur\u0103 \u0219i Art\u0103\"}]},{\"@type\":\"WebSite\",\"@id\":\"https:\\\/\\\/librarie.peles.ro\\\/ro\\\/#website\",\"url\":\"https:\\\/\\\/librarie.peles.ro\\\/ro\\\/\",\"name\":\"Libr\u0103rie\",\"description\":\"Muzeul Na\u021bional Pele\u0219\",\"publisher\":{\"@id\":\"https:\\\/\\\/librarie.peles.ro\\\/ro\\\/#organization\"},\"potentialAction\":[{\"@type\":\"SearchAction\",\"target\":{\"@type\":\"EntryPoint\",\"urlTemplate\":\"https:\\\/\\\/librarie.peles.ro\\\/ro\\\/?s={search_term_string}\"},\"query-input\":{\"@type\":\"PropertyValueSpecification\",\"valueRequired\":true,\"valueName\":\"search_term_string\"}}],\"inLanguage\":\"en-GB\"},{\"@type\":\"Organization\",\"@id\":\"https:\\\/\\\/librarie.peles.ro\\\/ro\\\/#organization\",\"name\":\"Libr\u0103rie\",\"url\":\"https:\\\/\\\/librarie.peles.ro\\\/ro\\\/\",\"logo\":{\"@type\":\"ImageObject\",\"inLanguage\":\"en-GB\",\"@id\":\"https:\\\/\\\/librarie.peles.ro\\\/ro\\\/#\\\/schema\\\/logo\\\/image\\\/\",\"url\":\"https:\\\/\\\/librarie.peles.ro\\\/wp-content\\\/uploads\\\/2025\\\/01\\\/Logo-1.png\",\"contentUrl\":\"https:\\\/\\\/librarie.peles.ro\\\/wp-content\\\/uploads\\\/2025\\\/01\\\/Logo-1.png\",\"width\":1046,\"height\":200,\"caption\":\"Libr\u0103rie\"},\"image\":{\"@id\":\"https:\\\/\\\/librarie.peles.ro\\\/ro\\\/#\\\/schema\\\/logo\\\/image\\\/\"},\"sameAs\":[\"https:\\\/\\\/www.facebook.com\\\/muzeulnationalpeles\",\"https:\\\/\\\/x.com\\\/MuzeulP\",\"https:\\\/\\\/www.instagram.com\\\/muzeul_national_peles\\\/\",\"https:\\\/\\\/www.youtube.com\\\/@muzeulnationalpeles7162\",\"https:\\\/\\\/www.tiktok.com\\\/@muzeulnationalpeles\"]}]}<\/script>\n<!-- \/ Yoast SEO plugin. -->","yoast_head_json":{"title":"Castelul Pele\u0219. Arhitectur\u0103 \u0219i Art\u0103 - Libr\u0103rie","robots":{"index":"noindex","follow":"follow","max-snippet":"max-snippet:-1","max-image-preview":"max-image-preview:large","max-video-preview":"max-video-preview:-1"},"og_locale":"en_GB","og_type":"article","og_title":"Castelul Pele\u0219. Arhitectur\u0103 \u0219i Art\u0103 - Libr\u0103rie","og_description":"Format: 23x28 cm Num\u0103r pagini: 612 Anul apari\u021biei: 2025 ISBN: 978-606-622-779-7","og_url":"https:\/\/librarie.peles.ro\/en\/product\/castelul-peles-arhitectura-si-arta\/","og_site_name":"Libr\u0103rie","article_publisher":"https:\/\/www.facebook.com\/muzeulnationalpeles","article_modified_time":"2025-10-20T17:00:48+00:00","og_image":[{"width":772,"height":948,"url":"https:\/\/librarie.peles.ro\/wp-content\/uploads\/2025\/07\/Coperta_CP_AA.jpg","type":"image\/jpeg"}],"twitter_card":"summary_large_image","twitter_site":"@MuzeulP","twitter_misc":{"Estimated reading time":"1 minute"},"schema":{"@context":"https:\/\/schema.org","@graph":[{"@type":"WebPage","@id":"https:\/\/librarie.peles.ro\/product\/castelul-peles-arhitectura-si-arta\/","url":"https:\/\/librarie.peles.ro\/product\/castelul-peles-arhitectura-si-arta\/","name":"Castelul Pele\u0219. Arhitectur\u0103 \u0219i Art\u0103 - Libr\u0103rie","isPartOf":{"@id":"https:\/\/librarie.peles.ro\/ro\/#website"},"primaryImageOfPage":{"@id":"https:\/\/librarie.peles.ro\/product\/castelul-peles-arhitectura-si-arta\/#primaryimage"},"image":{"@id":"https:\/\/librarie.peles.ro\/product\/castelul-peles-arhitectura-si-arta\/#primaryimage"},"thumbnailUrl":"https:\/\/librarie.peles.ro\/wp-content\/uploads\/2025\/07\/Coperta_CP_AA.jpg","datePublished":"2025-07-29T10:34:54+00:00","dateModified":"2025-10-20T17:00:48+00:00","breadcrumb":{"@id":"https:\/\/librarie.peles.ro\/product\/castelul-peles-arhitectura-si-arta\/#breadcrumb"},"inLanguage":"en-GB","potentialAction":[{"@type":"ReadAction","target":["https:\/\/librarie.peles.ro\/product\/castelul-peles-arhitectura-si-arta\/"]}]},{"@type":"ImageObject","inLanguage":"en-GB","@id":"https:\/\/librarie.peles.ro\/product\/castelul-peles-arhitectura-si-arta\/#primaryimage","url":"https:\/\/librarie.peles.ro\/wp-content\/uploads\/2025\/07\/Coperta_CP_AA.jpg","contentUrl":"https:\/\/librarie.peles.ro\/wp-content\/uploads\/2025\/07\/Coperta_CP_AA.jpg","width":772,"height":948},{"@type":"BreadcrumbList","@id":"https:\/\/librarie.peles.ro\/product\/castelul-peles-arhitectura-si-arta\/#breadcrumb","itemListElement":[{"@type":"ListItem","position":1,"name":"Home","item":"https:\/\/librarie.peles.ro\/ro\/"},{"@type":"ListItem","position":2,"name":"Shop","item":"https:\/\/librarie.peles.ro\/ro\/shop\/"},{"@type":"ListItem","position":3,"name":"Castelul Pele\u0219. Arhitectur\u0103 \u0219i Art\u0103"}]},{"@type":"WebSite","@id":"https:\/\/librarie.peles.ro\/ro\/#website","url":"https:\/\/librarie.peles.ro\/ro\/","name":"Libr\u0103rie","description":"Muzeul Na\u021bional Pele\u0219","publisher":{"@id":"https:\/\/librarie.peles.ro\/ro\/#organization"},"potentialAction":[{"@type":"SearchAction","target":{"@type":"EntryPoint","urlTemplate":"https:\/\/librarie.peles.ro\/ro\/?s={search_term_string}"},"query-input":{"@type":"PropertyValueSpecification","valueRequired":true,"valueName":"search_term_string"}}],"inLanguage":"en-GB"},{"@type":"Organization","@id":"https:\/\/librarie.peles.ro\/ro\/#organization","name":"Libr\u0103rie","url":"https:\/\/librarie.peles.ro\/ro\/","logo":{"@type":"ImageObject","inLanguage":"en-GB","@id":"https:\/\/librarie.peles.ro\/ro\/#\/schema\/logo\/image\/","url":"https:\/\/librarie.peles.ro\/wp-content\/uploads\/2025\/01\/Logo-1.png","contentUrl":"https:\/\/librarie.peles.ro\/wp-content\/uploads\/2025\/01\/Logo-1.png","width":1046,"height":200,"caption":"Libr\u0103rie"},"image":{"@id":"https:\/\/librarie.peles.ro\/ro\/#\/schema\/logo\/image\/"},"sameAs":["https:\/\/www.facebook.com\/muzeulnationalpeles","https:\/\/x.com\/MuzeulP","https:\/\/www.instagram.com\/muzeul_national_peles\/","https:\/\/www.youtube.com\/@muzeulnationalpeles7162","https:\/\/www.tiktok.com\/@muzeulnationalpeles"]}]}},"_links":{"self":[{"href":"https:\/\/librarie.peles.ro\/en\/wp-json\/wp\/v2\/product\/2241","targetHints":{"allow":["GET"]}}],"collection":[{"href":"https:\/\/librarie.peles.ro\/en\/wp-json\/wp\/v2\/product"}],"about":[{"href":"https:\/\/librarie.peles.ro\/en\/wp-json\/wp\/v2\/types\/product"}],"replies":[{"embeddable":true,"href":"https:\/\/librarie.peles.ro\/en\/wp-json\/wp\/v2\/comments?post=2241"}],"version-history":[{"count":5,"href":"https:\/\/librarie.peles.ro\/en\/wp-json\/wp\/v2\/product\/2241\/revisions"}],"predecessor-version":[{"id":2247,"href":"https:\/\/librarie.peles.ro\/en\/wp-json\/wp\/v2\/product\/2241\/revisions\/2247"}],"wp:featuredmedia":[{"embeddable":true,"href":"https:\/\/librarie.peles.ro\/en\/wp-json\/wp\/v2\/media\/2242"}],"wp:attachment":[{"href":"https:\/\/librarie.peles.ro\/en\/wp-json\/wp\/v2\/media?parent=2241"}],"wp:term":[{"taxonomy":"product_brand","embeddable":true,"href":"https:\/\/librarie.peles.ro\/en\/wp-json\/wp\/v2\/product_brand?post=2241"},{"taxonomy":"product_cat","embeddable":true,"href":"https:\/\/librarie.peles.ro\/en\/wp-json\/wp\/v2\/product_cat?post=2241"},{"taxonomy":"product_tag","embeddable":true,"href":"https:\/\/librarie.peles.ro\/en\/wp-json\/wp\/v2\/product_tag?post=2241"}],"curies":[{"name":"wp","href":"https:\/\/api.w.org\/{rel}","templated":true}]}}